{"id":37150,"date":"2025-02-20T23:37:01","date_gmt":"2025-02-20T22:37:01","guid":{"rendered":"http:\/\/olemosaic.com\/producto\/bol-de-coco-azul-toro-4\/"},"modified":"2025-07-25T19:49:00","modified_gmt":"2025-07-25T17:49:00","slug":"taca-de-coco-azul-touro-4","status":"publish","type":"product","link":"https:\/\/olemosaic.com\/pt-pt\/produto\/taca-de-coco-azul-touro-4\/","title":{"rendered":"Ta\u00e7a de coco azul. Touro. Padr\u00e3o cora\u00e7\u00f5es."},"content":{"rendered":"<p>Esta ta\u00e7a de coco azul, adornada com um emblem\u00e1tico touro, \u00e9 uma pe\u00e7a singular que encapsula a rica cultura espanhola. Fabricada de forma artesanal, o recipiente apresenta um design encantador no seu interior, onde predominam os tons azuis que evocam o mar Mediterr\u00e2neo, complementados com coloridas formas de cora\u00e7\u00e3o que real\u00e7am a figura central do touro, s\u00edmbolo da tradi\u00e7\u00e3o e do esp\u00edrito espanhol. O contraste entre o acabamento r\u00fastico do coco e as cores vivas confere-lhe um ar aut\u00eantico e acolhedor, tornando-a um elemento ideal tanto para a decora\u00e7\u00e3o da casa como para servir aperitivos.<\/p>\n<p>A figura do touro, muito presente em festivais e touradas, presta homenagem \u00e0 ess\u00eancia da Pen\u00ednsula Ib\u00e9rica, fazendo desta ta\u00e7a uma lembran\u00e7a perfeita para quem procura levar um peda\u00e7o de Espanha. A sua versatilidade permite us\u00e1-la como centro de mesa ou para guardar objetos pequenos, acrescentando um toque de cultura e eleg\u00e2ncia a qualquer espa\u00e7o.<\/p>\n<p>Na Ol\u00e9 Mosaic, distribuidores de lembran\u00e7as por grosso, esta ta\u00e7a de coco azul \u00e9 uma excelente op\u00e7\u00e3o para lojas de presentes tur\u00edsticos que desejem oferecer produtos aut\u00eanticos e cheios de significado. Com o seu design singular e a sua liga\u00e7\u00e3o cultural, esta lembran\u00e7a posiciona-se como uma recorda\u00e7\u00e3o ideal para turistas que procuram artigos distintivos da sua visita a Espanha.<\/p>\n","protected":false},"excerpt":{"rendered":"<p>Ta\u00e7a de coco azul decorada com um emblem\u00e1tico touro, s\u00edmbolo da cultura espanhola. Este recipiente apresenta um design atraente no seu interior, com um acabamento em tons azuis e coloridas formas de cora\u00e7\u00e3o que rodeiam a figura do touro. Elaborada em coco, esta ta\u00e7a combina t\u00e9cnicas artesanais que lhe conferem um toque r\u00fastico e aut\u00eantico, perfeito para acrescentar um elemento distintivo \u00e0 sua casa. Ideal para uso decorativo ou como ta\u00e7a para aperitivos.<\/p>\n","protected":false},"featured_media":13494,"template":"","meta":{"_acf_changed":false},"product_brand":[],"product_cat":[513],"product_tag":[516],"class_list":{"0":"post-37150","1":"product","2":"type-product","3":"status-publish","4":"has-post-thumbnail","6":"product_cat-bols","7":"product_tag-animais","8":"pa_motivo-touros","10":"first","11":"instock","12":"shipping-taxable","13":"product-type-simple"},"acf":[],"_links":{"self":[{"href":"https:\/\/olemosaic.com\/pt-pt\/wp-json\/wp\/v2\/product\/37150","targetHints":{"allow":["GET"]}}],"collection":[{"href":"https:\/\/olemosaic.com\/pt-pt\/wp-json\/wp\/v2\/product"}],"about":[{"href":"https:\/\/olemosaic.com\/pt-pt\/wp-json\/wp\/v2\/types\/product"}],"wp:featuredmedia":[{"embeddable":true,"href":"https:\/\/olemosaic.com\/pt-pt\/wp-json\/wp\/v2\/media\/13494"}],"wp:attachment":[{"href":"https:\/\/olemosaic.com\/pt-pt\/wp-json\/wp\/v2\/media?parent=37150"}],"wp:term":[{"taxonomy":"product_brand","embeddable":true,"href":"https:\/\/olemosaic.com\/pt-pt\/wp-json\/wp\/v2\/product_brand?post=37150"},{"taxonomy":"product_cat","embeddable":true,"href":"https:\/\/olemosaic.com\/pt-pt\/wp-json\/wp\/v2\/product_cat?post=37150"},{"taxonomy":"product_tag","embeddable":true,"href":"https:\/\/olemosaic.com\/pt-pt\/wp-json\/wp\/v2\/product_tag?post=37150"}],"curies":[{"name":"wp","href":"https:\/\/api.w.org\/{rel}","templated":true}]}}