{"id":37149,"date":"2025-02-20T23:37:01","date_gmt":"2025-02-20T22:37:01","guid":{"rendered":"http:\/\/olemosaic.com\/producto\/bol-de-coco-azul-toro-3\/"},"modified":"2025-07-25T20:13:14","modified_gmt":"2025-07-25T18:13:14","slug":"taca-de-coco-azul-touro-3","status":"publish","type":"product","link":"https:\/\/olemosaic.com\/pt-pt\/produto\/taca-de-coco-azul-touro-3\/","title":{"rendered":"Ta\u00e7a de coco azul. Touro. Padr\u00e3o c\u00edrculos."},"content":{"rendered":"<p>Esta ta\u00e7a de coco azul, decorada com um emblem\u00e1tico touro, \u00e9 uma aut\u00eantica joia do artesanato espanhol que capta a ess\u00eancia da cultura ib\u00e9rica. O seu design apresenta um belo fundo em tons azuis, onde se destacam mosaicos circulares que criam um efeito visual cativante, evocativo da beleza do Mediterr\u00e2neo. No centro, a imagem do touro, pintada num elegante castanho, simboliza a fortaleza e o esp\u00edrito indom\u00e1vel da tradi\u00e7\u00e3o taurom\u00e1quica, um aspeto ic\u00f3nico da cultura espanhola.<\/p>\n<p>A superf\u00edcie brilhante da ta\u00e7a real\u00e7a os detalhes do mosaico, tornando-a um atraente objeto decorativo, ideal para embelezar qualquer canto da casa ou para usar como recipiente de pequenos objetos. Esta ta\u00e7a n\u00e3o s\u00f3 \u00e9 funcional, como tamb\u00e9m serve como uma magn\u00edfica lembran\u00e7a que celebra a autenticidade e a diversidade cultural de Espanha, tornando-a um presente perfeito para turistas que procuram uma recorda\u00e7\u00e3o representativa.<\/p>\n<p>Na Ol\u00e9 Mosaic, orgulhamo-nos de oferecer produtos t\u00edpicos como esta ta\u00e7a de coco, que reflete a rica heran\u00e7a artesanal do pa\u00eds. Este tipo de lembran\u00e7a \u00e9 uma excelente op\u00e7\u00e3o para lojas de presentes tur\u00edsticos que desejam impressionar os seus clientes com artigos \u00fanicos e carregados de significado cultural.<\/p>\n","protected":false},"excerpt":{"rendered":"<p>Ta\u00e7a de coco azul decorada com um emblem\u00e1tico touro, s\u00edmbolo da cultura espanhola. Esta atraente ta\u00e7a apresenta um design em tons azuis com um acabamento brilhante que real\u00e7a os motivos de mosaico em forma de c\u00edrculos. A imagem do touro, pintada em cor castanha, situa-se no centro, acrescentando um encanto tradicional. Ideal para uso decorativo ou como recipiente para pequenos objetos, esta ta\u00e7a combina artesanato e um toque aut\u00eantico espanhol.<\/p>\n","protected":false},"featured_media":11957,"template":"","meta":{"_acf_changed":false},"product_brand":[],"product_cat":[513],"product_tag":[516],"class_list":{"0":"post-37149","1":"product","2":"type-product","3":"status-publish","4":"has-post-thumbnail","6":"product_cat-bols","7":"product_tag-animais","8":"pa_motivo-touros","10":"first","11":"instock","12":"shipping-taxable","13":"product-type-simple"},"acf":[],"_links":{"self":[{"href":"https:\/\/olemosaic.com\/pt-pt\/wp-json\/wp\/v2\/product\/37149","targetHints":{"allow":["GET"]}}],"collection":[{"href":"https:\/\/olemosaic.com\/pt-pt\/wp-json\/wp\/v2\/product"}],"about":[{"href":"https:\/\/olemosaic.com\/pt-pt\/wp-json\/wp\/v2\/types\/product"}],"wp:featuredmedia":[{"embeddable":true,"href":"https:\/\/olemosaic.com\/pt-pt\/wp-json\/wp\/v2\/media\/11957"}],"wp:attachment":[{"href":"https:\/\/olemosaic.com\/pt-pt\/wp-json\/wp\/v2\/media?parent=37149"}],"wp:term":[{"taxonomy":"product_brand","embeddable":true,"href":"https:\/\/olemosaic.com\/pt-pt\/wp-json\/wp\/v2\/product_brand?post=37149"},{"taxonomy":"product_cat","embeddable":true,"href":"https:\/\/olemosaic.com\/pt-pt\/wp-json\/wp\/v2\/product_cat?post=37149"},{"taxonomy":"product_tag","embeddable":true,"href":"https:\/\/olemosaic.com\/pt-pt\/wp-json\/wp\/v2\/product_tag?post=37149"}],"curies":[{"name":"wp","href":"https:\/\/api.w.org\/{rel}","templated":true}]}}