{"id":37147,"date":"2025-02-20T23:37:00","date_gmt":"2025-02-20T22:37:00","guid":{"rendered":"http:\/\/olemosaic.com\/producto\/bol-de-coco-azul-flor-5\/"},"modified":"2025-07-25T18:53:06","modified_gmt":"2025-07-25T16:53:06","slug":"taca-de-coco-azul-flor-5","status":"publish","type":"product","link":"https:\/\/olemosaic.com\/pt-pt\/produto\/taca-de-coco-azul-flor-5\/","title":{"rendered":"Ta\u00e7a de coco azul. Flor. Fundo azul."},"content":{"rendered":"<p>Esta ta\u00e7a de coco azul decorada \u00e9 uma obra-prima do artesanato espanhol que combina eleg\u00e2ncia e tradi\u00e7\u00e3o. Com um vibrante fundo azul que evoca a beleza do Mediterr\u00e2neo, a ta\u00e7a apresenta um delicado motivo floral em tons dourados e creme que se destaca com um esplendor excecional. A flor central, desenhada com p\u00e9talas douradas, \u00e9 um s\u00edmbolo da riqueza natural que caracteriza muitas regi\u00f5es de Espanha, refletindo a harmonia entre a arte e a natureza.<\/p>\n<p>Cada ta\u00e7a \u00e9 o resultado de uma t\u00e9cnica artesanal que garante a singularidade de cada pe\u00e7a, tornando-a uma recorda\u00e7\u00e3o aut\u00eantica e representativa da cultura espanhola. O seu design, ideal para ser utilizado como centro de mesa ou elemento decorativo, confere um toque quente e acolhedor a qualquer espa\u00e7o, tornando-a um objeto tanto funcional como est\u00e9tico. Al\u00e9m disso, esta ta\u00e7a de coco \u00e9 perfeita tanto para quem procura lembran\u00e7as de qualidade como para aqueles que apreciam a arte e a rica cultura de Espanha.<\/p>\n<p>Na Ol\u00e9 Mosaic orgulhamo-nos de oferecer lembran\u00e7as de qualidade por grosso, sendo uma magn\u00edfica op\u00e7\u00e3o para lojas de presentes tur\u00edsticos que desejem ampliar a sua oferta com produtos enraizados na tradi\u00e7\u00e3o. Esta ta\u00e7a de coco azul \u00e9, sem d\u00favida, uma excelente escolha para os turistas que procuram levar um peda\u00e7o da aut\u00eantica Espanha.<\/p>\n","protected":false},"excerpt":{"rendered":"<p>Ta\u00e7a de coco azul decorada com um delicado motivo floral em tons dourados. Esta elegante ta\u00e7a, fabricada de forma artesanal, apresenta um vibrante fundo azul que real\u00e7a a bela flor central, composta por p\u00e9talas douradas e creme. Ideal para decorar ou como centro de mesa, o seu design, inspirado na natureza, confere um toque quente e acolhedor a qualquer espa\u00e7o. Perfeita para quem aprecia a arte e a cultura espanhola.<\/p>\n","protected":false},"featured_media":10080,"template":"","meta":{"_acf_changed":false},"product_brand":[],"product_cat":[513],"product_tag":[],"class_list":{"0":"post-37147","1":"product","2":"type-product","3":"status-publish","4":"has-post-thumbnail","6":"product_cat-bols","7":"pa_motivo-flores","9":"first","10":"instock","11":"shipping-taxable","12":"product-type-simple"},"acf":[],"_links":{"self":[{"href":"https:\/\/olemosaic.com\/pt-pt\/wp-json\/wp\/v2\/product\/37147","targetHints":{"allow":["GET"]}}],"collection":[{"href":"https:\/\/olemosaic.com\/pt-pt\/wp-json\/wp\/v2\/product"}],"about":[{"href":"https:\/\/olemosaic.com\/pt-pt\/wp-json\/wp\/v2\/types\/product"}],"wp:featuredmedia":[{"embeddable":true,"href":"https:\/\/olemosaic.com\/pt-pt\/wp-json\/wp\/v2\/media\/10080"}],"wp:attachment":[{"href":"https:\/\/olemosaic.com\/pt-pt\/wp-json\/wp\/v2\/media?parent=37147"}],"wp:term":[{"taxonomy":"product_brand","embeddable":true,"href":"https:\/\/olemosaic.com\/pt-pt\/wp-json\/wp\/v2\/product_brand?post=37147"},{"taxonomy":"product_cat","embeddable":true,"href":"https:\/\/olemosaic.com\/pt-pt\/wp-json\/wp\/v2\/product_cat?post=37147"},{"taxonomy":"product_tag","embeddable":true,"href":"https:\/\/olemosaic.com\/pt-pt\/wp-json\/wp\/v2\/product_tag?post=37147"}],"curies":[{"name":"wp","href":"https:\/\/api.w.org\/{rel}","templated":true}]}}