{"id":37144,"date":"2025-02-20T23:37:00","date_gmt":"2025-02-20T22:37:00","guid":{"rendered":"http:\/\/olemosaic.com\/producto\/abridor-de-metal-toro-epoxy-4\/"},"modified":"2025-07-25T20:21:46","modified_gmt":"2025-07-25T18:21:46","slug":"abre-capsulas-de-metal-touro-epoxi-4","status":"publish","type":"product","link":"https:\/\/olemosaic.com\/pt-pt\/produto\/abre-capsulas-de-metal-touro-epoxi-4\/","title":{"rendered":"Abre-c\u00e1psulas de metal. Touro. Mosaico. Ep\u00f3xi."},"content":{"rendered":"<p>Este abre-c\u00e1psulas de metal decorado com dois touros de estilo mosaico \u00e9 uma aut\u00eantica representa\u00e7\u00e3o da rica cultura espanhola, perfeito para quem procura uma recorda\u00e7\u00e3o impactante. Fabricado em metal resistente e revestido com resina ep\u00f3xi, este abre-c\u00e1psulas destaca-se pelo seu acabamento vibrante e duradouro que o torna um objeto funcional e uma pequena obra de arte. Os touros, representados em tons intensos e chamativos de vermelho, verde e azul, evocam a tradi\u00e7\u00e3o e a paix\u00e3o que rodeiam estes emblem\u00e1ticos animais na cultura espanhola, simbolizando for\u00e7a e orgulho.<\/p>\n<p>A obra-prima art\u00edstica inspira-se na arte do mosaico, uma t\u00e9cnica ancestral que reflete a riqueza da hist\u00f3ria e do folclore de Espanha. Cada detalhe dos touros, desde as suas curvas elegantes at\u00e9 aos padr\u00f5es intrincados, foi desenhado com meticulosidade para capturar a ess\u00eancia do esp\u00edrito espanhol. Este abre-c\u00e1psulas n\u00e3o \u00e9 apenas uma ferramenta \u00fatil, mas tamb\u00e9m uma recorda\u00e7\u00e3o \u00fanica que liga o utilizador \u00e0s tradi\u00e7\u00f5es e \u00e0 vibrante cultura de Espanha.<\/p>\n<p>Na Ol\u00e9 Mosaic, somos especialistas na distribui\u00e7\u00e3o de recorda\u00e7\u00f5es por grosso, oferecendo produtos aut\u00eanticos e representativos. Este abre-c\u00e1psulas de touros \u00e9 uma excelente op\u00e7\u00e3o para lojas de presentes tur\u00edsticos que procurem artigos que combinem funcionalidade e express\u00e3o cultural, constituindo uma recorda\u00e7\u00e3o inesquec\u00edvel que encantar\u00e1 os visitantes.<\/p>\n","protected":false},"excerpt":{"rendered":"<p>Abre-c\u00e1psulas de metal decorado com dois touros de estilo mosaico, que reflete a rica cultura espanhola. Este atraente abre-c\u00e1psulas \u00e9 fabricado em metal e revestido com resina ep\u00f3xi, o que lhe confere um acabamento vibrante e duradouro. Os touros, representados em tons intensos de vermelho, verde e azul, capturam a ess\u00eancia do folclore espanhol, tornando-o um acess\u00f3rio funcional e chamativo para qualquer amante da tradi\u00e7\u00e3o.<\/p>\n","protected":false},"featured_media":8692,"template":"","meta":{"_acf_changed":false},"product_brand":[],"product_cat":[801],"product_tag":[516],"class_list":{"0":"post-37144","1":"product","2":"type-product","3":"status-publish","4":"has-post-thumbnail","6":"product_cat-abridores","7":"product_tag-animais","8":"pa_motivo-touros","10":"first","11":"instock","12":"shipping-taxable","13":"product-type-simple"},"acf":[],"_links":{"self":[{"href":"https:\/\/olemosaic.com\/pt-pt\/wp-json\/wp\/v2\/product\/37144","targetHints":{"allow":["GET"]}}],"collection":[{"href":"https:\/\/olemosaic.com\/pt-pt\/wp-json\/wp\/v2\/product"}],"about":[{"href":"https:\/\/olemosaic.com\/pt-pt\/wp-json\/wp\/v2\/types\/product"}],"wp:featuredmedia":[{"embeddable":true,"href":"https:\/\/olemosaic.com\/pt-pt\/wp-json\/wp\/v2\/media\/8692"}],"wp:attachment":[{"href":"https:\/\/olemosaic.com\/pt-pt\/wp-json\/wp\/v2\/media?parent=37144"}],"wp:term":[{"taxonomy":"product_brand","embeddable":true,"href":"https:\/\/olemosaic.com\/pt-pt\/wp-json\/wp\/v2\/product_brand?post=37144"},{"taxonomy":"product_cat","embeddable":true,"href":"https:\/\/olemosaic.com\/pt-pt\/wp-json\/wp\/v2\/product_cat?post=37144"},{"taxonomy":"product_tag","embeddable":true,"href":"https:\/\/olemosaic.com\/pt-pt\/wp-json\/wp\/v2\/product_tag?post=37144"}],"curies":[{"name":"wp","href":"https:\/\/api.w.org\/{rel}","templated":true}]}}