{"id":37143,"date":"2025-02-20T23:36:59","date_gmt":"2025-02-20T22:36:59","guid":{"rendered":"http:\/\/olemosaic.com\/producto\/vaso-de-chupito-de-ceramica-salamandra-mallorca-beige\/"},"modified":"2025-07-25T19:53:09","modified_gmt":"2025-07-25T17:53:09","slug":"copo-de-shot-de-ceramica-salamandra-maiorca-bege","status":"publish","type":"product","link":"https:\/\/olemosaic.com\/pt-pt\/produto\/copo-de-shot-de-ceramica-salamandra-maiorca-bege\/","title":{"rendered":"Copo de shot de cer\u00e2mica. Salamandra. Maiorca. Bege."},"content":{"rendered":"<p>Este copo de shot de cer\u00e2mica decorado com salamandras coloridas \u00e9 um aut\u00eantico s\u00edmbolo da ess\u00eancia de Maiorca. Dispon\u00edvel em seis cores vibrantes, este atraente copo foi desenhado com um artesanato meticuloso que inclui um belo padr\u00e3o pintado \u00e0 m\u00e3o de salamandras e flores sobre um fundo bege, criando uma pe\u00e7a \u00fanica e cativante. Cada copo destaca-se pelo seu rebordo superior, com um elegante acabamento em preto que adiciona um contraste subtil, real\u00e7ando o seu apelo visual. A textura suave da cer\u00e2mica, juntamente com a riqueza das cores, torna cada copo perfeito tanto para servir shots como para colecionar. As salamandras, representativas da fauna t\u00edpica da ilha, simbolizam a biodiversidade e o ambiente natural de Maiorca. Este copo de shot n\u00e3o \u00e9 apenas um artigo funcional, mas tamb\u00e9m uma recorda\u00e7\u00e3o cultural que encapsula a beleza e a hist\u00f3ria desta regi\u00e3o mediterr\u00e2nica. Na Ol\u00e9 Mosaic dedicamo-nos \u00e0 distribui\u00e7\u00e3o de recorda\u00e7\u00f5es por grosso, e este copo \u00e9 uma excelente op\u00e7\u00e3o para lojas de presentes tur\u00edsticos que procuram produtos aut\u00eanticos. Sem d\u00favida, \u00e9 uma escolha ideal para turistas que desejem levar um peda\u00e7o de Maiorca para casa.<\/p>\n","protected":false},"excerpt":{"rendered":"<p>Copo de shot de cer\u00e2mica decorado com salamandras coloridas, um reflexo da ess\u00eancia de Maiorca. Este atraente copo, dispon\u00edvel em seis cores vibrantes, apresenta um design artesanal, pintado \u00e0 m\u00e3o, com salamandras e flores sobre um fundo bege. O rebordo superior \u00e9 real\u00e7ado com um acabamento preto, e cada copo destaca-se pela sua textura e cor, prestando homenagem \u00e0 fauna t\u00edpica da ilha. Perfeito para colecionar ou como recorda\u00e7\u00e3o de uma viagem a Maiorca.<\/p>\n","protected":false},"featured_media":7025,"template":"","meta":{"_acf_changed":false},"product_brand":[],"product_cat":[815],"product_tag":[516,515],"class_list":{"0":"post-37143","1":"product","2":"type-product","3":"status-publish","4":"has-post-thumbnail","6":"product_cat-copos-de-shot","7":"product_tag-animais","8":"product_tag-ceramica","9":"pa_ciudad-mallorca","10":"pa_motivo-salamandras","11":"pa_pais-espana","13":"first","14":"instock","15":"shipping-taxable","16":"product-type-simple"},"acf":[],"_links":{"self":[{"href":"https:\/\/olemosaic.com\/pt-pt\/wp-json\/wp\/v2\/product\/37143","targetHints":{"allow":["GET"]}}],"collection":[{"href":"https:\/\/olemosaic.com\/pt-pt\/wp-json\/wp\/v2\/product"}],"about":[{"href":"https:\/\/olemosaic.com\/pt-pt\/wp-json\/wp\/v2\/types\/product"}],"wp:featuredmedia":[{"embeddable":true,"href":"https:\/\/olemosaic.com\/pt-pt\/wp-json\/wp\/v2\/media\/7025"}],"wp:attachment":[{"href":"https:\/\/olemosaic.com\/pt-pt\/wp-json\/wp\/v2\/media?parent=37143"}],"wp:term":[{"taxonomy":"product_brand","embeddable":true,"href":"https:\/\/olemosaic.com\/pt-pt\/wp-json\/wp\/v2\/product_brand?post=37143"},{"taxonomy":"product_cat","embeddable":true,"href":"https:\/\/olemosaic.com\/pt-pt\/wp-json\/wp\/v2\/product_cat?post=37143"},{"taxonomy":"product_tag","embeddable":true,"href":"https:\/\/olemosaic.com\/pt-pt\/wp-json\/wp\/v2\/product_tag?post=37143"}],"curies":[{"name":"wp","href":"https:\/\/api.w.org\/{rel}","templated":true}]}}