{"id":37142,"date":"2025-02-20T22:36:59","date_gmt":"2025-02-20T22:36:59","guid":{"rendered":"http:\/\/olemosaic.com\/producto\/vaso-de-chupito-de-ceramica-ronda-blanco\/"},"modified":"2025-07-25T19:19:08","modified_gmt":"2025-07-25T17:19:08","slug":"copo-de-shot-de-ceramica-ronda-branco","status":"publish","type":"product","link":"https:\/\/olemosaic.com\/pt-pt\/produto\/copo-de-shot-de-ceramica-ronda-branco\/","title":{"rendered":"Copo de shot de cer\u00e2mica. Ronda. Branco."},"content":{"rendered":"<p>Copo de shot de cer\u00e2mica de Ronda<\/p>\n<p>Este impressionante copo de shot de cer\u00e2mica branca, com o seu design vibrante, \u00e9 um aut\u00eantico embaixador do esp\u00edrito andaluz. Presta homenagem \u00e0 rica heran\u00e7a cultural de Ronda, destacando elementos emblem\u00e1ticos desta cidade hist\u00f3rica. \u00c9 uma recorda\u00e7\u00e3o perfeita que evoca a beleza e a tradi\u00e7\u00e3o deste destino tur\u00edstico. O seu mosaico ilustra com sofistica\u00e7\u00e3o a famosa pra\u00e7a de touros, s\u00edmbolo da arte taurom\u00e1quica, juntamente com a arquitetura distintiva de Ronda: as suas ic\u00f3nicas pontes e ruelas calcetadas. Tudo isto, com uma paleta de cores vivas que inclui vermelhos, verdes e azuis.<\/p>\n<p>O copo tamb\u00e9m exibe a inscri\u00e7\u00e3o &#8220;Ronda&#8221; numa cor chamativa, o que garante que esta recorda\u00e7\u00e3o sirva n\u00e3o s\u00f3 como um belo objeto decorativo, mas tamb\u00e9m como uma lembran\u00e7a representativa de uma experi\u00eancia \u00fanica na Andaluzia. \u00c9 uma excelente op\u00e7\u00e3o para turistas que procuram um artigo aut\u00eantico e culturalmente significativo, perfeito para levar um peda\u00e7o de Ronda para casa. Na Ol\u00e9 Mosaic, orgulhamo-nos de ser distribuidores grossistas de recorda\u00e7\u00f5es de cer\u00e2mica, garantindo a qualidade e autenticidade que os nossos clientes valorizam em cada pe\u00e7a. Este copo \u00e9 a escolha perfeita para lojas de presentes tur\u00edsticos que desejem oferecer produtos que reflitam a cultura e a tradi\u00e7\u00e3o espanhola.<\/p>\n","protected":false},"excerpt":{"rendered":"<p>Copo de shot de cer\u00e2mica branca, decorado com um design vibrante que representa elementos emblem\u00e1ticos de Ronda. Este artigo apresenta uma ilustra\u00e7\u00e3o com t\u00e9cnica de mosaico, onde se mostra a famosa pra\u00e7a de touros e a arquitetura caracter\u00edstica da cidade, com detalhes em cores vivas como vermelho, verde e azul. Al\u00e9m disso, pode-se apreciar o nome &#8220;Ronda&#8221; numa cor chamativa num dos seus lados, criando uma recorda\u00e7\u00e3o ideal que evoca o esp\u00edrito andaluz.<\/p>\n","protected":false},"featured_media":9982,"template":"","meta":{"_acf_changed":false},"product_brand":[],"product_cat":[815],"product_tag":[516,515],"class_list":{"0":"post-37142","1":"product","2":"type-product","3":"status-publish","4":"has-post-thumbnail","6":"product_cat-copos-de-shot","7":"product_tag-animais","8":"product_tag-ceramica","9":"pa_ciudad-ronda","10":"pa_pais-espana","12":"first","13":"instock","14":"shipping-taxable","15":"product-type-simple"},"acf":[],"_links":{"self":[{"href":"https:\/\/olemosaic.com\/pt-pt\/wp-json\/wp\/v2\/product\/37142","targetHints":{"allow":["GET"]}}],"collection":[{"href":"https:\/\/olemosaic.com\/pt-pt\/wp-json\/wp\/v2\/product"}],"about":[{"href":"https:\/\/olemosaic.com\/pt-pt\/wp-json\/wp\/v2\/types\/product"}],"wp:featuredmedia":[{"embeddable":true,"href":"https:\/\/olemosaic.com\/pt-pt\/wp-json\/wp\/v2\/media\/9982"}],"wp:attachment":[{"href":"https:\/\/olemosaic.com\/pt-pt\/wp-json\/wp\/v2\/media?parent=37142"}],"wp:term":[{"taxonomy":"product_brand","embeddable":true,"href":"https:\/\/olemosaic.com\/pt-pt\/wp-json\/wp\/v2\/product_brand?post=37142"},{"taxonomy":"product_cat","embeddable":true,"href":"https:\/\/olemosaic.com\/pt-pt\/wp-json\/wp\/v2\/product_cat?post=37142"},{"taxonomy":"product_tag","embeddable":true,"href":"https:\/\/olemosaic.com\/pt-pt\/wp-json\/wp\/v2\/product_tag?post=37142"}],"curies":[{"name":"wp","href":"https:\/\/api.w.org\/{rel}","templated":true}]}}