{"id":37141,"date":"2025-02-20T22:36:59","date_gmt":"2025-02-20T22:36:59","guid":{"rendered":"http:\/\/olemosaic.com\/producto\/taza-de-ceramica-punt-de-trobada-beige\/"},"modified":"2025-07-25T18:53:29","modified_gmt":"2025-07-25T16:53:29","slug":"chavena-de-ceramica-punt-de-trobada-bege","status":"publish","type":"product","link":"https:\/\/olemosaic.com\/pt-pt\/produto\/chavena-de-ceramica-punt-de-trobada-bege\/","title":{"rendered":"Ch\u00e1vena de cer\u00e2mica. Punt de trobada. Bege."},"content":{"rendered":"<p>Ch\u00e1vena de cer\u00e2mica decorada com um design de mosaico colorido que captura a ess\u00eancia vibrante da arte regional. Sobre uma base bege que serve de tela para os intensos vermelhos, azuis, verdes e pretos, esta ch\u00e1vena destaca-se n\u00e3o s\u00f3 pela sua funcionalidade, mas tamb\u00e9m como um objeto de arte. As formas abstratas e os detalhes distintivos que adornam o exterior conferem-lhe um toque contempor\u00e2neo, inspirados na rica tradi\u00e7\u00e3o art\u00edstica das zonas mediterr\u00e2nicas, onde o mosaico tem sido uma forma de express\u00e3o cultural durante s\u00e9culos.<\/p>\n<p>Esta ch\u00e1vena inclui uma pr\u00e1tica colher vermelha que, al\u00e9m de adicionar um elemento de conveni\u00eancia, complementa o design colorido, tornando cada momento de degusta\u00e7\u00e3o uma experi\u00eancia visual e sensorial. Ideal para quem procura souvenirs aut\u00eanticos e representativos, esta ch\u00e1vena \u00e9 perfeita para desfrutar de caf\u00e9 ou ch\u00e1, e tamb\u00e9m se torna um elemento decorativo que revive as tradi\u00e7\u00f5es da arte local.<\/p>\n<p>Como distribuidores de souvenirs por grosso na Ol\u00e9 Mosaic, oferecemos esta ch\u00e1vena de cer\u00e2mica como uma op\u00e7\u00e3o ideal para as lojas de presentes tur\u00edsticos que desejem proporcionar aos seus clientes um peda\u00e7o de cultura e criatividade regional. \u00c9 um excelente presente que transcende o funcional, oferecendo uma recorda\u00e7\u00e3o aut\u00eantica que evoca a riqueza art\u00edstica da sua viagem.<\/p>\n","protected":false},"excerpt":{"rendered":"<p>Ch\u00e1vena de cer\u00e2mica decorada com um colorido design de mosaico inspirado na criatividade e na arte da regi\u00e3o. Este modelo apresenta uma base bege que real\u00e7a as vibrantes cores vermelhas, azuis, verdes e pretas do motivo, complementado com formas abstratas e detalhes distintivos. Com uma pr\u00e1tica colher vermelha incorporada, esta ch\u00e1vena \u00e9 ideal para desfrutar das suas bebidas favoritas, adicionando um toque art\u00edstico e cultural a cada gole.<\/p>\n","protected":false},"featured_media":10032,"template":"","meta":{"_acf_changed":false},"product_brand":[],"product_cat":[833],"product_tag":[515],"class_list":{"0":"post-37141","1":"product","2":"type-product","3":"status-publish","4":"has-post-thumbnail","6":"product_cat-canecas","7":"product_tag-ceramica","8":"pa_motivo-punt-de-trobada","10":"first","11":"instock","12":"shipping-taxable","13":"product-type-simple"},"acf":[],"_links":{"self":[{"href":"https:\/\/olemosaic.com\/pt-pt\/wp-json\/wp\/v2\/product\/37141","targetHints":{"allow":["GET"]}}],"collection":[{"href":"https:\/\/olemosaic.com\/pt-pt\/wp-json\/wp\/v2\/product"}],"about":[{"href":"https:\/\/olemosaic.com\/pt-pt\/wp-json\/wp\/v2\/types\/product"}],"wp:featuredmedia":[{"embeddable":true,"href":"https:\/\/olemosaic.com\/pt-pt\/wp-json\/wp\/v2\/media\/10032"}],"wp:attachment":[{"href":"https:\/\/olemosaic.com\/pt-pt\/wp-json\/wp\/v2\/media?parent=37141"}],"wp:term":[{"taxonomy":"product_brand","embeddable":true,"href":"https:\/\/olemosaic.com\/pt-pt\/wp-json\/wp\/v2\/product_brand?post=37141"},{"taxonomy":"product_cat","embeddable":true,"href":"https:\/\/olemosaic.com\/pt-pt\/wp-json\/wp\/v2\/product_cat?post=37141"},{"taxonomy":"product_tag","embeddable":true,"href":"https:\/\/olemosaic.com\/pt-pt\/wp-json\/wp\/v2\/product_tag?post=37141"}],"curies":[{"name":"wp","href":"https:\/\/api.w.org\/{rel}","templated":true}]}}