{"id":37139,"date":"2025-02-20T22:36:59","date_gmt":"2025-02-20T22:36:59","guid":{"rendered":"http:\/\/olemosaic.com\/producto\/mug-de-ceramica-zaragoza-blanco-95-cm\/"},"modified":"2025-07-25T19:28:59","modified_gmt":"2025-07-25T17:28:59","slug":"caneca-de-ceramica-saragoca-branco-9-5-cm","status":"publish","type":"product","link":"https:\/\/olemosaic.com\/pt-pt\/produto\/caneca-de-ceramica-saragoca-branco-9-5-cm\/","title":{"rendered":"Caneca de cer\u00e2mica. Sarago\u00e7a. Branco. 9,5 cm."},"content":{"rendered":"<p>Caneca de cer\u00e2mica decorada com a emblem\u00e1tica Bas\u00edlica do Pilar de Sarago\u00e7a. Esta caneca, de 9,5 cm de altura, destaca-se pelo seu fundo branco luminoso, que contrasta maravilhosamente com os detalhes vibrantes que adornam a sua superf\u00edcie. O design inclui a figura central da Virgem do Pilar, com um manto vermelho resplandecente, rodeada pelas estruturas arquitet\u00f3nicas da bas\u00edlica, tudo representado atrav\u00e9s de uma t\u00e9cnica que evoca a arte do trencad\u00eds. A combina\u00e7\u00e3o de cores intensas e a cuidada ilustra\u00e7\u00e3o tornam esta caneca um souvenir excecional que captura a ess\u00eancia da cultura de Sarago\u00e7a.<\/p>\n<p>Este produto n\u00e3o \u00e9 apenas funcional, mas uma aut\u00eantica homenagem \u00e0 tradi\u00e7\u00e3o e devo\u00e7\u00e3o que rodeiam a Virgem do Pilar, padroeira da cidade. A caneca \u00e9 ideal para quem procura uma recorda\u00e7\u00e3o significativa da sua visita a Sarago\u00e7a, refletindo o calor e a hospitalidade das suas gentes. Na Ol\u00e9 Mosaic, orgulhamo-nos de oferecer souvenirs aut\u00eanticos que representam a rica heran\u00e7a cultural espanhola. Esta caneca de cer\u00e2mica \u00e9 um presente perfeito para turistas, bem como uma magn\u00edfica op\u00e7\u00e3o para lojas de presentes tur\u00edsticos que desejem adicionar \u00e0 sua oferta um produto de grande qualidade e relev\u00e2ncia cultural. Com a nossa distribui\u00e7\u00e3o de souvenirs, garantimos que cada pe\u00e7a conte uma hist\u00f3ria \u00fanica, conservando a autenticidade da tradi\u00e7\u00e3o local.<\/p>\n","protected":false},"excerpt":{"rendered":"<p>Caneca de cer\u00e2mica de 9,5 cm de altura, decorada com um design vibrante que representa a Bas\u00edlica do Pilar de Sarago\u00e7a. Esta caneca branca destaca-se pelo seu fundo branco com detalhes coloridos, incluindo a figura da Virgem do Pilar e o uso de mosaicos que evocam a arte do trencad\u00eds. A combina\u00e7\u00e3o de cores brilhantes e a t\u00e9cnica de ilustra\u00e7\u00e3o fazem deste produto um souvenir \u00fanico e representativo da cultura de Sarago\u00e7a.<\/p>\n","protected":false},"featured_media":9461,"template":"","meta":{"_acf_changed":false},"product_brand":[],"product_cat":[726],"product_tag":[515],"class_list":{"0":"post-37139","1":"product","2":"type-product","3":"status-publish","4":"has-post-thumbnail","6":"product_cat-mugs","7":"product_tag-ceramica","8":"pa_ciudad-zaragoza","9":"pa_pais-espana","11":"first","12":"instock","13":"shipping-taxable","14":"product-type-simple"},"acf":[],"_links":{"self":[{"href":"https:\/\/olemosaic.com\/pt-pt\/wp-json\/wp\/v2\/product\/37139","targetHints":{"allow":["GET"]}}],"collection":[{"href":"https:\/\/olemosaic.com\/pt-pt\/wp-json\/wp\/v2\/product"}],"about":[{"href":"https:\/\/olemosaic.com\/pt-pt\/wp-json\/wp\/v2\/types\/product"}],"wp:featuredmedia":[{"embeddable":true,"href":"https:\/\/olemosaic.com\/pt-pt\/wp-json\/wp\/v2\/media\/9461"}],"wp:attachment":[{"href":"https:\/\/olemosaic.com\/pt-pt\/wp-json\/wp\/v2\/media?parent=37139"}],"wp:term":[{"taxonomy":"product_brand","embeddable":true,"href":"https:\/\/olemosaic.com\/pt-pt\/wp-json\/wp\/v2\/product_brand?post=37139"},{"taxonomy":"product_cat","embeddable":true,"href":"https:\/\/olemosaic.com\/pt-pt\/wp-json\/wp\/v2\/product_cat?post=37139"},{"taxonomy":"product_tag","embeddable":true,"href":"https:\/\/olemosaic.com\/pt-pt\/wp-json\/wp\/v2\/product_tag?post=37139"}],"curies":[{"name":"wp","href":"https:\/\/api.w.org\/{rel}","templated":true}]}}