{"id":37138,"date":"2025-02-20T23:36:58","date_gmt":"2025-02-20T22:36:58","guid":{"rendered":"http:\/\/olemosaic.com\/producto\/mug-de-ceramica-gallos-blanco-95-cm\/"},"modified":"2025-07-25T18:36:01","modified_gmt":"2025-07-25T16:36:01","slug":"caneca-de-ceramica-galos-branco-9-5-cm","status":"publish","type":"product","link":"https:\/\/olemosaic.com\/pt-pt\/produto\/caneca-de-ceramica-galos-branco-9-5-cm\/","title":{"rendered":"Caneca de cer\u00e2mica. Galos. Branco. 9,5 cm."},"content":{"rendered":"<p>Caneca de cer\u00e2mica branca de 9,5 cm adornada com um design vibrante de galo, um s\u00edmbolo ic\u00f3nico da cultura portuguesa. Esta encantadora caneca apresenta um galo pintado \u00e0 m\u00e3o em vermelho, preto e azul, que se destaca sobre um fundo branco decorado com delicados motivos de cora\u00e7\u00f5es e flores. O galo, elemento emblem\u00e1tico do folclore portugu\u00eas, est\u00e1 associado \u00e0 lenda do &#8220;Galo de Barcelos&#8221;, que representa a justi\u00e7a e a fe\u00e3o, tornando-se um s\u00edmbolo de boa sorte. A asa da caneca, engenhosamente esculpida em forma de galo, confere um toque decorativo distintivo, al\u00e9m de ser funcional. Com um design alegre e distintivo, esta caneca \u00e9 mais do que um simples objeto de uso di\u00e1rio: \u00e9 uma aut\u00eantica recorda\u00e7\u00e3o que encapsula a ess\u00eancia cultural de Portugal. Ideal para turistas que desejem levar um peda\u00e7o da tradi\u00e7\u00e3o lusitana para casa, esta caneca de cer\u00e2mica \u00e9 uma excelente op\u00e7\u00e3o de presente, perfeita para lojas de souvenirs que procurem oferecer produtos aut\u00eanticos e significativos. Na Ol\u00e9 Mosaic, como grossistas de artigos t\u00edpicos, garantimos a qualidade e singularidade de cada um dos nossos souvenirs de cer\u00e2mica.<\/p>\n","protected":false},"excerpt":{"rendered":"<p>Caneca de cer\u00e2mica branca de 9,5 cm adornada com um design vibrante de galo, s\u00edmbolo ic\u00f3nico da cultura portuguesa. Esta bonita caneca apresenta um galo de design artesanal, pintado \u00e0 m\u00e3o, em vermelho, preto e azul, complementado com motivos de cora\u00e7\u00f5es e flores, o que lhe confere um toque alegre e distintivo. A asa da caneca foi desenhada para simular a forma de um galo, conferindo um elemento decorativo original a este produto \u00fatil e encantador.<\/p>\n","protected":false},"featured_media":8917,"template":"","meta":{"_acf_changed":false},"product_brand":[],"product_cat":[726],"product_tag":[516,515],"class_list":{"0":"post-37138","1":"product","2":"type-product","3":"status-publish","4":"has-post-thumbnail","6":"product_cat-mugs","7":"product_tag-animais","8":"product_tag-ceramica","9":"pa_motivo-galos","11":"first","12":"instock","13":"shipping-taxable","14":"product-type-simple"},"acf":[],"_links":{"self":[{"href":"https:\/\/olemosaic.com\/pt-pt\/wp-json\/wp\/v2\/product\/37138","targetHints":{"allow":["GET"]}}],"collection":[{"href":"https:\/\/olemosaic.com\/pt-pt\/wp-json\/wp\/v2\/product"}],"about":[{"href":"https:\/\/olemosaic.com\/pt-pt\/wp-json\/wp\/v2\/types\/product"}],"wp:featuredmedia":[{"embeddable":true,"href":"https:\/\/olemosaic.com\/pt-pt\/wp-json\/wp\/v2\/media\/8917"}],"wp:attachment":[{"href":"https:\/\/olemosaic.com\/pt-pt\/wp-json\/wp\/v2\/media?parent=37138"}],"wp:term":[{"taxonomy":"product_brand","embeddable":true,"href":"https:\/\/olemosaic.com\/pt-pt\/wp-json\/wp\/v2\/product_brand?post=37138"},{"taxonomy":"product_cat","embeddable":true,"href":"https:\/\/olemosaic.com\/pt-pt\/wp-json\/wp\/v2\/product_cat?post=37138"},{"taxonomy":"product_tag","embeddable":true,"href":"https:\/\/olemosaic.com\/pt-pt\/wp-json\/wp\/v2\/product_tag?post=37138"}],"curies":[{"name":"wp","href":"https:\/\/api.w.org\/{rel}","templated":true}]}}