{"id":37137,"date":"2025-02-20T22:36:58","date_gmt":"2025-02-20T22:36:58","guid":{"rendered":"http:\/\/olemosaic.com\/producto\/tapon-de-ceramica-barcelona-blanco\/"},"modified":"2025-07-25T18:58:04","modified_gmt":"2025-07-25T16:58:04","slug":"rolha-de-ceramica-barcelona-branco","status":"publish","type":"product","link":"https:\/\/olemosaic.com\/pt-pt\/produto\/rolha-de-ceramica-barcelona-branco\/","title":{"rendered":"Rolha de cer\u00e2mica. Barcelona. Branco."},"content":{"rendered":"<p>Rolha de cer\u00e2mica decorada com uma ilustra\u00e7\u00e3o vibrante de Barcelona. Esta encantadora rolha \u00e9 uma verdadeira homenagem \u00e0 riqueza cultural e arquitet\u00f3nica da Cidade Condal. Com um design colorido que inclui os ic\u00f3nicos edif\u00edcios modernistas, como a Sagrada Fam\u00edlia, este produto real\u00e7a as caracter\u00edsticas arquitet\u00f3nicas mais distintivas de Barcelona, tornando-se uma excelente recorda\u00e7\u00e3o representativa. A base de cer\u00e2mica, sobre um fundo branco, emoldura com eleg\u00e2ncia as cores vivas do design, criando um contraste visual atraente que capta a aten\u00e7\u00e3o e evoca a beleza de Barcelona.<\/p>\n<p>Al\u00e9m de ser uma pe\u00e7a decorativa, a rolha \u00e9 funcional, gra\u00e7as \u00e0 sua base de corti\u00e7a que assegura um fecho perfeito em garrafas, o que a torna um presente pr\u00e1tico para aqueles que desejam levar um pedacinho da cidade para casa. Este souvenir \u00e9 ideal para turistas que procuram uma recorda\u00e7\u00e3o aut\u00eantica que represente a ess\u00eancia de Barcelona. Na Ol\u00e9 Mosaic, como distribuidores de souvenirs, oferecemos produtos de qualidade que refletem a cultura e a arte locais. Esta rolha de cer\u00e2mica \u00e9 uma op\u00e7\u00e3o perfeita para lojas de presentes tur\u00edsticos que desejem oferecer artigos \u00fanicos e significativos aos seus clientes.<\/p>\n","protected":false},"excerpt":{"rendered":"<p>Rolha de cer\u00e2mica decorada com uma ilustra\u00e7\u00e3o vibrante de Barcelona. Esta encantadora rolha apresenta um design colorido que inclui os ic\u00f3nicos edif\u00edcios modernistas da cidade, como a Sagrada Fam\u00edlia, real\u00e7ando as suas caracter\u00edsticas arquitet\u00f3nicas. O fundo branco emoldura as cores vivas do design, criando um contraste atraente. A sua base de corti\u00e7a assegura um fecho perfeito, tornando-a um souvenir funcional que captura a ess\u00eancia cultural de Barcelona.<\/p>\n","protected":false},"featured_media":9513,"template":"","meta":{"_acf_changed":false},"product_brand":[],"product_cat":[831],"product_tag":[515],"class_list":{"0":"post-37137","1":"product","2":"type-product","3":"status-publish","4":"has-post-thumbnail","6":"product_cat-rolhas","7":"product_tag-ceramica","8":"pa_ciudad-barcelona","9":"pa_pais-espana","11":"first","12":"instock","13":"shipping-taxable","14":"product-type-simple"},"acf":[],"_links":{"self":[{"href":"https:\/\/olemosaic.com\/pt-pt\/wp-json\/wp\/v2\/product\/37137","targetHints":{"allow":["GET"]}}],"collection":[{"href":"https:\/\/olemosaic.com\/pt-pt\/wp-json\/wp\/v2\/product"}],"about":[{"href":"https:\/\/olemosaic.com\/pt-pt\/wp-json\/wp\/v2\/types\/product"}],"wp:featuredmedia":[{"embeddable":true,"href":"https:\/\/olemosaic.com\/pt-pt\/wp-json\/wp\/v2\/media\/9513"}],"wp:attachment":[{"href":"https:\/\/olemosaic.com\/pt-pt\/wp-json\/wp\/v2\/media?parent=37137"}],"wp:term":[{"taxonomy":"product_brand","embeddable":true,"href":"https:\/\/olemosaic.com\/pt-pt\/wp-json\/wp\/v2\/product_brand?post=37137"},{"taxonomy":"product_cat","embeddable":true,"href":"https:\/\/olemosaic.com\/pt-pt\/wp-json\/wp\/v2\/product_cat?post=37137"},{"taxonomy":"product_tag","embeddable":true,"href":"https:\/\/olemosaic.com\/pt-pt\/wp-json\/wp\/v2\/product_tag?post=37137"}],"curies":[{"name":"wp","href":"https:\/\/api.w.org\/{rel}","templated":true}]}}