{"id":37132,"date":"2025-02-20T23:36:57","date_gmt":"2025-02-20T22:36:57","guid":{"rendered":"http:\/\/olemosaic.com\/producto\/6-vasos-de-chupito-de-vidrio-metalizado-11\/"},"modified":"2025-07-25T19:01:58","modified_gmt":"2025-07-25T17:01:58","slug":"6-copos-de-shot-de-vidro-metalizado-salamandra-tenerife","status":"publish","type":"product","link":"https:\/\/olemosaic.com\/pt-pt\/produto\/6-copos-de-shot-de-vidro-metalizado-salamandra-tenerife\/","title":{"rendered":"6 copos de shot de vidro metalizado. Salamandra. Tenerife."},"content":{"rendered":"<p>Conjunto de seis copos de shot de vidro metalizado, uma escolha perfeita para desfrutar das suas bebidas favoritas com um toque can\u00e1rio que real\u00e7a a beleza das Ilhas Can\u00e1rias. Cada copo, elaborado em cristal transparente, apresenta um rebordo metalizado em cores vibrantes como vermelho, verde, azul e roxo, criando uma atraente variedade que capta a luz e adiciona um ar festivo a qualquer ocasi\u00e3o. O detalhe distintivo em cada copo \u00e9 o encantador design de lagartos em relevo, s\u00edmbolo da rica fauna de Tenerife, que se destaca tanto pela sua singularidade como pela sua liga\u00e7\u00e3o com a natureza da ilha.<\/p>\n<p>Este conjunto n\u00e3o s\u00f3 \u00e9 pr\u00e1tico, como tamb\u00e9m representa uma recorda\u00e7\u00e3o aut\u00eantica de Tenerife, ideal para quem deseja levar um peda\u00e7o destas maravilhosas ilhas para casa. Os copos s\u00e3o perfeitos para qualquer celebra\u00e7\u00e3o, seja um brinde com amigos ou uma reuni\u00e3o familiar, proporcionando um toque distintivo e cultural \u00e0 experi\u00eancia. Na Ol\u00e9 Mosaic, especializamo-nos na distribui\u00e7\u00e3o de recorda\u00e7\u00f5es por grosso e este conjunto de copos de shot \u00e9 uma excelente op\u00e7\u00e3o para lojas de presentes tur\u00edsticos que procuram oferecer produtos representativos e de qualidade. Com o seu design colorido e a sua relev\u00e2ncia cultural, estes copos de shot s\u00e3o o presente ideal para quem procura recorda\u00e7\u00f5es de Tenerife que reflitam a autenticidade e beleza desta m\u00e1gica regi\u00e3o.<\/p>\n","protected":false},"excerpt":{"rendered":"<p>Conjunto de seis copos de shot de vidro metalizado, perfeitos para desfrutar das suas bebidas favoritas com um toque can\u00e1rio. Cada copo apresenta uma cor diferente no rebordo, com chamativos designs de lagartos em relevo que evocam a fauna de Tenerife. Os copos s\u00e3o de vidro transparente, mostrando a vibrante combina\u00e7\u00e3o de cores que v\u00e3o do vermelho ao azul, criando uma atraente variedade. Uma recorda\u00e7\u00e3o ideal para levar o esp\u00edrito das Ilhas Can\u00e1rias para o seu lar.<\/p>\n","protected":false},"featured_media":11213,"template":"","meta":{"_acf_changed":false},"product_brand":[],"product_cat":[815],"product_tag":[],"class_list":{"0":"post-37132","1":"product","2":"type-product","3":"status-publish","4":"has-post-thumbnail","6":"product_cat-copos-de-shot","7":"pa_ciudad-tenerife","8":"pa_motivo-salamandras","9":"pa_pais-espana","11":"first","12":"instock","13":"shipping-taxable","14":"product-type-simple"},"acf":[],"_links":{"self":[{"href":"https:\/\/olemosaic.com\/pt-pt\/wp-json\/wp\/v2\/product\/37132","targetHints":{"allow":["GET"]}}],"collection":[{"href":"https:\/\/olemosaic.com\/pt-pt\/wp-json\/wp\/v2\/product"}],"about":[{"href":"https:\/\/olemosaic.com\/pt-pt\/wp-json\/wp\/v2\/types\/product"}],"wp:featuredmedia":[{"embeddable":true,"href":"https:\/\/olemosaic.com\/pt-pt\/wp-json\/wp\/v2\/media\/11213"}],"wp:attachment":[{"href":"https:\/\/olemosaic.com\/pt-pt\/wp-json\/wp\/v2\/media?parent=37132"}],"wp:term":[{"taxonomy":"product_brand","embeddable":true,"href":"https:\/\/olemosaic.com\/pt-pt\/wp-json\/wp\/v2\/product_brand?post=37132"},{"taxonomy":"product_cat","embeddable":true,"href":"https:\/\/olemosaic.com\/pt-pt\/wp-json\/wp\/v2\/product_cat?post=37132"},{"taxonomy":"product_tag","embeddable":true,"href":"https:\/\/olemosaic.com\/pt-pt\/wp-json\/wp\/v2\/product_tag?post=37132"}],"curies":[{"name":"wp","href":"https:\/\/api.w.org\/{rel}","templated":true}]}}