{"id":37130,"date":"2025-02-20T23:36:57","date_gmt":"2025-02-20T22:36:57","guid":{"rendered":"http:\/\/olemosaic.com\/producto\/4-bols-de-coco-de-13-x-6-cm-salamandra-mallorca-3\/"},"modified":"2025-07-25T20:15:04","modified_gmt":"2025-07-25T18:15:04","slug":"4-tacas-de-coco-de-13-x-6-cm-salamandra-maiorca-3","status":"publish","type":"product","link":"https:\/\/olemosaic.com\/pt-pt\/produto\/4-tacas-de-coco-de-13-x-6-cm-salamandra-maiorca-3\/","title":{"rendered":"4 Ta\u00e7as de coco de 13 x 6 cm. Salamandra. Azul, vermelho, laranja e dourado. Maiorca."},"content":{"rendered":"<p>Conjunto de quatro ta\u00e7as de coco inspiradas na fauna de Maiorca. Este conjunto \u00fanico de ta\u00e7as, cada uma com um di\u00e2metro de 13 cm e uma altura de 6 cm, \u00e9 uma fus\u00e3o perfeita de arte e funcionalidade. Cada pe\u00e7a apresenta um vibrante jogo de cores: azul, vermelho, laranja e dourado, que evocam a luminosidade e o encanto da paisagem maiorquina. A superf\u00edcie das ta\u00e7as tem um revestimento que simula uma textura de malha, acrescentando um elemento visual e t\u00e1til fascinante. No centro de cada ta\u00e7a, um estampado distintivo de uma salamandra, s\u00edmbolo da biodiversidade local, \u00e9 acompanhado pela palavra &#8220;MALLORCA&#8221; em dourado, real\u00e7ando a autenticidade e o enraizamento cultural do produto.<\/p>\n<p>Estas ta\u00e7as s\u00e3o ideais para servir aperitivos, mas tamb\u00e9m podem funcionar como uma cativante pe\u00e7a decorativa em qualquer casa, conferindo um toque artesanal e colorido que recorda a beleza de Maiorca. Como souvenirs, capturam a ess\u00eancia desta bela ilha, tornando-se presentes perfeitos para turistas que procuram recordar a sua viagem. Na Ol\u00e9 Mosaic, reconhecemos a import\u00e2ncia de oferecer souvenirs aut\u00eanticos que reflitam a cultura local, e este conjunto de ta\u00e7as de coco \u00e9 a op\u00e7\u00e3o ideal para lojas de presentes tur\u00edsticos que desejem enriquecer o seu cat\u00e1logo com produtos distintivos e art\u00edsticos.<\/p>\n","protected":false},"excerpt":{"rendered":"<p>Conjunto de quatro ta\u00e7as de coco de 13 x 6 cm, inspiradas na fauna maiorquina. Cada ta\u00e7a apresenta um design \u00fanico com um revestimento que simula uma textura de malha, pintadas em cores vibrantes como azul, vermelho, laranja e dourado. No centro, um estampado distintivo de uma salamandra e a palavra &#8220;MALLORCA&#8221; em dourado real\u00e7am cada pe\u00e7a. Perfeitas para servir aperitivos ou como elemento decorativo, conferem um toque artesanal e colorido a qualquer casa.<\/p>\n","protected":false},"featured_media":10647,"template":"","meta":{"_acf_changed":false},"product_brand":[],"product_cat":[513],"product_tag":[516],"class_list":{"0":"post-37130","1":"product","2":"type-product","3":"status-publish","4":"has-post-thumbnail","6":"product_cat-bols","7":"product_tag-animais","8":"pa_ciudad-mallorca","9":"pa_motivo-salamandras","10":"pa_pais-espana","12":"first","13":"instock","14":"shipping-taxable","15":"product-type-simple"},"acf":[],"_links":{"self":[{"href":"https:\/\/olemosaic.com\/pt-pt\/wp-json\/wp\/v2\/product\/37130","targetHints":{"allow":["GET"]}}],"collection":[{"href":"https:\/\/olemosaic.com\/pt-pt\/wp-json\/wp\/v2\/product"}],"about":[{"href":"https:\/\/olemosaic.com\/pt-pt\/wp-json\/wp\/v2\/types\/product"}],"wp:featuredmedia":[{"embeddable":true,"href":"https:\/\/olemosaic.com\/pt-pt\/wp-json\/wp\/v2\/media\/10647"}],"wp:attachment":[{"href":"https:\/\/olemosaic.com\/pt-pt\/wp-json\/wp\/v2\/media?parent=37130"}],"wp:term":[{"taxonomy":"product_brand","embeddable":true,"href":"https:\/\/olemosaic.com\/pt-pt\/wp-json\/wp\/v2\/product_brand?post=37130"},{"taxonomy":"product_cat","embeddable":true,"href":"https:\/\/olemosaic.com\/pt-pt\/wp-json\/wp\/v2\/product_cat?post=37130"},{"taxonomy":"product_tag","embeddable":true,"href":"https:\/\/olemosaic.com\/pt-pt\/wp-json\/wp\/v2\/product_tag?post=37130"}],"curies":[{"name":"wp","href":"https:\/\/api.w.org\/{rel}","templated":true}]}}