{"id":37128,"date":"2025-02-20T23:36:57","date_gmt":"2025-02-20T22:36:57","guid":{"rendered":"http:\/\/olemosaic.com\/producto\/4-bols-de-coco-de-13-x-6-cm-camino-de-santiago-3\/"},"modified":"2025-07-26T00:03:42","modified_gmt":"2025-07-25T22:03:42","slug":"4-tacas-de-coco-de-13-x-6-cm-caminho-de-santiago-3","status":"publish","type":"product","link":"https:\/\/olemosaic.com\/pt-pt\/produto\/4-tacas-de-coco-de-13-x-6-cm-caminho-de-santiago-3\/","title":{"rendered":"4 Ta\u00e7as de coco de 13 x 6 cm. Caminho de Santiago. Galiza."},"content":{"rendered":"<p>Conjunto de quatro ta\u00e7as de coco decoradas com o s\u00edmbolo do Caminho de Santiago. Este atraente conjunto de ta\u00e7as, de 13 x 6 cm, apresenta cores vibrantes que evocam a alegria e a espiritualidade associadas a esta famosa peregrina\u00e7\u00e3o, com tonalidades azuis, laranjas, douradas e vermelhas. Cada ta\u00e7a real\u00e7a a textura natural do coco, o que n\u00e3o s\u00f3 lhe confere um aspeto artesanal, mas tamb\u00e9m garante durabilidade e resist\u00eancia.<\/p>\n<p>O design em relevo de cada ta\u00e7a inclui a legenda &#8220;CAMINHO DE SANTIAGO&#8221;, adornada com o emblem\u00e1tico s\u00edmbolo do peregrino, que representa a viagem espiritual e cultural que milhares de pessoas realizam todos os anos rumo a Santiago de Compostela. Estas ta\u00e7as n\u00e3o s\u00e3o apenas funcionais, ideais para exibir pequenas pe\u00e7as decorativas ou para usar \u00e0 mesa, mas tamb\u00e9m funcionam como recorda\u00e7\u00f5es aut\u00eanticas, que encapsulam a rica heran\u00e7a cultural do Caminho.<\/p>\n<p>Na Ol\u00e9 Mosaic, garantimos a qualidade e autenticidade dos nossos souvenirs, o que torna este conjunto de quatro ta\u00e7as de coco uma op\u00e7\u00e3o incr\u00edvel para lojas de presentes tur\u00edsticos que procurem produtos que liguem os visitantes \u00e0 tradi\u00e7\u00e3o e \u00e0 espiritualidade de Espanha. Este conjunto \u00e9 uma excelente recorda\u00e7\u00e3o do Caminho de Santiago, refletindo a tradi\u00e7\u00e3o e o calor que caracterizam esta rota lend\u00e1ria.<\/p>\n","protected":false},"excerpt":{"rendered":"<p>Conjunto de quatro ta\u00e7as de coco de 13 x 6 cm, decoradas com o emblem\u00e1tico s\u00edmbolo do Caminho de Santiago. Cada ta\u00e7a apresenta uma cor vibrante: azul, laranja, dourado e vermelho, com um acabamento que real\u00e7a a textura natural do coco e um design em relevo com a legenda &#8220;CAMINHO DE SANTIAGO&#8221;. Perfeitas para exibir ou usar em casa, estas ta\u00e7as combinam funcionalidade e tradi\u00e7\u00e3o, evocando a rica heran\u00e7a cultural desta famosa peregrina\u00e7\u00e3o.<\/p>\n","protected":false},"featured_media":10645,"template":"","meta":{"_acf_changed":false},"product_brand":[],"product_cat":[513],"product_tag":[],"class_list":{"0":"post-37128","1":"product","2":"type-product","3":"status-publish","4":"has-post-thumbnail","6":"product_cat-bols","7":"pa_ciudad-santiago","8":"pa_pais-espana","10":"first","11":"instock","12":"shipping-taxable","13":"product-type-simple"},"acf":[],"_links":{"self":[{"href":"https:\/\/olemosaic.com\/pt-pt\/wp-json\/wp\/v2\/product\/37128","targetHints":{"allow":["GET"]}}],"collection":[{"href":"https:\/\/olemosaic.com\/pt-pt\/wp-json\/wp\/v2\/product"}],"about":[{"href":"https:\/\/olemosaic.com\/pt-pt\/wp-json\/wp\/v2\/types\/product"}],"wp:featuredmedia":[{"embeddable":true,"href":"https:\/\/olemosaic.com\/pt-pt\/wp-json\/wp\/v2\/media\/10645"}],"wp:attachment":[{"href":"https:\/\/olemosaic.com\/pt-pt\/wp-json\/wp\/v2\/media?parent=37128"}],"wp:term":[{"taxonomy":"product_brand","embeddable":true,"href":"https:\/\/olemosaic.com\/pt-pt\/wp-json\/wp\/v2\/product_brand?post=37128"},{"taxonomy":"product_cat","embeddable":true,"href":"https:\/\/olemosaic.com\/pt-pt\/wp-json\/wp\/v2\/product_cat?post=37128"},{"taxonomy":"product_tag","embeddable":true,"href":"https:\/\/olemosaic.com\/pt-pt\/wp-json\/wp\/v2\/product_tag?post=37128"}],"curies":[{"name":"wp","href":"https:\/\/api.w.org\/{rel}","templated":true}]}}