{"id":37127,"date":"2025-02-20T23:36:56","date_gmt":"2025-02-20T22:36:56","guid":{"rendered":"http:\/\/olemosaic.com\/producto\/4-bols-de-coco-de-13-x-6-cm-delfin-mallorca-5\/"},"modified":"2025-07-25T19:47:38","modified_gmt":"2025-07-25T17:47:38","slug":"4-tacas-de-coco-de-13-x-6-cm-golfinho-maiorca-5","status":"publish","type":"product","link":"https:\/\/olemosaic.com\/pt-pt\/produto\/4-tacas-de-coco-de-13-x-6-cm-golfinho-maiorca-5\/","title":{"rendered":"4 Ta\u00e7as de coco de 13 x 6 cm. Golfinho. Ilha. Maiorca."},"content":{"rendered":"<p>Conjunto de quatro ta\u00e7as de coco decoradas com golfinhos, uma recorda\u00e7\u00e3o aut\u00eantica e vibrante de Maiorca. Cada ta\u00e7a, com 13 cm de di\u00e2metro e 6 cm de altura, \u00e9 elaborada com um artesanato meticuloso que real\u00e7a a beleza natural do coco. As ta\u00e7as apresentam um design colorido em tons de verde, amarelo, laranja e vermelho, com um acabamento brilhante que capta a luz e real\u00e7a os detalhes intrincados das decora\u00e7\u00f5es inspiradas no mar Mediterr\u00e2neo. A imagem de um golfinho, s\u00edmbolo da vida marinha das Ilhas Baleares, torna-se o atrativo central de cada pe\u00e7a, evocando a frescura e o dinamismo das \u00e1guas que rodeiam Maiorca.<\/p>\n<p>Estas ta\u00e7as combinam funcionalidade e est\u00e9tica, o que as torna um presente perfeito para quem procura souvenirs de Maiorca que encapsulem a ess\u00eancia do lugar. Al\u00e9m disso, ao fazerem parte do folclore balear, estas ta\u00e7as refletem a rica tradi\u00e7\u00e3o artesanal da regi\u00e3o, transformando cada uma numa pe\u00e7a \u00fanica. Na Ol\u00e9 Mosaic, como grossista de souvenirs, oferecemos estas ta\u00e7as de coco por grosso, ideais para lojas de presentes tur\u00edsticos que desejem oferecer aos seus clientes recorda\u00e7\u00f5es aut\u00eanticas e de alta qualidade. Estas preciosas ta\u00e7as ser\u00e3o um excelente complemento para qualquer casa, conferindo um toque mediterr\u00e2nico \u00e0 decora\u00e7\u00e3o.<\/p>\n","protected":false},"excerpt":{"rendered":"<p>Conjunto de quatro ta\u00e7as de coco, cada uma com um di\u00e2metro de 13 cm e uma altura de 6 cm, decoradas com motivos de golfinhos. Origin\u00e1rias de Maiorca, estas ta\u00e7as apresentam um design vibrante em cores verde, amarelo, laranja e vermelho, com um acabamento brilhante que real\u00e7a os detalhes intrincados da superf\u00edcie. A t\u00e9cnica de elabora\u00e7\u00e3o inclui pintura art\u00edstica e um acabamento que capta a ess\u00eancia do mar Mediterr\u00e2neo, oferecendo um artigo \u00fanico que combina funcionalidade e est\u00e9tica. Ideal como recorda\u00e7\u00e3o ou para conferir um toque mediterr\u00e2nico \u00e0 decora\u00e7\u00e3o da casa.<\/p>\n","protected":false},"featured_media":10654,"template":"","meta":{"_acf_changed":false},"product_brand":[],"product_cat":[513],"product_tag":[516],"class_list":{"0":"post-37127","1":"product","2":"type-product","3":"status-publish","4":"has-post-thumbnail","6":"product_cat-bols","7":"product_tag-animais","8":"pa_ciudad-mallorca","9":"pa_motivo-golfinhos","10":"pa_pais-espana","12":"first","13":"instock","14":"shipping-taxable","15":"product-type-simple"},"acf":[],"_links":{"self":[{"href":"https:\/\/olemosaic.com\/pt-pt\/wp-json\/wp\/v2\/product\/37127","targetHints":{"allow":["GET"]}}],"collection":[{"href":"https:\/\/olemosaic.com\/pt-pt\/wp-json\/wp\/v2\/product"}],"about":[{"href":"https:\/\/olemosaic.com\/pt-pt\/wp-json\/wp\/v2\/types\/product"}],"wp:featuredmedia":[{"embeddable":true,"href":"https:\/\/olemosaic.com\/pt-pt\/wp-json\/wp\/v2\/media\/10654"}],"wp:attachment":[{"href":"https:\/\/olemosaic.com\/pt-pt\/wp-json\/wp\/v2\/media?parent=37127"}],"wp:term":[{"taxonomy":"product_brand","embeddable":true,"href":"https:\/\/olemosaic.com\/pt-pt\/wp-json\/wp\/v2\/product_brand?post=37127"},{"taxonomy":"product_cat","embeddable":true,"href":"https:\/\/olemosaic.com\/pt-pt\/wp-json\/wp\/v2\/product_cat?post=37127"},{"taxonomy":"product_tag","embeddable":true,"href":"https:\/\/olemosaic.com\/pt-pt\/wp-json\/wp\/v2\/product_tag?post=37127"}],"curies":[{"name":"wp","href":"https:\/\/api.w.org\/{rel}","templated":true}]}}