{"id":37123,"date":"2025-02-20T23:36:56","date_gmt":"2025-02-20T22:36:56","guid":{"rendered":"http:\/\/olemosaic.com\/producto\/6-vasos-de-chupito-de-vidrio-metalizado-10\/"},"modified":"2025-07-25T22:06:40","modified_gmt":"2025-07-25T20:06:40","slug":"6-copos-de-shot-de-vidro-metalizado-10","status":"publish","type":"product","link":"https:\/\/olemosaic.com\/pt-pt\/produto\/6-copos-de-shot-de-vidro-metalizado-10\/","title":{"rendered":"6 copos de shot de vidro metalizado. Maiorca."},"content":{"rendered":"<p>Conjunto de 6 copos de shot de vidro metalizado inspirados na vibrante ilha de Maiorca. Este colorido conjunto \u00e9 perfeito para quem procura uma recorda\u00e7\u00e3o aut\u00eantica que combine funcionalidade e estilo. Cada copo, elaborado em vidro de alta qualidade, conta com um acabamento metalizado que reflete a luz e confere um toque festivo a qualquer celebra\u00e7\u00e3o. Os designs decorativos de lagartixas, emblem\u00e1ticos da fauna mediterr\u00e2nica, apresentam-se numa variedade de tonalidades: azul, verde, vermelho, dourado e roxo, evocando o calor e a diversidade das paisagens de Maiorca. Al\u00e9m disso, a palavra &#8220;MALLORCA&#8221; est\u00e1 elegantemente inscrita em cada copo, tornando-os uma homenagem a esta bela ilha.<\/p>\n<p>Este conjunto n\u00e3o s\u00f3 \u00e9 ideal para brindar em eventos e celebra\u00e7\u00f5es, como tamb\u00e9m atua como um atrativo souvenir que captura a ess\u00eancia cultural de Maiorca. Os lagartos, s\u00edmbolos de boa sorte na regi\u00e3o, adicionam um significado especial a cada copo. Na Ol\u00e9 Mosaic, orgulhamo-nos de ser distribuidores de souvenirs aut\u00eanticos por grosso, garantindo a qualidade e a autenticidade de cada produto. Este conjunto de copos \u00e9 uma excelente op\u00e7\u00e3o para lojas de presentes tur\u00edsticos que desejem oferecer aos seus clientes uma recorda\u00e7\u00e3o memor\u00e1vel e atrativa de Maiorca.<\/p>\n","protected":false},"excerpt":{"rendered":"<p>Conjunto de 6 copos de shot de vidro metalizado com um design vibrante inspirado na ilha de Maiorca. Cada copo apresenta um acabamento metalizado e est\u00e1 decorado com coloridos motivos de lagartixas em tons de azul, verde, vermelho, dourado e roxo, juntamente com a palavra &#8220;MALLORCA&#8221;. Ideais para brindar em celebra\u00e7\u00f5es ou como uma recorda\u00e7\u00e3o atrativa, estes copos combinam funcionalidade e um ar festivo que reflete a cultura mediterr\u00e2nica.<\/p>\n","protected":false},"featured_media":11212,"template":"","meta":{"_acf_changed":false},"product_brand":[],"product_cat":[815],"product_tag":[],"class_list":{"0":"post-37123","1":"product","2":"type-product","3":"status-publish","4":"has-post-thumbnail","6":"product_cat-copos-de-shot","7":"pa_ciudad-mallorca","8":"pa_motivo-salamandras","9":"pa_pais-espana","11":"first","12":"instock","13":"shipping-taxable","14":"product-type-simple"},"acf":[],"_links":{"self":[{"href":"https:\/\/olemosaic.com\/pt-pt\/wp-json\/wp\/v2\/product\/37123","targetHints":{"allow":["GET"]}}],"collection":[{"href":"https:\/\/olemosaic.com\/pt-pt\/wp-json\/wp\/v2\/product"}],"about":[{"href":"https:\/\/olemosaic.com\/pt-pt\/wp-json\/wp\/v2\/types\/product"}],"wp:featuredmedia":[{"embeddable":true,"href":"https:\/\/olemosaic.com\/pt-pt\/wp-json\/wp\/v2\/media\/11212"}],"wp:attachment":[{"href":"https:\/\/olemosaic.com\/pt-pt\/wp-json\/wp\/v2\/media?parent=37123"}],"wp:term":[{"taxonomy":"product_brand","embeddable":true,"href":"https:\/\/olemosaic.com\/pt-pt\/wp-json\/wp\/v2\/product_brand?post=37123"},{"taxonomy":"product_cat","embeddable":true,"href":"https:\/\/olemosaic.com\/pt-pt\/wp-json\/wp\/v2\/product_cat?post=37123"},{"taxonomy":"product_tag","embeddable":true,"href":"https:\/\/olemosaic.com\/pt-pt\/wp-json\/wp\/v2\/product_tag?post=37123"}],"curies":[{"name":"wp","href":"https:\/\/api.w.org\/{rel}","templated":true}]}}