{"id":37122,"date":"2025-02-20T23:36:56","date_gmt":"2025-02-20T22:36:56","guid":{"rendered":"http:\/\/olemosaic.com\/producto\/4-bols-de-coco-de-13-x-6-cm-bailaora-5\/"},"modified":"2025-07-25T18:51:17","modified_gmt":"2025-07-25T16:51:17","slug":"4-tacas-de-coco-de-13-x-6-cm-bailarina-5","status":"publish","type":"product","link":"https:\/\/olemosaic.com\/pt-pt\/produto\/4-tacas-de-coco-de-13-x-6-cm-bailarina-5\/","title":{"rendered":"4 Ta\u00e7as de coco de 13 x 6 cm. Bailarina. Azul, vermelho, laranja e dourado."},"content":{"rendered":"<p>Conjunto de 4 ta\u00e7as de coco decorativas com silhuetas de bailarina flamenca<\/p>\n<p>Este exclusivo conjunto de 4 ta\u00e7as de coco, cada uma com 13 x 6 cm, confere um toque vibrante e art\u00edstico a qualquer casa. Cada ta\u00e7a \u00e9 meticulosamente decorada com elegantes silhuetas de uma bailarina de flamenco, capturando a ess\u00eancia e o movimento desta apaixonante tradi\u00e7\u00e3o espanhola. As cores vibrantes das decora\u00e7\u00f5es, incluindo azul, vermelho, laranja e dourado, s\u00e3o um aut\u00eantico banquete visual, e os intrincados designs que adornam cada superf\u00edcie evocam a sofisticada arte do flamenco.<\/p>\n<p>Ideais para servir aperitivos ou simplesmente como elementos decorativos, estas ta\u00e7as n\u00e3o s\u00f3 s\u00e3o funcionais, como tamb\u00e9m funcionam como pe\u00e7as de arte que contam uma hist\u00f3ria. O seu design \u00fanico reflete a rica heran\u00e7a cultural da Andaluzia, onde o flamenco \u00e9 muito mais do que uma dan\u00e7a: \u00e9 uma forma de express\u00e3o da alma. Cada ta\u00e7a \u00e9 feita \u00e0 m\u00e3o, o que garante que cada pe\u00e7a seja \u00fanica, representando a autenticidade que os turistas procuram ao adquirir um souvenir. Este conjunto de ta\u00e7as de coco \u00e9 uma op\u00e7\u00e3o ideal para lojas de presentes tur\u00edsticos que desejem oferecer souvenirs aut\u00eanticos que realcem a cultura e tradi\u00e7\u00e3o espanhola. Na Ol\u00e9 Mosaic, como grossistas de artigos tradicionais, asseguramos que os nossos produtos capturam a ess\u00eancia de Espanha em cada detalhe.<\/p>\n","protected":false},"excerpt":{"rendered":"<p>Conjunto de 4 ta\u00e7as de coco de 13 x 6 cm, decoradas com elegantes silhuetas de uma bailarina flamenca. Cada ta\u00e7a apresenta um design \u00fanico em tons vibrantes: azul, vermelho, laranja e dourado, com padr\u00f5es intrincados que evocam a arte e a cultura flamencas. Perfeitas para servir aperitivos ou como elementos decorativos, estas ta\u00e7as adicionam um toque art\u00edstico e tradicional, ideais para qualquer ambiente.<\/p>\n","protected":false},"featured_media":13835,"template":"","meta":{"_acf_changed":false},"product_brand":[],"product_cat":[513],"product_tag":[],"class_list":{"0":"post-37122","1":"product","2":"type-product","3":"status-publish","4":"has-post-thumbnail","6":"product_cat-bols","7":"pa_motivo-dancarinos","9":"first","10":"instock","11":"shipping-taxable","12":"product-type-simple"},"acf":[],"_links":{"self":[{"href":"https:\/\/olemosaic.com\/pt-pt\/wp-json\/wp\/v2\/product\/37122","targetHints":{"allow":["GET"]}}],"collection":[{"href":"https:\/\/olemosaic.com\/pt-pt\/wp-json\/wp\/v2\/product"}],"about":[{"href":"https:\/\/olemosaic.com\/pt-pt\/wp-json\/wp\/v2\/types\/product"}],"wp:featuredmedia":[{"embeddable":true,"href":"https:\/\/olemosaic.com\/pt-pt\/wp-json\/wp\/v2\/media\/13835"}],"wp:attachment":[{"href":"https:\/\/olemosaic.com\/pt-pt\/wp-json\/wp\/v2\/media?parent=37122"}],"wp:term":[{"taxonomy":"product_brand","embeddable":true,"href":"https:\/\/olemosaic.com\/pt-pt\/wp-json\/wp\/v2\/product_brand?post=37122"},{"taxonomy":"product_cat","embeddable":true,"href":"https:\/\/olemosaic.com\/pt-pt\/wp-json\/wp\/v2\/product_cat?post=37122"},{"taxonomy":"product_tag","embeddable":true,"href":"https:\/\/olemosaic.com\/pt-pt\/wp-json\/wp\/v2\/product_tag?post=37122"}],"curies":[{"name":"wp","href":"https:\/\/api.w.org\/{rel}","templated":true}]}}