{"id":37121,"date":"2025-02-20T23:36:55","date_gmt":"2025-02-20T22:36:55","guid":{"rendered":"http:\/\/olemosaic.com\/producto\/4-bols-de-coco-de-13-x-6-cm-flor-4\/"},"modified":"2025-07-25T20:32:54","modified_gmt":"2025-07-25T18:32:54","slug":"4-tacas-de-coco-de-13-x-6-cm-flor-4","status":"publish","type":"product","link":"https:\/\/olemosaic.com\/pt-pt\/produto\/4-tacas-de-coco-de-13-x-6-cm-flor-4\/","title":{"rendered":"4 Ta\u00e7as de coco de 13 x 6 cm. Flor. Azul, vermelho, laranja e f\u00facsia."},"content":{"rendered":"<p>Conjunto de 4 Ta\u00e7as de Coco Decorativas<\/p>\n<p>Descubra o nosso encantador conjunto de 4 ta\u00e7as de coco de 13 x 6 cm, decoradas com alegres motivos florais que conferem um toque vibrante a qualquer espa\u00e7o. Cada ta\u00e7a apresenta um design pintado \u00e0 m\u00e3o em tons vivos como azul, vermelho, laranja e f\u00facsia, que se destacam sobre um fundo preto, real\u00e7ando o seu apelo visual. No centro de cada ta\u00e7a, encontrar\u00e1 uma bela flor rodeada de pequenos cora\u00e7\u00f5es, o que as torna o complemento perfeito tanto para servir aperitivos como para adornar a sua casa com um toque ex\u00f3tico e festivo.<\/p>\n<p>Estas ta\u00e7as n\u00e3o s\u00e3o apenas objetos decorativos, mas refletem uma tradi\u00e7\u00e3o artesanal \u00fanica, que incorpora t\u00e9cnicas locais de pintura e design, t\u00edpicas de regi\u00f5es onde a cultura da cor e a alegria \u00e9 celebrada atrav\u00e9s da arte na cer\u00e2mica. Ideais como souvenirs, estas ta\u00e7as de coco s\u00e3o uma recorda\u00e7\u00e3o representativa da rica heran\u00e7a cultural que poder\u00e1 levar para casa, ou um presente original que encantar\u00e1 os seus entes queridos.<\/p>\n<p>Na Ol\u00e9 Mosaic, especializamo-nos na distribui\u00e7\u00e3o de souvenirs por grosso, oferecendo artigos aut\u00eanticos que capturam a ess\u00eancia das tradi\u00e7\u00f5es locais. Este conjunto de ta\u00e7as de coco \u00e9 uma excelente op\u00e7\u00e3o para lojas de presentes tur\u00edsticos que procuram produtos aut\u00eanticos e art\u00edsticos. N\u00e3o hesite em adicionar um toque de cor e alegria \u00e0 sua oferta de souvenirs com estas ta\u00e7as decorativas \u00fanicas.<\/p>\n","protected":false},"excerpt":{"rendered":"<p>Ta\u00e7as de coco de 13 x 6 cm decoradas com motivos florais. Este conjunto de quatro ta\u00e7as coloridas apresenta designs pintados \u00e0 m\u00e3o em tons vibrantes como azul, vermelho, laranja e f\u00facsia, sobre um fundo preto que real\u00e7a o seu apelo visual. Cada ta\u00e7a exibe uma flor central rodeada de pequenos cora\u00e7\u00f5es, o que as torna pe\u00e7as perfeitas para dar um toque alegre e ex\u00f3tico \u00e0 sua casa ou como presente original. Ideais para servir aperitivos ou como elementos decorativos.<\/p>\n","protected":false},"featured_media":10665,"template":"","meta":{"_acf_changed":false},"product_brand":[],"product_cat":[513],"product_tag":[],"class_list":{"0":"post-37121","1":"product","2":"type-product","3":"status-publish","4":"has-post-thumbnail","6":"product_cat-bols","7":"pa_motivo-flores","9":"first","10":"instock","11":"shipping-taxable","12":"product-type-simple"},"acf":[],"_links":{"self":[{"href":"https:\/\/olemosaic.com\/pt-pt\/wp-json\/wp\/v2\/product\/37121","targetHints":{"allow":["GET"]}}],"collection":[{"href":"https:\/\/olemosaic.com\/pt-pt\/wp-json\/wp\/v2\/product"}],"about":[{"href":"https:\/\/olemosaic.com\/pt-pt\/wp-json\/wp\/v2\/types\/product"}],"wp:featuredmedia":[{"embeddable":true,"href":"https:\/\/olemosaic.com\/pt-pt\/wp-json\/wp\/v2\/media\/10665"}],"wp:attachment":[{"href":"https:\/\/olemosaic.com\/pt-pt\/wp-json\/wp\/v2\/media?parent=37121"}],"wp:term":[{"taxonomy":"product_brand","embeddable":true,"href":"https:\/\/olemosaic.com\/pt-pt\/wp-json\/wp\/v2\/product_brand?post=37121"},{"taxonomy":"product_cat","embeddable":true,"href":"https:\/\/olemosaic.com\/pt-pt\/wp-json\/wp\/v2\/product_cat?post=37121"},{"taxonomy":"product_tag","embeddable":true,"href":"https:\/\/olemosaic.com\/pt-pt\/wp-json\/wp\/v2\/product_tag?post=37121"}],"curies":[{"name":"wp","href":"https:\/\/api.w.org\/{rel}","templated":true}]}}