{"id":37120,"date":"2025-02-20T23:36:55","date_gmt":"2025-02-20T22:36:55","guid":{"rendered":"http:\/\/olemosaic.com\/producto\/4-bols-de-coco-de-13-x-6-cm-salamandra-mallorca-2\/"},"modified":"2025-07-25T20:21:27","modified_gmt":"2025-07-25T18:21:27","slug":"4-tacas-de-coco-de-13-x-6-cm-salamandra-maiorca-2","status":"publish","type":"product","link":"https:\/\/olemosaic.com\/pt-pt\/produto\/4-tacas-de-coco-de-13-x-6-cm-salamandra-maiorca-2\/","title":{"rendered":"4 Ta\u00e7as de coco de 13 x 6 cm. Salamandra. Azul, vermelho, laranja e castanho. Maiorca."},"content":{"rendered":"<p>Conjunto de 4 ta\u00e7as de coco decoradas com salamandra de Maiorca<\/p>\n<p>Este conjunto de 4 ta\u00e7as de coco, de 13 x 6 cm, \u00e9 uma aut\u00eantica joia que reflete a ess\u00eancia vibrante de Maiorca. Cada ta\u00e7a apresenta um design \u00fanico decorado com uma encantadora ilustra\u00e7\u00e3o de salamandra, um s\u00edmbolo do calor e da diversidade da fauna local. As ta\u00e7as destacam-se pelas suas cores vibrantes: um azul brilhante, um vermelho intenso, um rosa chamativo e um castanho quente, cada um adornado com detalhes em forma de cora\u00e7\u00f5es que conferem um toque festivo e alegre.<\/p>\n<p>A gr\u00e1fica real\u00e7a a palavra &#8220;MALLORCA&#8221;, o que refor\u00e7a a liga\u00e7\u00e3o destas ta\u00e7as com a ilha, tornando-as uma recorda\u00e7\u00e3o representativa ideal para turistas que desejem levar um peda\u00e7o da cultura maiorquina. Estas pe\u00e7as n\u00e3o s\u00e3o apenas funcionais para servir aperitivos, mas tamb\u00e9m se apresentam como elementos decorativos que podem embelezar qualquer espa\u00e7o.<\/p>\n<p>Na Ol\u00e9 Mosaic, especializamo-nos na distribui\u00e7\u00e3o de souvenirs por grosso e este conjunto de ta\u00e7as \u00e9 uma op\u00e7\u00e3o perfeita para lojas de presentes tur\u00edsticos que procuram produtos aut\u00eanticos e de qualidade. A autenticidade destes souvenirs de Maiorca torna-os uma excelente proposta para aqueles que desejam guardar uma recorda\u00e7\u00e3o especial da sua visita. Este conjunto n\u00e3o \u00e9 apenas uma forma divertida de desfrutar de aperitivos, mas tamb\u00e9m um s\u00edmbolo da rica cultura e tradi\u00e7\u00f5es de Maiorca, o que as torna um excelente presente ou um fant\u00e1stico miminho para si pr\u00f3prio.<\/p>\n","protected":false},"excerpt":{"rendered":"<p>Conjunto de 4 ta\u00e7as de coco de 13 x 6 cm decoradas com um design atraente de salamandra, inspirado na cultura maiorquina. Cada ta\u00e7a apresenta cores vibrantes como azul, vermelho, rosa e castanho, com detalhes em forma de cora\u00e7\u00f5es que lhes d\u00e3o um toque festivo. O design gr\u00e1fico real\u00e7a a palavra &#8220;MALLORCA&#8221;, enfatizando a sua liga\u00e7\u00e3o com a ilha. Estas ta\u00e7as s\u00e3o ideais para servir aperitivos ou como elemento decorativo.<\/p>\n","protected":false},"featured_media":10672,"template":"","meta":{"_acf_changed":false},"product_brand":[],"product_cat":[513],"product_tag":[516],"class_list":{"0":"post-37120","1":"product","2":"type-product","3":"status-publish","4":"has-post-thumbnail","6":"product_cat-bols","7":"product_tag-animais","8":"pa_ciudad-mallorca","9":"pa_motivo-salamandras","10":"pa_pais-espana","12":"first","13":"instock","14":"shipping-taxable","15":"product-type-simple"},"acf":[],"_links":{"self":[{"href":"https:\/\/olemosaic.com\/pt-pt\/wp-json\/wp\/v2\/product\/37120","targetHints":{"allow":["GET"]}}],"collection":[{"href":"https:\/\/olemosaic.com\/pt-pt\/wp-json\/wp\/v2\/product"}],"about":[{"href":"https:\/\/olemosaic.com\/pt-pt\/wp-json\/wp\/v2\/types\/product"}],"wp:featuredmedia":[{"embeddable":true,"href":"https:\/\/olemosaic.com\/pt-pt\/wp-json\/wp\/v2\/media\/10672"}],"wp:attachment":[{"href":"https:\/\/olemosaic.com\/pt-pt\/wp-json\/wp\/v2\/media?parent=37120"}],"wp:term":[{"taxonomy":"product_brand","embeddable":true,"href":"https:\/\/olemosaic.com\/pt-pt\/wp-json\/wp\/v2\/product_brand?post=37120"},{"taxonomy":"product_cat","embeddable":true,"href":"https:\/\/olemosaic.com\/pt-pt\/wp-json\/wp\/v2\/product_cat?post=37120"},{"taxonomy":"product_tag","embeddable":true,"href":"https:\/\/olemosaic.com\/pt-pt\/wp-json\/wp\/v2\/product_tag?post=37120"}],"curies":[{"name":"wp","href":"https:\/\/api.w.org\/{rel}","templated":true}]}}