{"id":37119,"date":"2025-02-20T23:36:55","date_gmt":"2025-02-20T22:36:55","guid":{"rendered":"http:\/\/olemosaic.com\/producto\/4-bols-de-coco-de-13-x-6-cm-abanico-5\/"},"modified":"2025-07-25T17:39:11","modified_gmt":"2025-07-25T15:39:11","slug":"4-tacas-de-coco-de-13-x-6-cm-leque-5","status":"publish","type":"product","link":"https:\/\/olemosaic.com\/pt-pt\/produto\/4-tacas-de-coco-de-13-x-6-cm-leque-5\/","title":{"rendered":"4 Ta\u00e7as de coco de 13 x 6 cm. Leque. Azul, vermelho, laranja e castanho."},"content":{"rendered":"<p><span data-sheets-root=\"1\">Este conjunto de 4 ta\u00e7as artesanais de coco natural com design de leque combina tradi\u00e7\u00e3o e artesanato com uma est\u00e9tica visual impactante. Cada ta\u00e7a, de 13 x 6 cm, foi cuidadosamente elaborada de forma artesanal e apresenta um acabamento craquelado em cores vivas como azul, vermelho, laranja e castanho, sobre um fundo dourado iridescente que confere um brilho sofisticado e elegante. No centro de cada pe\u00e7a destaca-se um leque em relevo, s\u00edmbolo cultural de Espanha ligado \u00e0 arte flamenca e \u00e0 express\u00e3o est\u00e9tica andaluza.<\/p>\n<p>O efeito craquelado, que recorda as t\u00e9cnicas de cer\u00e2mica esmaltada e o estilo dos mosaicos mediterr\u00e2nicos, confere profundidade e textura visual a cada ta\u00e7a, tornando cada pe\u00e7a \u00fanica. Este design n\u00e3o s\u00f3 aporta valor decorativo, como tamb\u00e9m estabelece um forte v\u00ednculo com o artesanato local, evocando o colorido e a riqueza cultural do sul da Europa.<\/p>\n<p>Ideais como recorda\u00e7\u00f5es decorativas, estas ta\u00e7as de coco com design de leque s\u00e3o uma excelente op\u00e7\u00e3o para os turistas que procuram souvenirs aut\u00eanticos com um toque art\u00edstico. Na Ol\u00e9 Mosaic, grossista de souvenirs por grosso, oferecemos pe\u00e7as que se destacam pelo seu design, acabamento manual e liga\u00e7\u00e3o cultural, ideais para lojas de presentes tur\u00edsticos que procuram diferenciar-se com produtos de qualidade e significado.<\/span><\/p>\n","protected":false},"excerpt":{"rendered":"<p><span data-sheets-root=\"1\">Conjunto de 4 ta\u00e7as artesanais de coco natural de 13 x 6 cm decoradas com motivo de leque no centro. Cada ta\u00e7a apresenta um design craquelado em tons vivos como azul, vermelho, laranja e castanho, sobre um fundo dourado iridescente que se destaca com efeito brilhante. Inspiradas na arte mediterr\u00e2nica e no folclore espanhol, destacam-se pelo seu acabamento manual e textura visual \u00fanica que imita o mosaico.<\/span><\/p>\n","protected":false},"featured_media":10641,"template":"","meta":{"_acf_changed":false},"product_brand":[],"product_cat":[513],"product_tag":[],"class_list":{"0":"post-37119","1":"product","2":"type-product","3":"status-publish","4":"has-post-thumbnail","6":"product_cat-bols","7":"pa_motivo-leques","9":"first","10":"instock","11":"shipping-taxable","12":"product-type-simple"},"acf":[],"_links":{"self":[{"href":"https:\/\/olemosaic.com\/pt-pt\/wp-json\/wp\/v2\/product\/37119","targetHints":{"allow":["GET"]}}],"collection":[{"href":"https:\/\/olemosaic.com\/pt-pt\/wp-json\/wp\/v2\/product"}],"about":[{"href":"https:\/\/olemosaic.com\/pt-pt\/wp-json\/wp\/v2\/types\/product"}],"wp:featuredmedia":[{"embeddable":true,"href":"https:\/\/olemosaic.com\/pt-pt\/wp-json\/wp\/v2\/media\/10641"}],"wp:attachment":[{"href":"https:\/\/olemosaic.com\/pt-pt\/wp-json\/wp\/v2\/media?parent=37119"}],"wp:term":[{"taxonomy":"product_brand","embeddable":true,"href":"https:\/\/olemosaic.com\/pt-pt\/wp-json\/wp\/v2\/product_brand?post=37119"},{"taxonomy":"product_cat","embeddable":true,"href":"https:\/\/olemosaic.com\/pt-pt\/wp-json\/wp\/v2\/product_cat?post=37119"},{"taxonomy":"product_tag","embeddable":true,"href":"https:\/\/olemosaic.com\/pt-pt\/wp-json\/wp\/v2\/product_tag?post=37119"}],"curies":[{"name":"wp","href":"https:\/\/api.w.org\/{rel}","templated":true}]}}