{"id":37118,"date":"2025-02-20T23:36:55","date_gmt":"2025-02-20T22:36:55","guid":{"rendered":"http:\/\/olemosaic.com\/producto\/4-bols-de-coco-de-13-x-6-cm-animales-del-mar-menorca-3\/"},"modified":"2025-07-25T19:37:50","modified_gmt":"2025-07-25T17:37:50","slug":"4-tacas-de-coco-de-13-x-6-cm-animais-do-mar-menorca-3","status":"publish","type":"product","link":"https:\/\/olemosaic.com\/pt-pt\/produto\/4-tacas-de-coco-de-13-x-6-cm-animais-do-mar-menorca-3\/","title":{"rendered":"4 Ta\u00e7as de coco de 13 x 6 cm. Animais do mar. Golfinho, tartaruga e lagartixa. Menorca."},"content":{"rendered":"<p>Conjunto de 4 ta\u00e7as de coco decoradas com mosaicos, que evocam a ess\u00eancia do mar em Menorca. Cada ta\u00e7a, de 13 x 6 cm, \u00e9 uma obra de arte que celebra a rica biodiversidade marinha da ilha. Os vibrantes mosaicos exteriores exibem uma paleta de cores que inclui azuis intensos, rosas brilhantes e amarelos quentes, refletindo as \u00e1guas cristalinas e as paisagens ensolaradas de Menorca. No interior, o acabamento de cor brilhante contrasta na perfei\u00e7\u00e3o com as ilustra\u00e7\u00f5es gravadas em tons castanhos de um golfinho, uma tartaruga e uma lagartixa, que conferem um toque natural e aut\u00eantico a cada pe\u00e7a. Este conjunto, al\u00e9m de funcional, \u00e9 um elemento decorativo ideal para qualquer mesa, adicionando um ar artesanal e mediterr\u00e2nico. Perfeitas como souvenirs de Menorca, estas ta\u00e7as s\u00e3o uma recorda\u00e7\u00e3o da beleza natural da ilha e da sua cultura. Na Ol\u00e9 Mosaic, especializamo-nos na distribui\u00e7\u00e3o de souvenirs por grosso, apresentando artesanatos aut\u00eanticos que celebram as tradi\u00e7\u00f5es locais. Esta cole\u00e7\u00e3o \u00e9 ideal para lojas de presentes tur\u00edsticos que desejem oferecer produtos \u00fanicos e representativos de Menorca.<\/p>\n","protected":false},"excerpt":{"rendered":"<p>Conjunto de 4 ta\u00e7as de coco, cada uma com 13 x 6 cm, decoradas com mosaicos coloridos que representam animais marinhos, evocando a beleza de Menorca. Os interiores apresentam um acabamento brilhante com tons vibrantes e alegres, enquanto as ilustra\u00e7\u00f5es de um golfinho, uma tartaruga e uma lagartixa est\u00e3o gravadas em tons castanhos. Estas ta\u00e7as, com o seu design muito especial, conferem um toque artesanal e mediterr\u00e2nico perfeito para qualquer mesa.<\/p>\n","protected":false},"featured_media":13834,"template":"","meta":{"_acf_changed":false},"product_brand":[],"product_cat":[513],"product_tag":[516],"class_list":{"0":"post-37118","1":"product","2":"type-product","3":"status-publish","4":"has-post-thumbnail","6":"product_cat-bols","7":"product_tag-animais","8":"pa_ciudad-menorca","9":"pa_motivo-animais-marinhos","10":"pa_pais-espana","12":"first","13":"instock","14":"shipping-taxable","15":"product-type-simple"},"acf":[],"_links":{"self":[{"href":"https:\/\/olemosaic.com\/pt-pt\/wp-json\/wp\/v2\/product\/37118","targetHints":{"allow":["GET"]}}],"collection":[{"href":"https:\/\/olemosaic.com\/pt-pt\/wp-json\/wp\/v2\/product"}],"about":[{"href":"https:\/\/olemosaic.com\/pt-pt\/wp-json\/wp\/v2\/types\/product"}],"wp:featuredmedia":[{"embeddable":true,"href":"https:\/\/olemosaic.com\/pt-pt\/wp-json\/wp\/v2\/media\/13834"}],"wp:attachment":[{"href":"https:\/\/olemosaic.com\/pt-pt\/wp-json\/wp\/v2\/media?parent=37118"}],"wp:term":[{"taxonomy":"product_brand","embeddable":true,"href":"https:\/\/olemosaic.com\/pt-pt\/wp-json\/wp\/v2\/product_brand?post=37118"},{"taxonomy":"product_cat","embeddable":true,"href":"https:\/\/olemosaic.com\/pt-pt\/wp-json\/wp\/v2\/product_cat?post=37118"},{"taxonomy":"product_tag","embeddable":true,"href":"https:\/\/olemosaic.com\/pt-pt\/wp-json\/wp\/v2\/product_tag?post=37118"}],"curies":[{"name":"wp","href":"https:\/\/api.w.org\/{rel}","templated":true}]}}