{"id":37108,"date":"2025-02-20T23:36:53","date_gmt":"2025-02-20T22:36:53","guid":{"rendered":"http:\/\/olemosaic.com\/producto\/4-bols-de-coco-de-13-x-6-cm-salamandra-tenerife-5\/"},"modified":"2025-07-25T20:23:32","modified_gmt":"2025-07-25T18:23:32","slug":"4-tacas-de-coco-de-13-x-6-cm-salamandra-tenerife-5","status":"publish","type":"product","link":"https:\/\/olemosaic.com\/pt-pt\/produto\/4-tacas-de-coco-de-13-x-6-cm-salamandra-tenerife-5\/","title":{"rendered":"4 Ta\u00e7as de coco de 13 x 6 cm. Salamandra. Tenerife. Can\u00e1rias."},"content":{"rendered":"<p>Conjunto de 4 ta\u00e7as de coco com um design vibrante de Tenerife. Cada ta\u00e7a tem 13 cm de di\u00e2metro e 6 cm de altura, ideal para decorar e servir com um toque can\u00e1rio. S\u00e3o aut\u00eanticas pe\u00e7as de artesanato, com efeito pintado \u00e0 m\u00e3o e adornadas com cores chamativas como o vermelho, o azul, o laranja e o rosa, que refletem a energia e o calor do clima can\u00e1rio. No centro de cada ta\u00e7a, uma salamandra, s\u00edmbolo da ilha, evoca a fauna rica e variada de Tenerife. O nome &#8220;Tenerife&#8221; destaca-se num formato elegante, complementando o design e conferindo um car\u00e1ter distintivo a cada pe\u00e7a.<\/p>\n<p>Este conjunto de ta\u00e7as n\u00e3o \u00e9 apenas funcional, mas tamb\u00e9m uma recorda\u00e7\u00e3o cultural maravilhosa, perfeita para quem deseja levar um peda\u00e7o das Ilhas Can\u00e1rias. A salamandra \u00e9 um s\u00edmbolo de renova\u00e7\u00e3o e vitalidade na cultura can\u00e1ria, o que torna estas ta\u00e7as uma op\u00e7\u00e3o representativa para qualquer lar. Na Ol\u00e9 Mosaic, como distribuidores de lembran\u00e7as por grosso, oferecemos produtos que celebram a autenticidade e o patrim\u00f3nio local. Este conjunto de ta\u00e7as de coco \u00e9, sem d\u00favida, uma excelente ideia para turistas e lojas de presentes tur\u00edsticos que procuram lembran\u00e7as de Tenerife coloridas e \u00fanicas que falem da rica cultura da ilha.<\/p>\n","protected":false},"excerpt":{"rendered":"<p>Conjunto de 4 ta\u00e7as de coco, cada uma com um design vibrante e colorido que representa a emblem\u00e1tica salamandra, s\u00edmbolo de Tenerife. Com um di\u00e2metro de 13 cm e uma altura de 6 cm, estas ta\u00e7as apresentam um acabamento de design artesanal, pintado \u00e0 m\u00e3o, adornadas com brilhantes tons de vermelho e azul, laranja e rosa. O motivo da salamandra est\u00e1 impresso no centro, complementado pelo nome &#8220;Tenerife&#8221; num formato destacado, ideal para dar um toque can\u00e1rio a qualquer mesa ou decora\u00e7\u00e3o.<\/p>\n","protected":false},"featured_media":12117,"template":"","meta":{"_acf_changed":false},"product_brand":[],"product_cat":[513],"product_tag":[516],"class_list":{"0":"post-37108","1":"product","2":"type-product","3":"status-publish","4":"has-post-thumbnail","6":"product_cat-bols","7":"product_tag-animais","8":"pa_ciudad-tenerife","9":"pa_motivo-salamandras","10":"pa_pais-espana","12":"first","13":"instock","14":"shipping-taxable","15":"product-type-simple"},"acf":[],"_links":{"self":[{"href":"https:\/\/olemosaic.com\/pt-pt\/wp-json\/wp\/v2\/product\/37108","targetHints":{"allow":["GET"]}}],"collection":[{"href":"https:\/\/olemosaic.com\/pt-pt\/wp-json\/wp\/v2\/product"}],"about":[{"href":"https:\/\/olemosaic.com\/pt-pt\/wp-json\/wp\/v2\/types\/product"}],"wp:featuredmedia":[{"embeddable":true,"href":"https:\/\/olemosaic.com\/pt-pt\/wp-json\/wp\/v2\/media\/12117"}],"wp:attachment":[{"href":"https:\/\/olemosaic.com\/pt-pt\/wp-json\/wp\/v2\/media?parent=37108"}],"wp:term":[{"taxonomy":"product_brand","embeddable":true,"href":"https:\/\/olemosaic.com\/pt-pt\/wp-json\/wp\/v2\/product_brand?post=37108"},{"taxonomy":"product_cat","embeddable":true,"href":"https:\/\/olemosaic.com\/pt-pt\/wp-json\/wp\/v2\/product_cat?post=37108"},{"taxonomy":"product_tag","embeddable":true,"href":"https:\/\/olemosaic.com\/pt-pt\/wp-json\/wp\/v2\/product_tag?post=37108"}],"curies":[{"name":"wp","href":"https:\/\/api.w.org\/{rel}","templated":true}]}}