{"id":37107,"date":"2025-02-20T23:36:53","date_gmt":"2025-02-20T22:36:53","guid":{"rendered":"http:\/\/olemosaic.com\/producto\/salvamanteles-de-ceramica-salamandra-mallorca-2\/"},"modified":"2025-07-25T18:58:33","modified_gmt":"2025-07-25T16:58:33","slug":"descanso-de-pratos-de-ceramica-salamandra-maiorca-2","status":"publish","type":"product","link":"https:\/\/olemosaic.com\/pt-pt\/produto\/descanso-de-pratos-de-ceramica-salamandra-maiorca-2\/","title":{"rendered":"Descanso de pratos de cer\u00e2mica. Salamandra. Ilha. Maiorca."},"content":{"rendered":"<p>Descanso de pratos de cer\u00e2mica decorado com salamandras coloridas, que representam a rica fauna de Maiorca. Este cativante descanso de pratos incorpora um design vibrante e art\u00edstico, onde as salamandras aparecem em tons de vermelho, verde e azul sobre um fundo branco que imita um mosaico. \u00c9 complementado por flores de cores brilhantes que acrescentam um toque de frescura. Cada detalhe \u00e9 cuidadosamente pintado \u00e0 m\u00e3o, o que torna este artigo uma pe\u00e7a \u00fanica e aut\u00eantica que evoca o esp\u00edrito do folclore maiorquino.<\/p>\n<p>O uso da salamandra na decora\u00e7\u00e3o \u00e9 um s\u00edmbolo representativo da biodiversidade que caracteriza a ilha, fazendo deste descanso de pratos uma excelente recorda\u00e7\u00e3o da espl\u00eandida natureza de Maiorca. N\u00e3o \u00e9 apenas um elemento funcional perfeito para proteger a mesa, mas tamb\u00e9m atua como uma pe\u00e7a decorativa que alegra o ambiente de qualquer espa\u00e7o, conferindo um toque de estilo mediterr\u00e2nico.<\/p>\n<p>Na Ol\u00e9 Mosaic, como grossista de artigos de cer\u00e2mica, oferecemos este descanso de pratos como uma lembran\u00e7a ideal para turistas que desejam levar uma recorda\u00e7\u00e3o aut\u00eantica e representativa da sua experi\u00eancia em Maiorca. \u00c9 perfeito para lojas de presentes tur\u00edsticos, uma vez que os nossos produtos garantem qualidade e originalidade, destacando-se entre as lembran\u00e7as de cer\u00e2mica tradicionais.<\/p>\n","protected":false},"excerpt":{"rendered":"<p>Descanso de pratos de cer\u00e2mica decorado com salamandras coloridas, que representam a rica fauna de Maiorca. Este artigo apresenta um design vibrante, com salamandras em tons de vermelho, verde e azul sobre um fundo branco que simula um mosaico, complementado por flores de cores vivas. Com um acabamento de design artesanal, pintado \u00e0 m\u00e3o, este descanso de pratos \u00e9 t\u00e3o pr\u00e1tico como uma pe\u00e7a decorativa que evoca a ess\u00eancia do folclore maiorquino. Ideal para real\u00e7ar qualquer mesa.<\/p>\n","protected":false},"featured_media":8972,"template":"","meta":{"_acf_changed":false},"product_brand":[],"product_cat":[830],"product_tag":[516,515],"class_list":{"0":"post-37107","1":"product","2":"type-product","3":"status-publish","4":"has-post-thumbnail","6":"product_cat-bases-para-pratos","7":"product_tag-animais","8":"product_tag-ceramica","9":"pa_ciudad-mallorca","10":"pa_motivo-salamandras","11":"pa_pais-espana","13":"first","14":"instock","15":"shipping-taxable","16":"product-type-simple"},"acf":[],"_links":{"self":[{"href":"https:\/\/olemosaic.com\/pt-pt\/wp-json\/wp\/v2\/product\/37107","targetHints":{"allow":["GET"]}}],"collection":[{"href":"https:\/\/olemosaic.com\/pt-pt\/wp-json\/wp\/v2\/product"}],"about":[{"href":"https:\/\/olemosaic.com\/pt-pt\/wp-json\/wp\/v2\/types\/product"}],"wp:featuredmedia":[{"embeddable":true,"href":"https:\/\/olemosaic.com\/pt-pt\/wp-json\/wp\/v2\/media\/8972"}],"wp:attachment":[{"href":"https:\/\/olemosaic.com\/pt-pt\/wp-json\/wp\/v2\/media?parent=37107"}],"wp:term":[{"taxonomy":"product_brand","embeddable":true,"href":"https:\/\/olemosaic.com\/pt-pt\/wp-json\/wp\/v2\/product_brand?post=37107"},{"taxonomy":"product_cat","embeddable":true,"href":"https:\/\/olemosaic.com\/pt-pt\/wp-json\/wp\/v2\/product_cat?post=37107"},{"taxonomy":"product_tag","embeddable":true,"href":"https:\/\/olemosaic.com\/pt-pt\/wp-json\/wp\/v2\/product_tag?post=37107"}],"curies":[{"name":"wp","href":"https:\/\/api.w.org\/{rel}","templated":true}]}}