{"id":37105,"date":"2025-02-20T23:36:52","date_gmt":"2025-02-20T22:36:52","guid":{"rendered":"http:\/\/olemosaic.com\/producto\/funda-de-telefono-para-samsung-a13-tpu-panoramica-barcelona-azul-2\/"},"modified":"2025-07-25T19:49:59","modified_gmt":"2025-07-25T17:49:59","slug":"capa-de-telemovel-para-samsung-a13-tpu-panoramica-barcelona-azul-2","status":"publish","type":"product","link":"https:\/\/olemosaic.com\/pt-pt\/produto\/capa-de-telemovel-para-samsung-a13-tpu-panoramica-barcelona-azul-2\/","title":{"rendered":"Capa de telem\u00f3vel para Samsung A13 (TPU). Panor\u00e2mica. Sagrada Fam\u00edlia. Barcelona. Azul"},"content":{"rendered":"<p>Apresentamos-lhe uma capa para o Samsung A13 que captura a vibrante ess\u00eancia de Barcelona num atraente design panor\u00e2mico. Fabricada em material TPU resistente, esta capa oferece uma elevada prote\u00e7\u00e3o ao seu dispositivo enquanto exibe uma colorida ilustra\u00e7\u00e3o que inclui a ic\u00f3nica Sagrada Fam\u00edlia, palmeiras exuberantes e um sol brilhante sobre um fundo azul luminoso que evoca o c\u00e9u mediterr\u00e2nico. Cada detalhe \u00e9 meticulosamente desenhado para refletir a energia e o estilo de vida catal\u00e3es, com um toque divertido que torna esta capa um acess\u00f3rio imprescind\u00edvel para qualquer amante de Barcelona.<\/p>\n<p>A obra apresenta a Sagrada Fam\u00edlia em tons quentes e chamativos, real\u00e7ando a sua arquitetura singular, enquanto as palmeiras acrescentam um ar tropical, criando um equil\u00edbrio perfeito entre o urbano e o natural. Esta capa n\u00e3o s\u00f3 protege o seu telem\u00f3vel, como tamb\u00e9m \u00e9 uma recorda\u00e7\u00e3o constante de uma das cidades mais vibrantes da Europa. Como souvenir, \u00e9 uma excelente escolha para turistas que desejam levar um peda\u00e7o da cultura catal\u00e3 para casa. Na Ol\u00e9 Mosaic distribu\u00edmos souvenirs de alta qualidade, e esta capa \u00e9 ideal para todo o tipo de lojas de presentes tur\u00edsticos que procuram produtos aut\u00eanticos e representativos do legado cultural de Barcelona.<\/p>\n","protected":false},"excerpt":{"rendered":"<p>Capa para telem\u00f3vel Samsung A13 de TPU, com um design que recria uma vibrante panor\u00e2mica de Barcelona. Esta capa apresenta uma paisagem cheia de cor que inclui a emblem\u00e1tica Sagrada Fam\u00edlia, palmeiras e um sol radiante, tudo sobre um fundo azul que evoca o c\u00e9u mediterr\u00e2nico. A ilustra\u00e7\u00e3o, divertida e colorida, \u00e9 perfeita para quem deseja levar um pouco da cultura catal\u00e3 consigo. Ideal para proteger o seu dispositivo com estilo.<\/p>\n","protected":false},"featured_media":12526,"template":"","meta":{"_acf_changed":false},"product_brand":[],"product_cat":[685],"product_tag":[],"class_list":{"0":"post-37105","1":"product","2":"type-product","3":"status-publish","4":"has-post-thumbnail","6":"product_cat-capas-para-telemoveis","7":"pa_ciudad-barcelona","8":"pa_motivo-panoramas","9":"pa_pais-espana","11":"first","12":"instock","13":"shipping-taxable","14":"product-type-simple"},"acf":[],"_links":{"self":[{"href":"https:\/\/olemosaic.com\/pt-pt\/wp-json\/wp\/v2\/product\/37105","targetHints":{"allow":["GET"]}}],"collection":[{"href":"https:\/\/olemosaic.com\/pt-pt\/wp-json\/wp\/v2\/product"}],"about":[{"href":"https:\/\/olemosaic.com\/pt-pt\/wp-json\/wp\/v2\/types\/product"}],"wp:featuredmedia":[{"embeddable":true,"href":"https:\/\/olemosaic.com\/pt-pt\/wp-json\/wp\/v2\/media\/12526"}],"wp:attachment":[{"href":"https:\/\/olemosaic.com\/pt-pt\/wp-json\/wp\/v2\/media?parent=37105"}],"wp:term":[{"taxonomy":"product_brand","embeddable":true,"href":"https:\/\/olemosaic.com\/pt-pt\/wp-json\/wp\/v2\/product_brand?post=37105"},{"taxonomy":"product_cat","embeddable":true,"href":"https:\/\/olemosaic.com\/pt-pt\/wp-json\/wp\/v2\/product_cat?post=37105"},{"taxonomy":"product_tag","embeddable":true,"href":"https:\/\/olemosaic.com\/pt-pt\/wp-json\/wp\/v2\/product_tag?post=37105"}],"curies":[{"name":"wp","href":"https:\/\/api.w.org\/{rel}","templated":true}]}}