{"id":37097,"date":"2025-02-20T22:36:51","date_gmt":"2025-02-20T22:36:51","guid":{"rendered":"http:\/\/olemosaic.com\/producto\/bol-de-coco-beige-mariposa\/"},"modified":"2025-07-25T19:40:50","modified_gmt":"2025-07-25T17:40:50","slug":"taca-de-coco-bege-borboleta","status":"publish","type":"product","link":"https:\/\/olemosaic.com\/pt-pt\/produto\/taca-de-coco-bege-borboleta\/","title":{"rendered":"Ta\u00e7a de coco bege. Borboleta."},"content":{"rendered":"<p>Apresentamos a nossa elegante ta\u00e7a de coco em tons bege, uma pe\u00e7a \u00fanica que funde a beleza natural com um design moderno e sofisticado. Esta ta\u00e7a, elaborada com casca de coco de alta qualidade, real\u00e7a as suas texturas org\u00e2nicas ao mesmo tempo que garante a sua resist\u00eancia e durabilidade. O seu acabamento natural em tons bege proporciona uma base perfeita para qualquer ambiente, enquanto a delicada borboleta, representada num suave tom vermelho, confere um contraste surpreendente e um toque de eleg\u00e2ncia.<\/p>\n<p>O design da borboleta, cuidadosamente pintado, simboliza a transforma\u00e7\u00e3o e a liberdade, um motivo que ressoa profundamente com a cultura mediterr\u00e2nica e o seu apre\u00e7o pela natureza. Ideal n\u00e3o s\u00f3 para servir aperitivos, esta ta\u00e7a tamb\u00e9m pode ser utilizada como pe\u00e7a decorativa que real\u00e7a qualquer espa\u00e7o, desde uma sala de jantar at\u00e9 uma sala de estar. As recorda\u00e7\u00f5es deste tipo s\u00e3o perfeitas para quem deseja levar um pedacinho da heran\u00e7a cultural mediterr\u00e2nica para as suas casas.<\/p>\n<p>Na Ol\u00e9 Mosaic, dedicamo-nos \u00e0 distribui\u00e7\u00e3o de recorda\u00e7\u00f5es por grosso e acreditamos que esta ta\u00e7a de coco \u00e9 uma escolha ideal para as lojas de presentes tur\u00edsticos que procuram artigos aut\u00eanticos e esteticamente atraentes. A sua relev\u00e2ncia cultural e o seu design requintado garantem que cada cliente leve uma recorda\u00e7\u00e3o significativa e representativa da sua visita.<\/p>\n","protected":false},"excerpt":{"rendered":"<p>Ta\u00e7a de coco em tons bege, decorada com um elegante design de borboleta. Esta atraente ta\u00e7a combina elementos naturais e uma est\u00e9tica moderna, ideal para servir aperitivos ou como pe\u00e7a decorativa. A sua estrutura \u00e9 elaborada em coco, com um acabamento que real\u00e7a as texturas e as cores do material, enquanto a borboleta, representada num suave tom avermelhado, adiciona um toque distintivo e cultural. Perfeita para complementar qualquer casa com um estilo natural e sofisticado.<\/p>\n","protected":false},"featured_media":13504,"template":"","meta":{"_acf_changed":false},"product_brand":[],"product_cat":[513],"product_tag":[516],"class_list":{"0":"post-37097","1":"product","2":"type-product","3":"status-publish","4":"has-post-thumbnail","6":"product_cat-bols","7":"product_tag-animais","8":"pa_motivo-borboletas","10":"first","11":"instock","12":"shipping-taxable","13":"product-type-simple"},"acf":[],"_links":{"self":[{"href":"https:\/\/olemosaic.com\/pt-pt\/wp-json\/wp\/v2\/product\/37097","targetHints":{"allow":["GET"]}}],"collection":[{"href":"https:\/\/olemosaic.com\/pt-pt\/wp-json\/wp\/v2\/product"}],"about":[{"href":"https:\/\/olemosaic.com\/pt-pt\/wp-json\/wp\/v2\/types\/product"}],"wp:featuredmedia":[{"embeddable":true,"href":"https:\/\/olemosaic.com\/pt-pt\/wp-json\/wp\/v2\/media\/13504"}],"wp:attachment":[{"href":"https:\/\/olemosaic.com\/pt-pt\/wp-json\/wp\/v2\/media?parent=37097"}],"wp:term":[{"taxonomy":"product_brand","embeddable":true,"href":"https:\/\/olemosaic.com\/pt-pt\/wp-json\/wp\/v2\/product_brand?post=37097"},{"taxonomy":"product_cat","embeddable":true,"href":"https:\/\/olemosaic.com\/pt-pt\/wp-json\/wp\/v2\/product_cat?post=37097"},{"taxonomy":"product_tag","embeddable":true,"href":"https:\/\/olemosaic.com\/pt-pt\/wp-json\/wp\/v2\/product_tag?post=37097"}],"curies":[{"name":"wp","href":"https:\/\/api.w.org\/{rel}","templated":true}]}}