{"id":37096,"date":"2025-02-20T22:36:51","date_gmt":"2025-02-20T22:36:51","guid":{"rendered":"http:\/\/olemosaic.com\/producto\/4-bols-de-coco-de-13-x-6-cm-isla-fuerteventura\/"},"modified":"2025-07-25T19:54:19","modified_gmt":"2025-07-25T17:54:19","slug":"4-tacas-de-coco-de-13-x-6-cm-ilha-fuerteventura","status":"publish","type":"product","link":"https:\/\/olemosaic.com\/pt-pt\/produto\/4-tacas-de-coco-de-13-x-6-cm-ilha-fuerteventura\/","title":{"rendered":"4 Ta\u00e7as de coco de 13 x 6 cm. Ilha. Fuerteventura."},"content":{"rendered":"<p>Apresentamos o nosso conjunto de quatro ta\u00e7as de coco decoradas com motivos distintivos de Fuerteventura, uma aut\u00eantica express\u00e3o da arte can\u00e1ria. Cada ta\u00e7a, de 13 x 6 cm, destaca cores vibrantes como o azul, o rosa, o laranja e o branco, que evocam a beleza natural da ilha. Os padr\u00f5es de pontos, cuidadosamente desenhados, conferem um toque contempor\u00e2neo e alegre, fazendo de cada pe\u00e7a n\u00e3o s\u00f3 um objeto funcional, mas tamb\u00e9m uma obra de arte decorativa que encantar\u00e1 quem procura recorda\u00e7\u00f5es representativas da sua viagem.<\/p>\n<p>As ta\u00e7as apresentam a ic\u00f3nica silhueta de Fuerteventura, destacando a sua liga\u00e7\u00e3o cultural com a ilha e oferecendo uma forma \u00fanica de levar um peda\u00e7o deste destino para casa. S\u00e3o leves e resistentes, ideais para servir aperitivos ou como parte de uma decora\u00e7\u00e3o vibrante. Este produto n\u00e3o s\u00f3 celebra a riqueza da paisagem can\u00e1ria, como tamb\u00e9m representa uma op\u00e7\u00e3o excecional para turistas que procuram souvenirs aut\u00eanticos e culturalmente significativos.<\/p>\n<p>Na Ol\u00e9 Mosaic, especializamo-nos na distribui\u00e7\u00e3o de souvenirs por grosso, garantindo a autenticidade e qualidade dos nossos produtos can\u00e1rios. Este conjunto de ta\u00e7as de coco \u00e9 uma escolha perfeita para lojas de presentes tur\u00edsticos que desejem oferecer aos seus clientes recorda\u00e7\u00f5es \u00fanicas e coloridas de Fuerteventura. Como grossistas de souvenirs, oferecemos pe\u00e7as que combinam design, funcionalidade e um forte la\u00e7o cultural.<\/p>\n","protected":false},"excerpt":{"rendered":"<p>Ta\u00e7as de coco de 13 x 6 cm, decoradas com motivos distintivos de Fuerteventura. Este conjunto de quatro ta\u00e7as apresenta cores vibrantes, como azul, rosa, laranja e branco, com padr\u00f5es de pontos que evocam a beleza natural da ilha. Cada uma \u00e9 leve e resistente, ideal para servir aperitivos ou como elemento decorativo. Os detalhes gr\u00e1ficos incluem a silhueta de Fuerteventura, lo que torna este produto uma aut\u00eantica recorda\u00e7\u00e3o can\u00e1ria.<\/p>\n","protected":false},"featured_media":12128,"template":"","meta":{"_acf_changed":false},"product_brand":[],"product_cat":[513],"product_tag":[],"class_list":{"0":"post-37096","1":"product","2":"type-product","3":"status-publish","4":"has-post-thumbnail","6":"product_cat-bols","7":"pa_ciudad-fuerteventura","8":"pa_motivo-ilhas","9":"pa_pais-espana","11":"first","12":"instock","13":"shipping-taxable","14":"product-type-simple"},"acf":[],"_links":{"self":[{"href":"https:\/\/olemosaic.com\/pt-pt\/wp-json\/wp\/v2\/product\/37096","targetHints":{"allow":["GET"]}}],"collection":[{"href":"https:\/\/olemosaic.com\/pt-pt\/wp-json\/wp\/v2\/product"}],"about":[{"href":"https:\/\/olemosaic.com\/pt-pt\/wp-json\/wp\/v2\/types\/product"}],"wp:featuredmedia":[{"embeddable":true,"href":"https:\/\/olemosaic.com\/pt-pt\/wp-json\/wp\/v2\/media\/12128"}],"wp:attachment":[{"href":"https:\/\/olemosaic.com\/pt-pt\/wp-json\/wp\/v2\/media?parent=37096"}],"wp:term":[{"taxonomy":"product_brand","embeddable":true,"href":"https:\/\/olemosaic.com\/pt-pt\/wp-json\/wp\/v2\/product_brand?post=37096"},{"taxonomy":"product_cat","embeddable":true,"href":"https:\/\/olemosaic.com\/pt-pt\/wp-json\/wp\/v2\/product_cat?post=37096"},{"taxonomy":"product_tag","embeddable":true,"href":"https:\/\/olemosaic.com\/pt-pt\/wp-json\/wp\/v2\/product_tag?post=37096"}],"curies":[{"name":"wp","href":"https:\/\/api.w.org\/{rel}","templated":true}]}}