{"id":37093,"date":"2025-02-20T23:36:50","date_gmt":"2025-02-20T22:36:50","guid":{"rendered":"http:\/\/olemosaic.com\/producto\/taza-de-ceramica-caballito-de-mar-beige\/"},"modified":"2025-07-25T20:09:03","modified_gmt":"2025-07-25T18:09:03","slug":"caneca-de-ceramica-cavalo-marinho-bege-pt-pt","status":"publish","type":"product","link":"https:\/\/olemosaic.com\/pt-pt\/produto\/caneca-de-ceramica-cavalo-marinho-bege-pt-pt\/","title":{"rendered":"Caneca de cer\u00e2mica. Cavalo-marinho. Bege."},"content":{"rendered":"<p>Apresentamos a nossa encantadora caneca de cer\u00e2mica com design de cavalos-marinhos, uma pe\u00e7a ideal para quem ama o mar e a sua fascinante vida marinha. Esta caneca, com a sua base bege suave, oferece um cen\u00e1rio perfeito para os vibrantes cavalos-marinhos, decorados com uma requintada combina\u00e7\u00e3o de tons azuis e vermelhos. Cada pe\u00e7a parece ser pintada \u00e0 m\u00e3o, o que permite que os detalhes e texturas realcem a eleg\u00e2ncia destas criaturas marinhas, evocando a beleza do fundo oce\u00e2nico. A caneca inclui uma asa de cor contrastante que, al\u00e9m de ser pr\u00e1tica, adiciona um toque divertido. Al\u00e9m disso, vem com uma colher a condizer que a torna ainda mais funcional e atraente, perfeita para desfrutar das suas bebidas favoritas, desde caf\u00e9 a infus\u00f5es, enquanto adiciona um toque marinho \u00e0 sua mesa. Este souvenir representa a rica liga\u00e7\u00e3o cultural com as costas mediterr\u00e2nicas, onde os cavalos-marinhos s\u00e3o um s\u00edmbolo de tranquilidade e beleza do oceano. Na Ol\u00e9 Mosaic, dedicamo-nos \u00e0 distribui\u00e7\u00e3o de souvenirs por grosso, e esta caneca de cavalos-marinhos \u00e9 uma op\u00e7\u00e3o ideal para lojas de presentes tur\u00edsticos que procuram produtos aut\u00eanticos e representativos. N\u00e3o deixe passar a oportunidade de oferecer aos seus clientes um peda\u00e7o do mar em cada gole.<\/p>\n","protected":false},"excerpt":{"rendered":"<p>Caneca de cer\u00e2mica com design de cavalos-marinhos, ideal para os amantes do mar e da vida marinha. Esta encantadora caneca apresenta uma base bege decorada com cavalos-marinhos em tons vibrantes de azul e vermelho, com um estilo de design artesanal, pintado \u00e0 m\u00e3o, que real\u00e7a os detalhes e texturas. Inclui uma asa em cor contrastante e uma colher a condizer, perfeita para desfrutar das suas bebidas favoritas e dar um toque marinho \u00e0 sua mesa.<\/p>\n","protected":false},"featured_media":6940,"template":"","meta":{"_acf_changed":false},"product_brand":[],"product_cat":[833],"product_tag":[516,515],"class_list":{"0":"post-37093","1":"product","2":"type-product","3":"status-publish","4":"has-post-thumbnail","6":"product_cat-canecas","7":"product_tag-animais","8":"product_tag-ceramica","9":"pa_motivo-cavalos-marinhos","11":"first","12":"instock","13":"shipping-taxable","14":"product-type-simple"},"acf":[],"_links":{"self":[{"href":"https:\/\/olemosaic.com\/pt-pt\/wp-json\/wp\/v2\/product\/37093","targetHints":{"allow":["GET"]}}],"collection":[{"href":"https:\/\/olemosaic.com\/pt-pt\/wp-json\/wp\/v2\/product"}],"about":[{"href":"https:\/\/olemosaic.com\/pt-pt\/wp-json\/wp\/v2\/types\/product"}],"wp:featuredmedia":[{"embeddable":true,"href":"https:\/\/olemosaic.com\/pt-pt\/wp-json\/wp\/v2\/media\/6940"}],"wp:attachment":[{"href":"https:\/\/olemosaic.com\/pt-pt\/wp-json\/wp\/v2\/media?parent=37093"}],"wp:term":[{"taxonomy":"product_brand","embeddable":true,"href":"https:\/\/olemosaic.com\/pt-pt\/wp-json\/wp\/v2\/product_brand?post=37093"},{"taxonomy":"product_cat","embeddable":true,"href":"https:\/\/olemosaic.com\/pt-pt\/wp-json\/wp\/v2\/product_cat?post=37093"},{"taxonomy":"product_tag","embeddable":true,"href":"https:\/\/olemosaic.com\/pt-pt\/wp-json\/wp\/v2\/product_tag?post=37093"}],"curies":[{"name":"wp","href":"https:\/\/api.w.org\/{rel}","templated":true}]}}