{"id":37092,"date":"2025-02-20T22:36:50","date_gmt":"2025-02-20T22:36:50","guid":{"rendered":"http:\/\/olemosaic.com\/producto\/bola-de-navidad-con-caja-gato\/"},"modified":"2025-07-25T19:36:54","modified_gmt":"2025-07-25T17:36:54","slug":"bola-de-natal-com-caixa-gato","status":"publish","type":"product","link":"https:\/\/olemosaic.com\/pt-pt\/produto\/bola-de-natal-com-caixa-gato\/","title":{"rendered":"Bola de Natal com caixa. Gato."},"content":{"rendered":"<p>Apresentamos a nossa bola de Natal decorativa de vidro, inspirada na magn\u00edfica arte do mosaico de Gaud\u00ed. Esta pe\u00e7a n\u00e3o s\u00f3 embelezar\u00e1 a vossa \u00e1rvore de Natal, como tamb\u00e9m evocar\u00e1 a ess\u00eancia vibrante de Barcelona. A bola apresenta no seu design dois gatos estilizados, cada um decorado com uma exuberante combina\u00e7\u00e3o de cores que recordam a cer\u00e2mica do famoso arquiteto. A base da bola est\u00e1 adornada com padr\u00f5es geom\u00e9tricos e cores brilhantes, que conferem um ar festivo e alegre, tornando-a o presente perfeito para os amantes da decora\u00e7\u00e3o natal\u00edcia e da arte espanhola.<\/p>\n<p>A bola inclui um la\u00e7o vermelho distintivo que facilita a sua exposi\u00e7\u00e3o, tornando-a um adorno elegante e atraente para qualquer lar durante a \u00e9poca natal\u00edcia. Al\u00e9m disso, \u00e9 apresentada numa elegante caixa, ideal para oferecer ou conservar. Este souvenir de Barcelona n\u00e3o s\u00f3 se destaca pela sua est\u00e9tica, como tamb\u00e9m encapsula a autenticidade cultural da regi\u00e3o, servindo como uma bela recorda\u00e7\u00e3o das maravilhas da cidade. Na Ol\u00e9 Mosaic, o nosso compromisso \u00e9 oferecer produtos que reflitam a riqueza do patrim\u00f3nio espanhol, e esta bola natal\u00edcia \u00e9 uma excelente op\u00e7\u00e3o para lojas de presentes tur\u00edsticos que procurem artigos \u00fanicos e significativos. Como grossistas de souvenirs, garantimos a qualidade e o design em cada um dos nossos produtos.<\/p>\n","protected":false},"excerpt":{"rendered":"<p>Bola de Natal decorativa de vidro com caixa, inspirada na arte do mosaico de Gaud\u00ed. Apresenta um design vibrante com dois gatos rodeados por uma base de cores brilhantes e padr\u00f5es geom\u00e9tricos, evocando a cer\u00e2mica colorida de Barcelona. A bola est\u00e1 adornada com um la\u00e7o vermelho para facilitar a sua coloca\u00e7\u00e3o. Um presente perfeito para os amantes da decora\u00e7\u00e3o natal\u00edcia e da arte espanhola, que adiciona um toque art\u00edstico a qualquer \u00e1rvore de Natal.<\/p>\n","protected":false},"featured_media":9745,"template":"","meta":{"_acf_changed":false},"product_brand":[],"product_cat":[652],"product_tag":[516,642],"class_list":{"0":"post-37092","1":"product","2":"type-product","3":"status-publish","4":"has-post-thumbnail","6":"product_cat-bolas-de-natal","7":"product_tag-animais","8":"product_tag-natal","9":"pa_motivo-gatos","11":"first","12":"instock","13":"shipping-taxable","14":"product-type-simple"},"acf":[],"_links":{"self":[{"href":"https:\/\/olemosaic.com\/pt-pt\/wp-json\/wp\/v2\/product\/37092","targetHints":{"allow":["GET"]}}],"collection":[{"href":"https:\/\/olemosaic.com\/pt-pt\/wp-json\/wp\/v2\/product"}],"about":[{"href":"https:\/\/olemosaic.com\/pt-pt\/wp-json\/wp\/v2\/types\/product"}],"wp:featuredmedia":[{"embeddable":true,"href":"https:\/\/olemosaic.com\/pt-pt\/wp-json\/wp\/v2\/media\/9745"}],"wp:attachment":[{"href":"https:\/\/olemosaic.com\/pt-pt\/wp-json\/wp\/v2\/media?parent=37092"}],"wp:term":[{"taxonomy":"product_brand","embeddable":true,"href":"https:\/\/olemosaic.com\/pt-pt\/wp-json\/wp\/v2\/product_brand?post=37092"},{"taxonomy":"product_cat","embeddable":true,"href":"https:\/\/olemosaic.com\/pt-pt\/wp-json\/wp\/v2\/product_cat?post=37092"},{"taxonomy":"product_tag","embeddable":true,"href":"https:\/\/olemosaic.com\/pt-pt\/wp-json\/wp\/v2\/product_tag?post=37092"}],"curies":[{"name":"wp","href":"https:\/\/api.w.org\/{rel}","templated":true}]}}