{"id":37089,"date":"2025-02-20T23:36:50","date_gmt":"2025-02-20T22:36:50","guid":{"rendered":"http:\/\/olemosaic.com\/producto\/taza-de-ceramica-salamandra-menorca-beige\/"},"modified":"2025-07-25T19:49:46","modified_gmt":"2025-07-25T17:49:46","slug":"caneca-de-ceramica-salamandra-menorca-bege-pt-pt","status":"publish","type":"product","link":"https:\/\/olemosaic.com\/pt-pt\/produto\/caneca-de-ceramica-salamandra-menorca-bege-pt-pt\/","title":{"rendered":"Caneca de cer\u00e2mica. Salamandra. Menorca. Bege."},"content":{"rendered":"<p>Apresentamos a Caneca de Cer\u00e2mica de Menorca, uma recorda\u00e7\u00e3o excecional inspirada na vibrante fauna desta espetacular ilha bale\u00e1rica. Cada caneca destaca-se pelo seu design exclusivo, adornado com ilustra\u00e7\u00f5es de coloridas salamandras sobre um fundo bege encantador, que evocam a beleza natural e a rica biodiversidade de Menorca. Elaborada em cer\u00e2mica artesanal, este produto n\u00e3o s\u00f3 \u00e9 visualmente atraente, como tamb\u00e9m funcional, tornando-se o companheiro ideal para desfrutar das suas bebidas favoritas. O magn\u00edfico detalhe pintado \u00e0 m\u00e3o real\u00e7a motivos florais que conferem um toque \u00fanico e elegante, garantindo que cada caneca seja uma aut\u00eantica obra de arte.<\/p>\n<p>A pr\u00e1tica asa desta caneca \u00e9 complementada por uma colher da mesma cor, facilitando que possa desfrutar das suas infus\u00f5es ou caf\u00e9s com um estilo distintivo. A liga\u00e7\u00e3o cultural desta caneca reside no seu reflexo da ess\u00eancia menorquina, onde a natureza e a tradi\u00e7\u00e3o se unem, tornando-a uma recorda\u00e7\u00e3o representativa que evoca as paisagens e a fauna local.<\/p>\n<p>Na Ol\u00e9 Mosaic, especializamo-nos na distribui\u00e7\u00e3o de recorda\u00e7\u00f5es por grosso, e esta caneca de cer\u00e2mica \u00e9 uma op\u00e7\u00e3o perfeita para lojas de presentes tur\u00edsticos que procuram oferecer produtos aut\u00eanticos e culturalmente relevantes. Com o seu design atraente e a sua representa\u00e7\u00e3o da fauna de Menorca, esta caneca posiciona-se como uma excelente recorda\u00e7\u00e3o para turistas que desejam levar consigo um peda\u00e7o da ilha.<\/p>\n","protected":false},"excerpt":{"rendered":"<p>Caneca de cer\u00e2mica de design exclusivo inspirada na fauna de Menorca, decorada com ilustra\u00e7\u00f5es de salamandras em cores vivas sobre um fundo bege. Cada caneca apresenta um colorido design artesanal, pintado \u00e0 m\u00e3o, com motivos florais que lhe d\u00e3o um toque \u00fanico. Com a sua pr\u00e1tica asa que inclui uma colher a condizer, esta caneca \u00e9 ideal para desfrutar das suas bebidas favoritas enquanto se transporta para o encanto natural desta preciosa ilha bale\u00e1rica.<\/p>\n","protected":false},"featured_media":6902,"template":"","meta":{"_acf_changed":false},"product_brand":[],"product_cat":[833],"product_tag":[516,515],"class_list":{"0":"post-37089","1":"product","2":"type-product","3":"status-publish","4":"has-post-thumbnail","6":"product_cat-canecas","7":"product_tag-animais","8":"product_tag-ceramica","9":"pa_ciudad-menorca","10":"pa_motivo-salamandras","11":"pa_pais-espana","13":"first","14":"instock","15":"shipping-taxable","16":"product-type-simple"},"acf":[],"_links":{"self":[{"href":"https:\/\/olemosaic.com\/pt-pt\/wp-json\/wp\/v2\/product\/37089","targetHints":{"allow":["GET"]}}],"collection":[{"href":"https:\/\/olemosaic.com\/pt-pt\/wp-json\/wp\/v2\/product"}],"about":[{"href":"https:\/\/olemosaic.com\/pt-pt\/wp-json\/wp\/v2\/types\/product"}],"wp:featuredmedia":[{"embeddable":true,"href":"https:\/\/olemosaic.com\/pt-pt\/wp-json\/wp\/v2\/media\/6902"}],"wp:attachment":[{"href":"https:\/\/olemosaic.com\/pt-pt\/wp-json\/wp\/v2\/media?parent=37089"}],"wp:term":[{"taxonomy":"product_brand","embeddable":true,"href":"https:\/\/olemosaic.com\/pt-pt\/wp-json\/wp\/v2\/product_brand?post=37089"},{"taxonomy":"product_cat","embeddable":true,"href":"https:\/\/olemosaic.com\/pt-pt\/wp-json\/wp\/v2\/product_cat?post=37089"},{"taxonomy":"product_tag","embeddable":true,"href":"https:\/\/olemosaic.com\/pt-pt\/wp-json\/wp\/v2\/product_tag?post=37089"}],"curies":[{"name":"wp","href":"https:\/\/api.w.org\/{rel}","templated":true}]}}