{"id":37087,"date":"2025-02-20T22:36:49","date_gmt":"2025-02-20T22:36:49","guid":{"rendered":"http:\/\/olemosaic.com\/producto\/funda-de-telefono-para-iphone-12-tpu-sagrada-familia-barcelona-azul\/"},"modified":"2025-07-25T19:56:32","modified_gmt":"2025-07-25T17:56:32","slug":"capa-para-telemovel-para-iphone-12-tpu-sagrada-familia-barcelona-azul","status":"publish","type":"product","link":"https:\/\/olemosaic.com\/pt-pt\/produto\/capa-para-telemovel-para-iphone-12-tpu-sagrada-familia-barcelona-azul\/","title":{"rendered":"Capa para telem\u00f3vel para iPhone 12 (TPU). Sagrada Fam\u00edlia. Barcelona. Azul"},"content":{"rendered":"<p>Apresentamos a incr\u00edvel capa para iPhone 12, uma pe\u00e7a que funde funcionalidade e arte, adornada com uma vibrante ilustra\u00e7\u00e3o da emblem\u00e1tica Sagrada Fam\u00edlia de Barcelona. Fabricada em TPU, esta capa n\u00e3o s\u00f3 protege o seu dispositivo com robustez, como tamb\u00e9m se destaca pelo seu design atraente. A imagem capta a majestade da bas\u00edlica, utilizando uma paleta de cores quentes e azuis que simbolizam a sua beleza arquitet\u00f3nica, com um fundo de mosaico que evoca o estilo inconfund\u00edvel de Antoni Gaud\u00ed.<\/p>\n<p>O design inclui o texto &#8220;Barcelona&#8221; numa tipografia elegante, que confere um toque aut\u00eantico a esta recorda\u00e7\u00e3o da cidade condal. Com o seu estilo art\u00edstico e contempor\u00e2neo, esta capa \u00e9 ideal para quem deseja proteger o seu smartphone e, ao mesmo tempo, exibir uma lembran\u00e7a representativa da sua visita a Barcelona. Este produto \u00e9 uma excelente op\u00e7\u00e3o para turistas e amantes da cultura que apreciam a liga\u00e7\u00e3o entre tecnologia e arte.<\/p>\n<p>Na Ol\u00e9 Mosaic, especializamo-nos na distribui\u00e7\u00e3o de recorda\u00e7\u00f5es por grosso, e esta capa da Sagrada Fam\u00edlia \u00e9 uma amostra perfeita da rica tradi\u00e7\u00e3o cultural de Espanha. \u00c9 um artigo que, al\u00e9m do seu uso pr\u00e1tico, se torna uma bonita recorda\u00e7\u00e3o e um grande atrativo para as lojas de presentes tur\u00edsticos, ampliando a sua oferta com produtos aut\u00eanticos e de qualidade.<\/p>\n","protected":false},"excerpt":{"rendered":"<p>Capa para iPhone 12 fabricada em TPU, com uma vibrante ilustra\u00e7\u00e3o da Sagrada Fam\u00edlia de Barcelona. O design destaca-se pelos seus tons azuis e quentes, que representam a famosa bas\u00edlica sobre um fundo de mosaico inspirado no estilo Gaud\u00ed. A palavra &#8220;Barcelona&#8221; est\u00e1 inclu\u00edda numa tipografia elegante, adicionando um toque de identidade cultural. Perfeita para quem deseja proteger o seu dispositivo com um design art\u00edstico e atraente.<\/p>\n","protected":false},"featured_media":12226,"template":"","meta":{"_acf_changed":false},"product_brand":[],"product_cat":[685],"product_tag":[],"class_list":{"0":"post-37087","1":"product","2":"type-product","3":"status-publish","4":"has-post-thumbnail","6":"product_cat-capas-para-telemoveis","7":"pa_ciudad-barcelona","8":"pa_motivo-sagrada-familia","9":"pa_pais-espana","11":"first","12":"instock","13":"shipping-taxable","14":"product-type-simple"},"acf":[],"_links":{"self":[{"href":"https:\/\/olemosaic.com\/pt-pt\/wp-json\/wp\/v2\/product\/37087","targetHints":{"allow":["GET"]}}],"collection":[{"href":"https:\/\/olemosaic.com\/pt-pt\/wp-json\/wp\/v2\/product"}],"about":[{"href":"https:\/\/olemosaic.com\/pt-pt\/wp-json\/wp\/v2\/types\/product"}],"wp:featuredmedia":[{"embeddable":true,"href":"https:\/\/olemosaic.com\/pt-pt\/wp-json\/wp\/v2\/media\/12226"}],"wp:attachment":[{"href":"https:\/\/olemosaic.com\/pt-pt\/wp-json\/wp\/v2\/media?parent=37087"}],"wp:term":[{"taxonomy":"product_brand","embeddable":true,"href":"https:\/\/olemosaic.com\/pt-pt\/wp-json\/wp\/v2\/product_brand?post=37087"},{"taxonomy":"product_cat","embeddable":true,"href":"https:\/\/olemosaic.com\/pt-pt\/wp-json\/wp\/v2\/product_cat?post=37087"},{"taxonomy":"product_tag","embeddable":true,"href":"https:\/\/olemosaic.com\/pt-pt\/wp-json\/wp\/v2\/product_tag?post=37087"}],"curies":[{"name":"wp","href":"https:\/\/api.w.org\/{rel}","templated":true}]}}