{"id":37084,"date":"2025-02-20T23:36:49","date_gmt":"2025-02-20T22:36:49","guid":{"rendered":"http:\/\/olemosaic.com\/producto\/funda-de-telefono-para-xiaomi-rmnote-12-tpu-abstracto-negro-2\/"},"modified":"2025-07-25T18:54:07","modified_gmt":"2025-07-25T16:54:07","slug":"capa-de-telemovel-para-xiaomi-rmnote-12-tpu-abstrato-preto-2","status":"publish","type":"product","link":"https:\/\/olemosaic.com\/pt-pt\/produto\/capa-de-telemovel-para-xiaomi-rmnote-12-tpu-abstrato-preto-2\/","title":{"rendered":"Capa de telem\u00f3vel para Xiaomi RMNote 12 (TPU). Abstrato. Padr\u00e3o ondulado. Preto"},"content":{"rendered":"<p>Apresentamos a capa para o telem\u00f3vel Xiaomi Redmi Note 12, uma aut\u00eantica obra de arte moderna que combina prote\u00e7\u00e3o e estilo. Fabricada em TPU de alta resist\u00eancia, esta capa n\u00e3o s\u00f3 protege de forma excecional contra choques e riscos, como se destaca pelo seu elegante design abstrato. A sua superf\u00edcie apresenta um fascinante padr\u00e3o de linhas onduladas em vibrantes tons verdes, rosas, amarelos e azuis, sobre um fundo preto que acentua o seu atrativo visual. Este design din\u00e2mico converte a capa num acess\u00f3rio ideal para quem deseja personalizar o seu dispositivo de forma \u00fanica e contempor\u00e2nea.<\/p>\n<p>A liga\u00e7\u00e3o cultural desta capa com a arte abstrata reflete o esp\u00edrito criativo e vanguardista das cidades mais cosmopolitas de Espanha, onde o design e a inova\u00e7\u00e3o desempenham um papel fundamental. Perfeita para turistas e locais que procuram souvenirs interessantes e \u00fateis, esta capa \u00e9 uma excelente recorda\u00e7\u00e3o da modernidade e da originalidade da arte espanhola contempor\u00e2nea.<\/p>\n<p>Na Ol\u00e9 Mosaic, orgulhamo-nos de distribuir produtos aut\u00eanticos e funcionais, oferecendo capas por grosso que combinam est\u00e9tica e praticidade. Esta capa para Xiaomi Redmi Note 12 \u00e9 uma op\u00e7\u00e3o excelente para lojas de presentes tur\u00edsticos que procuram souvenirs inovadores que cativem os visitantes e reflitam a riqueza cultural de Espanha.<\/p>\n","protected":false},"excerpt":{"rendered":"<p>Capa para Xiaomi Redmi Note 12 de TPU, com um design abstrato em tons vibrantes. A capa apresenta um padr\u00e3o de linhas onduladas em cores como verde, rosa, amarelo e azul sobre um fundo preto, o que lhe confere um aspeto moderno e din\u00e2mico. A sua fabrica\u00e7\u00e3o em TPU oferece flexibilidade e resist\u00eancia, protegendo o dispositivo contra choques e riscos, ao mesmo tempo que se destaca pela sua originalidade e estilo contempor\u00e2neo.<\/p>\n","protected":false},"featured_media":12708,"template":"","meta":{"_acf_changed":false},"product_brand":[],"product_cat":[685],"product_tag":[],"class_list":{"0":"post-37084","1":"product","2":"type-product","3":"status-publish","4":"has-post-thumbnail","6":"product_cat-capas-para-telemoveis","7":"pa_motivo-resumo","9":"first","10":"instock","11":"shipping-taxable","12":"product-type-simple"},"acf":[],"_links":{"self":[{"href":"https:\/\/olemosaic.com\/pt-pt\/wp-json\/wp\/v2\/product\/37084","targetHints":{"allow":["GET"]}}],"collection":[{"href":"https:\/\/olemosaic.com\/pt-pt\/wp-json\/wp\/v2\/product"}],"about":[{"href":"https:\/\/olemosaic.com\/pt-pt\/wp-json\/wp\/v2\/types\/product"}],"wp:featuredmedia":[{"embeddable":true,"href":"https:\/\/olemosaic.com\/pt-pt\/wp-json\/wp\/v2\/media\/12708"}],"wp:attachment":[{"href":"https:\/\/olemosaic.com\/pt-pt\/wp-json\/wp\/v2\/media?parent=37084"}],"wp:term":[{"taxonomy":"product_brand","embeddable":true,"href":"https:\/\/olemosaic.com\/pt-pt\/wp-json\/wp\/v2\/product_brand?post=37084"},{"taxonomy":"product_cat","embeddable":true,"href":"https:\/\/olemosaic.com\/pt-pt\/wp-json\/wp\/v2\/product_cat?post=37084"},{"taxonomy":"product_tag","embeddable":true,"href":"https:\/\/olemosaic.com\/pt-pt\/wp-json\/wp\/v2\/product_tag?post=37084"}],"curies":[{"name":"wp","href":"https:\/\/api.w.org\/{rel}","templated":true}]}}