{"id":37083,"date":"2025-02-20T23:36:49","date_gmt":"2025-02-20T22:36:49","guid":{"rendered":"http:\/\/olemosaic.com\/producto\/funda-de-telefono-para-xiaomi-13-tpu-abstracto-azul-2\/"},"modified":"2025-07-25T19:41:44","modified_gmt":"2025-07-25T17:41:44","slug":"capa-de-telemovel-para-xiaomi-13-tpu-abstrato-azul-2","status":"publish","type":"product","link":"https:\/\/olemosaic.com\/pt-pt\/produto\/capa-de-telemovel-para-xiaomi-13-tpu-abstrato-azul-2\/","title":{"rendered":"Capa de telem\u00f3vel para Xiaomi 13 (TPU). Abstrato. Estilo moderno. Azul"},"content":{"rendered":"<p>Apresentamos a capa para o Xiaomi 13, uma op\u00e7\u00e3o vibrante e moderna que combina prote\u00e7\u00e3o e estilo num \u00fanico acess\u00f3rio. Fabricada em TPU, destaca-se pelo seu design abstrato com um esquema de cores en\u00e9rgico, com tons azuis, verdes, amarelos e vermelhos que evocam dinamismo e frescura. A superf\u00edcie incorpora um efeito diamante que, al\u00e9m de conferir profundidade e textura, d\u00e1-lhe um toque elegante e contempor\u00e2neo.<\/p>\n<p>Esta capa foi desenhada para se adaptar na perfei\u00e7\u00e3o ao Xiaomi 13, garantindo um f\u00e1cil acesso a todas as portas e bot\u00f5es, ao mesmo tempo que protege o dispositivo de choques e riscos. A qualidade dos materiais assegura uma durabilidade excecional, tornando-a uma op\u00e7\u00e3o ideal para quem procura uma recorda\u00e7\u00e3o que combine funcionalidade e atrativo visual.<\/p>\n<p>Como parte da cole\u00e7\u00e3o Ol\u00e9 Mosaic, esta capa \u00e9 uma excelente op\u00e7\u00e3o para lojas de presentes tur\u00edsticos e retalhistas que procuram artigos que reflitam a modernidade e o estilo contempor\u00e2neo. \u00c9 ideal para turistas que procuram uma recorda\u00e7\u00e3o aut\u00eantica e pr\u00e1tica, e \u00e9 um testemunho da criatividade no design de acess\u00f3rios m\u00f3veis, perfeitos para expressar a personalidade \u00fanica de cada utilizador.<\/p>\n","protected":false},"excerpt":{"rendered":"<p>Capa de telem\u00f3vel para Xiaomi 13 fabricada em TPU com um design abstrato que combina azuis, verdes, amarelos e vermelhos vibrantes. Esta capa n\u00e3o s\u00f3 oferece uma excelente prote\u00e7\u00e3o, como o seu atrativo gr\u00e1fico confere um estilo moderno e en\u00e9rgico. A superf\u00edcie, com o seu efeito de diamante, adiciona profundidade e textura, tornando-a num acess\u00f3rio funcional e visualmente impactante, ideal para quem deseja expressar a sua personalidade atrav\u00e9s do seu dispositivo.<\/p>\n","protected":false},"featured_media":12684,"template":"","meta":{"_acf_changed":false},"product_brand":[],"product_cat":[685],"product_tag":[],"class_list":{"0":"post-37083","1":"product","2":"type-product","3":"status-publish","4":"has-post-thumbnail","6":"product_cat-capas-para-telemoveis","7":"pa_motivo-resumo","9":"first","10":"instock","11":"shipping-taxable","12":"product-type-simple"},"acf":[],"_links":{"self":[{"href":"https:\/\/olemosaic.com\/pt-pt\/wp-json\/wp\/v2\/product\/37083","targetHints":{"allow":["GET"]}}],"collection":[{"href":"https:\/\/olemosaic.com\/pt-pt\/wp-json\/wp\/v2\/product"}],"about":[{"href":"https:\/\/olemosaic.com\/pt-pt\/wp-json\/wp\/v2\/types\/product"}],"wp:featuredmedia":[{"embeddable":true,"href":"https:\/\/olemosaic.com\/pt-pt\/wp-json\/wp\/v2\/media\/12684"}],"wp:attachment":[{"href":"https:\/\/olemosaic.com\/pt-pt\/wp-json\/wp\/v2\/media?parent=37083"}],"wp:term":[{"taxonomy":"product_brand","embeddable":true,"href":"https:\/\/olemosaic.com\/pt-pt\/wp-json\/wp\/v2\/product_brand?post=37083"},{"taxonomy":"product_cat","embeddable":true,"href":"https:\/\/olemosaic.com\/pt-pt\/wp-json\/wp\/v2\/product_cat?post=37083"},{"taxonomy":"product_tag","embeddable":true,"href":"https:\/\/olemosaic.com\/pt-pt\/wp-json\/wp\/v2\/product_tag?post=37083"}],"curies":[{"name":"wp","href":"https:\/\/api.w.org\/{rel}","templated":true}]}}