{"id":37081,"date":"2025-02-20T23:36:48","date_gmt":"2025-02-20T22:36:48","guid":{"rendered":"http:\/\/olemosaic.com\/producto\/funda-de-telefono-para-xiaomi-11-tpu-abstracto-negro-2\/"},"modified":"2025-07-25T20:11:22","modified_gmt":"2025-07-25T18:11:22","slug":"capa-para-telemovel-xiaomi-11-tpu-abstrato-preto-2","status":"publish","type":"product","link":"https:\/\/olemosaic.com\/pt-pt\/produto\/capa-para-telemovel-xiaomi-11-tpu-abstrato-preto-2\/","title":{"rendered":"Capa para telem\u00f3vel Xiaomi 11 (TPU). Abstrato. Tra\u00e7os coloridos. Preto"},"content":{"rendered":"<p>Apresentamos a capa para o Xiaomi 11, uma pe\u00e7a de design contempor\u00e2neo que combina prote\u00e7\u00e3o e estilo num \u00fanico acess\u00f3rio. Fabricada em TPU, esta capa oferece uma resist\u00eancia ideal contra choques e quedas, assegurando que o seu dispositivo permane\u00e7a seguro em todos os momentos. O seu design abstrato apresenta um fundo preto din\u00e2mico salpicado de vibrantes tra\u00e7os de cores que evocam luzes ondulantes, criando um efeito visual cativante. As linhas iluminadas em tons n\u00e9on n\u00e3o s\u00f3 adicionam um toque de modernidade, como tamb\u00e9m real\u00e7am a eleg\u00e2ncia do dispositivo, transformando o seu Xiaomi 11 num acess\u00f3rio de moda.<\/p>\n<p>Ideal para quem procura um complemento que reflita a sua personalidade din\u00e2mica e contempor\u00e2nea, esta capa \u00e9 uma excelente op\u00e7\u00e3o para turistas que desejem levar uma recorda\u00e7\u00e3o tecnol\u00f3gica com um toque de estilo. Na Ol\u00e9 Mosaic, como grossistas de acess\u00f3rios tecnol\u00f3gicos, garantimos que os nossos produtos combinam funcionalidade e est\u00e9tica, fazendo desta capa um souvenir perfeito que se destaca tanto pelo seu design como pela sua autenticidade, um reflexo da cultura moderna. N\u00e3o hesite em oferecer esta capa moderna e colorida na sua loja de presentes tur\u00edsticos; \u00e9 um artigo atraente que certamente captar\u00e1 o interesse dos seus clientes.<\/p>\n","protected":false},"excerpt":{"rendered":"<p>Capa para telem\u00f3vel Xiaomi 11 de TPU, com um design abstrato em tons pretos e tra\u00e7os de cores vibrantes que evocam luzes ondulantes. Este protetor, al\u00e9m de oferecer seguran\u00e7a ao seu dispositivo, adiciona um toque moderno e din\u00e2mico gra\u00e7as ao seu padr\u00e3o colorido. As linhas iluminadas em tons n\u00e9on criam um efeito visual atraente que real\u00e7a a eleg\u00e2ncia e o estilo da tecnologia contempor\u00e2nea. Perfeita para quem procura prote\u00e7\u00e3o e estilo num \u00fanico acess\u00f3rio.<\/p>\n","protected":false},"featured_media":12648,"template":"","meta":{"_acf_changed":false},"product_brand":[],"product_cat":[685],"product_tag":[],"class_list":{"0":"post-37081","1":"product","2":"type-product","3":"status-publish","4":"has-post-thumbnail","6":"product_cat-capas-para-telemoveis","7":"pa_motivo-resumo","9":"first","10":"instock","11":"shipping-taxable","12":"product-type-simple"},"acf":[],"_links":{"self":[{"href":"https:\/\/olemosaic.com\/pt-pt\/wp-json\/wp\/v2\/product\/37081","targetHints":{"allow":["GET"]}}],"collection":[{"href":"https:\/\/olemosaic.com\/pt-pt\/wp-json\/wp\/v2\/product"}],"about":[{"href":"https:\/\/olemosaic.com\/pt-pt\/wp-json\/wp\/v2\/types\/product"}],"wp:featuredmedia":[{"embeddable":true,"href":"https:\/\/olemosaic.com\/pt-pt\/wp-json\/wp\/v2\/media\/12648"}],"wp:attachment":[{"href":"https:\/\/olemosaic.com\/pt-pt\/wp-json\/wp\/v2\/media?parent=37081"}],"wp:term":[{"taxonomy":"product_brand","embeddable":true,"href":"https:\/\/olemosaic.com\/pt-pt\/wp-json\/wp\/v2\/product_brand?post=37081"},{"taxonomy":"product_cat","embeddable":true,"href":"https:\/\/olemosaic.com\/pt-pt\/wp-json\/wp\/v2\/product_cat?post=37081"},{"taxonomy":"product_tag","embeddable":true,"href":"https:\/\/olemosaic.com\/pt-pt\/wp-json\/wp\/v2\/product_tag?post=37081"}],"curies":[{"name":"wp","href":"https:\/\/api.w.org\/{rel}","templated":true}]}}