{"id":37078,"date":"2025-02-20T22:36:48","date_gmt":"2025-02-20T22:36:48","guid":{"rendered":"http:\/\/olemosaic.com\/producto\/funda-de-telefono-para-samsung-a34-tpu-panoramica-barcelona-blanco\/"},"modified":"2025-07-25T20:33:23","modified_gmt":"2025-07-25T18:33:23","slug":"capa-para-telemovel-samsung-a34-tpu-panoramica-barcelona-branco","status":"publish","type":"product","link":"https:\/\/olemosaic.com\/pt-pt\/produto\/capa-para-telemovel-samsung-a34-tpu-panoramica-barcelona-branco\/","title":{"rendered":"Capa para telem\u00f3vel Samsung A34 (TPU). Panor\u00e2mica. Barcelona. Branco"},"content":{"rendered":"<p>Apresentamos a capa para Samsung A34, um artigo que combina estilo e funcionalidade, decorado com uma vibrante panor\u00e2mica de Barcelona. Este produto destaca-se pelo seu design em TPU, que oferece uma prote\u00e7\u00e3o excecional contra choques e riscos, assegurando que o seu dispositivo permane\u00e7a em perfeitas condi\u00e7\u00f5es. A ilustra\u00e7\u00e3o representa dois dos monumentos mais emblem\u00e1ticos de la cidade: a Sagrada Fam\u00edlia, com as suas torres que se erguem em dire\u00e7\u00e3o ao c\u00e9u, e a Casa Batll\u00f3, famosa pela sua arquitetura org\u00e2nica e pelas suas cores vivas. A representa\u00e7\u00e3o \u00e9 realizada num atraente estilo mosaico, que evoca a ess\u00eancia do modernismo catal\u00e3o, real\u00e7ando as cores chamativas sobre um fundo branco que cria um contraste visual impactante.<\/p>\n<p>Este souvenir de Barcelona n\u00e3o \u00e9 apenas uma capa, mas uma recorda\u00e7\u00e3o constante da beleza e da criatividade que esta cidade oferece. Ideal para os turistas que procuram levar um peda\u00e7o de Barcelona, esta capa \u00e9 tamb\u00e9m uma excelente op\u00e7\u00e3o para lojas de presentes tur\u00edsticos que procuram produtos aut\u00eanticos e de qualidade. Na Ol\u00e9 Mosaic, como distribuidores de capas de telem\u00f3vel por grosso, garantimos designs que captam a cultura local e a sua relev\u00e2ncia, proporcionando aos seus clientes uma forma de comemorar a sua visita \u00e0 vibrante capital catal\u00e3.<\/p>\n","protected":false},"excerpt":{"rendered":"<p>Capa para telem\u00f3vel Samsung A34 fabricada em TPU, decorada com uma vibrante panor\u00e2mica de Barcelona. Este design colorido representa a famosa Sagrada Fam\u00edlia e a Casa Batll\u00f3, evocando a ess\u00eancia do modernismo catal\u00e3o. As cores chamativas e o estilo de mosaico oferecem uma vista art\u00edstica, enquanto o fundo branco proporciona um contraste atraente. Ideal para proteger o seu dispositivo e exibir o seu amor por esta emblem\u00e1tica cidade.<\/p>\n","protected":false},"featured_media":12559,"template":"","meta":{"_acf_changed":false},"product_brand":[],"product_cat":[685],"product_tag":[],"class_list":{"0":"post-37078","1":"product","2":"type-product","3":"status-publish","4":"has-post-thumbnail","6":"product_cat-capas-para-telemoveis","7":"pa_ciudad-barcelona","8":"pa_motivo-panoramas","9":"pa_pais-espana","11":"first","12":"instock","13":"shipping-taxable","14":"product-type-simple"},"acf":[],"_links":{"self":[{"href":"https:\/\/olemosaic.com\/pt-pt\/wp-json\/wp\/v2\/product\/37078","targetHints":{"allow":["GET"]}}],"collection":[{"href":"https:\/\/olemosaic.com\/pt-pt\/wp-json\/wp\/v2\/product"}],"about":[{"href":"https:\/\/olemosaic.com\/pt-pt\/wp-json\/wp\/v2\/types\/product"}],"wp:featuredmedia":[{"embeddable":true,"href":"https:\/\/olemosaic.com\/pt-pt\/wp-json\/wp\/v2\/media\/12559"}],"wp:attachment":[{"href":"https:\/\/olemosaic.com\/pt-pt\/wp-json\/wp\/v2\/media?parent=37078"}],"wp:term":[{"taxonomy":"product_brand","embeddable":true,"href":"https:\/\/olemosaic.com\/pt-pt\/wp-json\/wp\/v2\/product_brand?post=37078"},{"taxonomy":"product_cat","embeddable":true,"href":"https:\/\/olemosaic.com\/pt-pt\/wp-json\/wp\/v2\/product_cat?post=37078"},{"taxonomy":"product_tag","embeddable":true,"href":"https:\/\/olemosaic.com\/pt-pt\/wp-json\/wp\/v2\/product_tag?post=37078"}],"curies":[{"name":"wp","href":"https:\/\/api.w.org\/{rel}","templated":true}]}}