{"id":37075,"date":"2025-02-20T22:36:47","date_gmt":"2025-02-20T22:36:47","guid":{"rendered":"http:\/\/olemosaic.com\/producto\/funda-de-telefono-para-samsung-a12-tpu-mosaico-barcelona-blanco\/"},"modified":"2025-07-25T18:47:18","modified_gmt":"2025-07-25T16:47:18","slug":"capa-de-telemovel-para-samsung-a12-tpu-mosaico-barcelona-branco","status":"publish","type":"product","link":"https:\/\/olemosaic.com\/pt-pt\/produto\/capa-de-telemovel-para-samsung-a12-tpu-mosaico-barcelona-branco\/","title":{"rendered":"Capa de telem\u00f3vel para Samsung A12 (TPU). Mosaico. Barcelona. Branco"},"content":{"rendered":"<p>Apresentamos a capa para o Samsung A12, uma joia inspirada na vibrante arquitetura de Barcelona. Fabricada em TPU de alta qualidade, esta capa apresenta um design cativante que evoca a beleza dos ic\u00f3nicos azulejos da cidade. O colorido mosaico combina tons brilhantes de azuis, vermelhos, amarelos e brancos, criando um padr\u00e3o que, al\u00e9m de embelezar o dispositivo, reflete a arte e a criatividade que caracterizam a capital catal\u00e3.<\/p>\n<p>Al\u00e9m de oferecer uma prote\u00e7\u00e3o excecional para o seu telem\u00f3vel, esta capa destaca-se pela elegante impress\u00e3o da palavra \u201cBarcelona\u201d, que adiciona um toque distintivo ao seu design. Os detalhes art\u00edsticos e o uso de cores vibrantes fazem desta capa algo mais do que um simples acess\u00f3rio; \u00e9 uma recorda\u00e7\u00e3o tang\u00edvel da riqueza cultural de Barcelona, ideal para quem deseja levar um peda\u00e7o da cidade consigo.<\/p>\n<p>Na Ol\u00e9 Mosaic especializamo-nos na distribui\u00e7\u00e3o de recorda\u00e7\u00f5es de qualidade, e esta capa \u00e9 perfeita para lojas de presentes tur\u00edsticos que procuram artigos aut\u00eanticos e atrativos. Com o seu design visualmente impactante e a sua liga\u00e7\u00e3o com a tradi\u00e7\u00e3o art\u00edstica da cidade, esta capa de telem\u00f3vel \u00e9 a escolha perfeita para turistas que procuram uma recorda\u00e7\u00e3o representativa da beleza de Barcelona. Como grossistas de acess\u00f3rios, garantimos um produto que funde funcionalidade com um forte sentido de identidade cultural.<\/p>\n","protected":false},"excerpt":{"rendered":"<p>Capa para telem\u00f3vel Samsung A12, fabricada em TPU e decorada com um vibrante mosaico inspirado na arquitetura de Barcelona. Apresenta um design colorido que combina azuis, vermelhos, amarelos e brancos, refletindo a beleza dos azulejos tradicionais. A palavra \u00abBarcelona\u00bb est\u00e1 elegantemente impressa, adicionando um toque distintivo. Esta capa n\u00e3o s\u00f3 oferece prote\u00e7\u00e3o, como tamb\u00e9m captura a ess\u00eancia art\u00edstica da cidade, ideal para quem procura um acess\u00f3rio atrativo e funcional.<\/p>\n","protected":false},"featured_media":12488,"template":"","meta":{"_acf_changed":false},"product_brand":[],"product_cat":[685],"product_tag":[],"class_list":{"0":"post-37075","1":"product","2":"type-product","3":"status-publish","4":"has-post-thumbnail","6":"product_cat-capas-para-telemoveis","7":"pa_ciudad-barcelona","8":"pa_motivo-mosaico","9":"pa_pais-espana","11":"first","12":"instock","13":"shipping-taxable","14":"product-type-simple"},"acf":[],"_links":{"self":[{"href":"https:\/\/olemosaic.com\/pt-pt\/wp-json\/wp\/v2\/product\/37075","targetHints":{"allow":["GET"]}}],"collection":[{"href":"https:\/\/olemosaic.com\/pt-pt\/wp-json\/wp\/v2\/product"}],"about":[{"href":"https:\/\/olemosaic.com\/pt-pt\/wp-json\/wp\/v2\/types\/product"}],"wp:featuredmedia":[{"embeddable":true,"href":"https:\/\/olemosaic.com\/pt-pt\/wp-json\/wp\/v2\/media\/12488"}],"wp:attachment":[{"href":"https:\/\/olemosaic.com\/pt-pt\/wp-json\/wp\/v2\/media?parent=37075"}],"wp:term":[{"taxonomy":"product_brand","embeddable":true,"href":"https:\/\/olemosaic.com\/pt-pt\/wp-json\/wp\/v2\/product_brand?post=37075"},{"taxonomy":"product_cat","embeddable":true,"href":"https:\/\/olemosaic.com\/pt-pt\/wp-json\/wp\/v2\/product_cat?post=37075"},{"taxonomy":"product_tag","embeddable":true,"href":"https:\/\/olemosaic.com\/pt-pt\/wp-json\/wp\/v2\/product_tag?post=37075"}],"curies":[{"name":"wp","href":"https:\/\/api.w.org\/{rel}","templated":true}]}}