{"id":37073,"date":"2025-02-20T22:36:47","date_gmt":"2025-02-20T22:36:47","guid":{"rendered":"http:\/\/olemosaic.com\/producto\/funda-de-telefono-para-iphone-15-tpu-gato-barcelona-blanco\/"},"modified":"2025-07-25T19:21:51","modified_gmt":"2025-07-25T17:21:51","slug":"capa-de-telemovel-para-iphone-15-tpu-gato-barcelona-branco","status":"publish","type":"product","link":"https:\/\/olemosaic.com\/pt-pt\/produto\/capa-de-telemovel-para-iphone-15-tpu-gato-barcelona-branco\/","title":{"rendered":"Capa de telem\u00f3vel para iPhone 15 (TPU). Gato. Barcelona. Branco"},"content":{"rendered":"<p>Apresentamos a capa para iPhone 15, uma pe\u00e7a \u00fanica que se destaca pela sua vibrante ilustra\u00e7\u00e3o de um gato, inspirada na fascinante arte do mosaico barcelon\u00eas. Esta capa, elaborada em TPU de alta qualidade, oferece uma prote\u00e7\u00e3o eficaz e leve, garantindo que o seu dispositivo esteja a salvo de choques e riscos. O design caracteriza-se por um fundo branco que emula o tradicional trencad\u00eds de Gaud\u00ed, salpicado de borboletas em tons brilhantes de amarelos, verdes e vermelhos, que conferem um ar fresco e colorido. A figura do gato, com as suas formas geom\u00e9tricas e cores vivas, evoca a criatividade e o esp\u00edrito art\u00edstico da cidade condal. A palavra &#8220;Barcelona&#8221; aparece de forma estilizada, consolidando a sua liga\u00e7\u00e3o cultural com a regi\u00e3o.<\/p>\n<p>Esta recorda\u00e7\u00e3o n\u00e3o \u00e9 apenas um objeto funcional, mas uma homenagem \u00e0 rica heran\u00e7a art\u00edstica de Barcelona, tornando-se uma excelente op\u00e7\u00e3o para os turistas que procuram uma recorda\u00e7\u00e3o da sua visita a esta emblem\u00e1tica cidade. Na Ol\u00e9 Mosaic, especializamo-nos na distribui\u00e7\u00e3o de recorda\u00e7\u00f5es aut\u00eanticas, e esta capa de telem\u00f3vel \u00e9 um exemplo perfeito de como se podem fundir arte e utilidade. Ideal para lojas de presentes tur\u00edsticos que desejam oferecer produtos aut\u00eanticos e de qualidade, este design \u00fanico representa o esp\u00edrito vibrante da cidade e atrai tanto locais como visitantes.<\/p>\n","protected":false},"excerpt":{"rendered":"<p>Capa para iPhone 15 desenhada em TPU, com uma vibrante ilustra\u00e7\u00e3o de um gato de estilo mosaico, que evoca a arte colorida de Barcelona. Destaca-se sobre um fundo branco que simula um design de trencad\u00eds, salpicado de borboletas em tons brilhantes como amarelos, verdes e vermelhos. A palavra &#8220;Barcelona&#8221; aparece de forma estilizada, adicionando um toque distintivo e urbano a este acess\u00f3rio funcional e art\u00edstico.<\/p>\n","protected":false},"featured_media":12424,"template":"","meta":{"_acf_changed":false},"product_brand":[],"product_cat":[685],"product_tag":[516],"class_list":{"0":"post-37073","1":"product","2":"type-product","3":"status-publish","4":"has-post-thumbnail","6":"product_cat-capas-para-telemoveis","7":"product_tag-animais","8":"pa_ciudad-barcelona","9":"pa_motivo-gatos","10":"pa_pais-espana","12":"first","13":"instock","14":"shipping-taxable","15":"product-type-simple"},"acf":[],"_links":{"self":[{"href":"https:\/\/olemosaic.com\/pt-pt\/wp-json\/wp\/v2\/product\/37073","targetHints":{"allow":["GET"]}}],"collection":[{"href":"https:\/\/olemosaic.com\/pt-pt\/wp-json\/wp\/v2\/product"}],"about":[{"href":"https:\/\/olemosaic.com\/pt-pt\/wp-json\/wp\/v2\/types\/product"}],"wp:featuredmedia":[{"embeddable":true,"href":"https:\/\/olemosaic.com\/pt-pt\/wp-json\/wp\/v2\/media\/12424"}],"wp:attachment":[{"href":"https:\/\/olemosaic.com\/pt-pt\/wp-json\/wp\/v2\/media?parent=37073"}],"wp:term":[{"taxonomy":"product_brand","embeddable":true,"href":"https:\/\/olemosaic.com\/pt-pt\/wp-json\/wp\/v2\/product_brand?post=37073"},{"taxonomy":"product_cat","embeddable":true,"href":"https:\/\/olemosaic.com\/pt-pt\/wp-json\/wp\/v2\/product_cat?post=37073"},{"taxonomy":"product_tag","embeddable":true,"href":"https:\/\/olemosaic.com\/pt-pt\/wp-json\/wp\/v2\/product_tag?post=37073"}],"curies":[{"name":"wp","href":"https:\/\/api.w.org\/{rel}","templated":true}]}}