{"id":37072,"date":"2025-02-20T22:36:46","date_gmt":"2025-02-20T22:36:46","guid":{"rendered":"http:\/\/olemosaic.com\/producto\/funda-de-telefono-para-iphone-15-tpu-gato-mallorca-negro\/"},"modified":"2025-07-25T18:58:42","modified_gmt":"2025-07-25T16:58:42","slug":"capa-de-telemovel-para-iphone-15-tpu-gato-maiorca-preto","status":"publish","type":"product","link":"https:\/\/olemosaic.com\/pt-pt\/produto\/capa-de-telemovel-para-iphone-15-tpu-gato-maiorca-preto\/","title":{"rendered":"Capa de telem\u00f3vel para iPhone 15 (TPU). Gato. Maiorca. Preto"},"content":{"rendered":"<p>Apresentamos a capa para iPhone 15, uma pe\u00e7a \u00fanica que funde funcionalidade e arte, concebida para quem deseja levar uma recorda\u00e7\u00e3o distintiva de Maiorca. Fabricada em TPU resistente, esta capa oferece uma prote\u00e7\u00e3o excelente contra quedas e riscos, garantindo que o seu dispositivo se mantenha em perfeitas condi\u00e7\u00f5es. O design vibrante mostra um encantador gato num cativante mosaico de cores, que captura a ess\u00eancia alegre e art\u00edstica da ilha. Este gato, sobre um fundo preto que real\u00e7a os tons brilhantes da arte, est\u00e1 rodeado de borboletas em tons vivos que conferem um toque de dinamismo e leveza \u00e0 composi\u00e7\u00e3o visual.<\/p>\n<p>A palavra &#8220;Mallorca&#8221; aparece elegantemente na parte inferior, adicionando um selo de autenticidade e liga\u00e7\u00e3o cultural com a regi\u00e3o. Este acess\u00f3rio n\u00e3o s\u00f3 \u00e9 uma excelente op\u00e7\u00e3o para proteger o seu iPhone 15, como tamb\u00e9m uma recorda\u00e7\u00e3o carinhosa da beleza da cultura maiorquina. Na Ol\u00e9 Mosaic, orgulhamo-nos de oferecer recorda\u00e7\u00f5es aut\u00eanticas que representam o melhor de cada regi\u00e3o. Este artigo \u00e9 perfeito para turistas que procuram recorda\u00e7\u00f5es aut\u00eanticas de Maiorca e \u00e9 uma magn\u00edfica adi\u00e7\u00e3o para lojas de presentes tur\u00edsticos que desejem diversificar a sua oferta com produtos aut\u00eanticos e art\u00edsticos. Ideal para grossistas de acess\u00f3rios m\u00f3veis que valorizam a qualidade e o design \u00fanico.<\/p>\n","protected":false},"excerpt":{"rendered":"<p>Capa para iPhone 15 de TPU, com um design vibrante de um gato em mosaico colorido, inspirado na cultura maiorquina. A capa, com fundo preto, real\u00e7a os tons brilhantes da obra e mostra borboletas a voar em redor do gato. Este acess\u00f3rio, que al\u00e9m de proteger o seu dispositivo lhe confere um toque art\u00edstico e distintivo, tem a palavra &#8220;Mallorca&#8221; elegantemente escrita na parte inferior.<\/p>\n","protected":false},"featured_media":12978,"template":"","meta":{"_acf_changed":false},"product_brand":[],"product_cat":[685],"product_tag":[516],"class_list":{"0":"post-37072","1":"product","2":"type-product","3":"status-publish","4":"has-post-thumbnail","6":"product_cat-capas-para-telemoveis","7":"product_tag-animais","8":"pa_ciudad-mallorca","9":"pa_motivo-gatos","10":"pa_pais-espana","12":"first","13":"instock","14":"shipping-taxable","15":"product-type-simple"},"acf":[],"_links":{"self":[{"href":"https:\/\/olemosaic.com\/pt-pt\/wp-json\/wp\/v2\/product\/37072","targetHints":{"allow":["GET"]}}],"collection":[{"href":"https:\/\/olemosaic.com\/pt-pt\/wp-json\/wp\/v2\/product"}],"about":[{"href":"https:\/\/olemosaic.com\/pt-pt\/wp-json\/wp\/v2\/types\/product"}],"wp:featuredmedia":[{"embeddable":true,"href":"https:\/\/olemosaic.com\/pt-pt\/wp-json\/wp\/v2\/media\/12978"}],"wp:attachment":[{"href":"https:\/\/olemosaic.com\/pt-pt\/wp-json\/wp\/v2\/media?parent=37072"}],"wp:term":[{"taxonomy":"product_brand","embeddable":true,"href":"https:\/\/olemosaic.com\/pt-pt\/wp-json\/wp\/v2\/product_brand?post=37072"},{"taxonomy":"product_cat","embeddable":true,"href":"https:\/\/olemosaic.com\/pt-pt\/wp-json\/wp\/v2\/product_cat?post=37072"},{"taxonomy":"product_tag","embeddable":true,"href":"https:\/\/olemosaic.com\/pt-pt\/wp-json\/wp\/v2\/product_tag?post=37072"}],"curies":[{"name":"wp","href":"https:\/\/api.w.org\/{rel}","templated":true}]}}