{"id":37071,"date":"2025-02-20T22:36:46","date_gmt":"2025-02-20T22:36:46","guid":{"rendered":"http:\/\/olemosaic.com\/producto\/funda-de-telefono-para-iphone-15-tpu-salamandra-negro\/"},"modified":"2025-07-25T19:57:45","modified_gmt":"2025-07-25T17:57:45","slug":"capa-de-telemovel-para-iphone-15-tpu-salamandra-preto","status":"publish","type":"product","link":"https:\/\/olemosaic.com\/pt-pt\/produto\/capa-de-telemovel-para-iphone-15-tpu-salamandra-preto\/","title":{"rendered":"Capa de telem\u00f3vel para iPhone 15 (TPU). Salamandra. Preto"},"content":{"rendered":"<p>Apresentamos a capa para iPhone 15, uma elegante pe\u00e7a fabricada em TPU, pensada para os amantes da vibrante cultura espanhola. A sua cor preta proporciona um fundo sofisticado que real\u00e7a as ilustra\u00e7\u00f5es de salamandras, representadas com um estilo art\u00edstico e colorido. As salamandras, em tons azuis, vermelhos e verdes, entrela\u00e7am-se com flores de variadas cores, criando um design alegre e cativante que evoca a diversidade do folclore espanhol. As ilustra\u00e7\u00f5es est\u00e3o meticulosamente desenhadas, fundindo elementos naturais com toques art\u00edsticos que captam a ess\u00eancia da heran\u00e7a cultural de Espanha.<\/p>\n<p>Esta capa n\u00e3o s\u00f3 protege o seu dispositivo, como tamb\u00e9m se torna um acess\u00f3rio \u00fanico que reflete um estilo pessoal distintivo. As salamandras, criaturas emblem\u00e1ticas em muitas culturas, simbolizam a transforma\u00e7\u00e3o e a renova\u00e7\u00e3o, acrescentando um significado profundo ao seu uso di\u00e1rio. Ideal como uma recorda\u00e7\u00e3o que evoca a beleza da terra espanhola, esta capa \u00e9 um presente perfeito para turistas e locais que procuram um peda\u00e7o de cultura. Na Ol\u00e9 Mosaic, especializamo-nos na distribui\u00e7\u00e3o de artigos aut\u00eanticos e representativos, sendo este produto uma excelente op\u00e7\u00e3o para lojas de presentes tur\u00edsticos que desejem oferecer artigos que combinam funcionalidade e est\u00e9tica. Como grossistas de produtos \u00fanicos, garantimos qualidade e originalidade em cada pe\u00e7a.<\/p>\n","protected":false},"excerpt":{"rendered":"<p>Capa de telem\u00f3vel para iPhone 15 de material TPU em preto elegante, decorada com salamandras ilustradas de estilo vibrante. Este design art\u00edstico apresenta salamandras em tons azuis, vermelhos e verdes, acompanhadas de flores coloridas que conferem um toque alegre. As ilustra\u00e7\u00f5es est\u00e3o cuidadosamente desenhadas para real\u00e7ar a riqueza do folclore e a diversidade visual, tornando esta capa num acess\u00f3rio \u00fanico e chamativo, perfeito para os amantes da cultura espanhola.<\/p>\n","protected":false},"featured_media":13028,"template":"","meta":{"_acf_changed":false},"product_brand":[],"product_cat":[685],"product_tag":[516],"class_list":{"0":"post-37071","1":"product","2":"type-product","3":"status-publish","4":"has-post-thumbnail","6":"product_cat-capas-para-telemoveis","7":"product_tag-animais","8":"pa_motivo-salamandras","10":"first","11":"instock","12":"shipping-taxable","13":"product-type-simple"},"acf":[],"_links":{"self":[{"href":"https:\/\/olemosaic.com\/pt-pt\/wp-json\/wp\/v2\/product\/37071","targetHints":{"allow":["GET"]}}],"collection":[{"href":"https:\/\/olemosaic.com\/pt-pt\/wp-json\/wp\/v2\/product"}],"about":[{"href":"https:\/\/olemosaic.com\/pt-pt\/wp-json\/wp\/v2\/types\/product"}],"wp:featuredmedia":[{"embeddable":true,"href":"https:\/\/olemosaic.com\/pt-pt\/wp-json\/wp\/v2\/media\/13028"}],"wp:attachment":[{"href":"https:\/\/olemosaic.com\/pt-pt\/wp-json\/wp\/v2\/media?parent=37071"}],"wp:term":[{"taxonomy":"product_brand","embeddable":true,"href":"https:\/\/olemosaic.com\/pt-pt\/wp-json\/wp\/v2\/product_brand?post=37071"},{"taxonomy":"product_cat","embeddable":true,"href":"https:\/\/olemosaic.com\/pt-pt\/wp-json\/wp\/v2\/product_cat?post=37071"},{"taxonomy":"product_tag","embeddable":true,"href":"https:\/\/olemosaic.com\/pt-pt\/wp-json\/wp\/v2\/product_tag?post=37071"}],"curies":[{"name":"wp","href":"https:\/\/api.w.org\/{rel}","templated":true}]}}