{"id":37070,"date":"2025-02-20T22:36:46","date_gmt":"2025-02-20T22:36:46","guid":{"rendered":"http:\/\/olemosaic.com\/producto\/funda-de-telefono-para-iphone-15-pro-tpu-gato-barcelona-blanco\/"},"modified":"2025-07-25T20:26:16","modified_gmt":"2025-07-25T18:26:16","slug":"capa-de-telemovel-para-iphone-15-pro-tpu-gato-barcelona-branco","status":"publish","type":"product","link":"https:\/\/olemosaic.com\/pt-pt\/produto\/capa-de-telemovel-para-iphone-15-pro-tpu-gato-barcelona-branco\/","title":{"rendered":"Capa de telem\u00f3vel para iPhone 15 Pro (TPU). Gato. Barcelona. Branco"},"content":{"rendered":"<p>Apresentamos a capa para iPhone 15 Pro, uma pe\u00e7a \u00fanica que funde funcionalidade e arte de forma excecional. Fabricada em TPU de alta qualidade, esta capa exibe um design vibrante que capta o esp\u00edrito criativo de Barcelona, evocando os seus famosos mosaicos. A colorida ilustra\u00e7\u00e3o mostra um gato num estilo mosaico que se destaca com a sua paleta de cores brilhantes, rodeado de borboletas que acrescentam um toque de alegria e vitalidade. O fundo branco simula as caracter\u00edsticas pedras de mosaico da cidade, conferindo um ar contempor\u00e2neo e art\u00edstico.<\/p>\n<p>O texto &#8220;Barcelona&#8221; apresenta-se de forma elegante, complementando a obra e sublinhando a liga\u00e7\u00e3o cultural com esta emblem\u00e1tica cidade. Este acess\u00f3rio n\u00e3o s\u00f3 protege o dispositivo, como tamb\u00e9m atua como uma chamativa recorda\u00e7\u00e3o da riqueza art\u00edstica de Barcelona, um souvenir perfeito para quem deseja levar um peda\u00e7o da cidade condal para casa. Na Ol\u00e9 Mosaic, especializamo-nos na distribui\u00e7\u00e3o de souvenirs por grosso, e esta capa de gato \u00e9 uma op\u00e7\u00e3o ideal para lojas de presentes tur\u00edsticos que procuram oferecer produtos aut\u00eanticos e de qualidade. Uma capa que, al\u00e9m de ser pr\u00e1tica, representa a ess\u00eancia de Barcelona e a sua vibrante cultura.<\/p>\n","protected":false},"excerpt":{"rendered":"<p>Capa para iPhone 15 Pro fabricada em TPU, decorada com um design vibrante de um gato sobre um fundo que evoca o famoso mosaico de Barcelona. A ilustra\u00e7\u00e3o mostra um gato de cores brilhantes, ao estilo mosaico, rodeado de borboletas coloridas. O texto &#8220;Barcelona&#8221; sobressai com eleg\u00e2ncia, completando esta pe\u00e7a que irradia o esp\u00edrito art\u00edstico e cultural da cidade. Um acess\u00f3rio funcional e atrativo para os amantes da cidade condal.<\/p>\n","protected":false},"featured_media":12444,"template":"","meta":{"_acf_changed":false},"product_brand":[],"product_cat":[685],"product_tag":[516],"class_list":{"0":"post-37070","1":"product","2":"type-product","3":"status-publish","4":"has-post-thumbnail","6":"product_cat-capas-para-telemoveis","7":"product_tag-animais","8":"pa_ciudad-barcelona","9":"pa_motivo-gatos","10":"pa_pais-espana","12":"first","13":"instock","14":"shipping-taxable","15":"product-type-simple"},"acf":[],"_links":{"self":[{"href":"https:\/\/olemosaic.com\/pt-pt\/wp-json\/wp\/v2\/product\/37070","targetHints":{"allow":["GET"]}}],"collection":[{"href":"https:\/\/olemosaic.com\/pt-pt\/wp-json\/wp\/v2\/product"}],"about":[{"href":"https:\/\/olemosaic.com\/pt-pt\/wp-json\/wp\/v2\/types\/product"}],"wp:featuredmedia":[{"embeddable":true,"href":"https:\/\/olemosaic.com\/pt-pt\/wp-json\/wp\/v2\/media\/12444"}],"wp:attachment":[{"href":"https:\/\/olemosaic.com\/pt-pt\/wp-json\/wp\/v2\/media?parent=37070"}],"wp:term":[{"taxonomy":"product_brand","embeddable":true,"href":"https:\/\/olemosaic.com\/pt-pt\/wp-json\/wp\/v2\/product_brand?post=37070"},{"taxonomy":"product_cat","embeddable":true,"href":"https:\/\/olemosaic.com\/pt-pt\/wp-json\/wp\/v2\/product_cat?post=37070"},{"taxonomy":"product_tag","embeddable":true,"href":"https:\/\/olemosaic.com\/pt-pt\/wp-json\/wp\/v2\/product_tag?post=37070"}],"curies":[{"name":"wp","href":"https:\/\/api.w.org\/{rel}","templated":true}]}}