{"id":37069,"date":"2025-02-20T23:36:46","date_gmt":"2025-02-20T22:36:46","guid":{"rendered":"http:\/\/olemosaic.com\/producto\/funda-de-telefono-para-iphone-15-promax-tpu-abstracto-negro-2\/"},"modified":"2025-07-25T20:35:03","modified_gmt":"2025-07-25T18:35:03","slug":"capa-de-telemovel-para-iphone-15-promax-tpu-abstrato-preto-2","status":"publish","type":"product","link":"https:\/\/olemosaic.com\/pt-pt\/produto\/capa-de-telemovel-para-iphone-15-promax-tpu-abstrato-preto-2\/","title":{"rendered":"Capa de telem\u00f3vel para iPhone 15 Promax (TPU). Abstrato. Motivo de nuvens. Preto"},"content":{"rendered":"<p>Apresentamos a capa para iPhone 15 Pro Max, um acess\u00f3rio imprescind\u00edvel para quem procura uma combina\u00e7\u00e3o de prote\u00e7\u00e3o e estilo moderno. Fabricada em TPU de alta qualidade, esta capa oferece uma resist\u00eancia excecional contra impactos e riscos, assegurando que o seu dispositivo permane\u00e7a em perfeitas condi\u00e7\u00f5es. O seu design abstrato, com uma vibrante paleta de preto, azul, laranja e rosa, assemelha-se a um din\u00e2mico efeito de nuvens de cor, conferindo uma apar\u00eancia art\u00edstica e contempor\u00e2nea que se destaca em qualquer ambiente.<\/p>\n<p>Cada capa apresenta um design \u00fanico, onde as suaves transi\u00e7\u00f5es de cor e a profundidade visual criam um efeito hipn\u00f3tico, convertendo cada pe\u00e7a num aut\u00eantico objeto de arte. Este estilo moderno n\u00e3o s\u00f3 melhora a est\u00e9tica do seu iPhone, como tamb\u00e9m o torna um excelente presente ou souvenir para turistas que desejem levar uma recorda\u00e7\u00e3o que combine funcionalidade e originalidade.<\/p>\n<p>Na Ol\u00e9 Mosaic, orgulhamo-nos de oferecer capas de telem\u00f3vel por grosso que refletem autenticidade e criatividade. Esta capa para iPhone 15 Pro Max \u00e9 a escolha perfeita para lojas de presentes tur\u00edsticos que procuram surpreender os seus clientes com produtos de qualidade e relev\u00e2ncia cultural. Com o nosso foco na distribui\u00e7\u00e3o de acess\u00f3rios \u00fanicos, garantimos um design atrativo e uma prote\u00e7\u00e3o eficaz em cada artigo que oferecemos.<\/p>\n","protected":false},"excerpt":{"rendered":"<p>Capa para iPhone 15 Pro Max fabricada em TPU, com um design abstrato em vibrantes tons pretos, azuis, laranjas e rosas. Esta capa, al\u00e9m de proteger o seu dispositivo, apresenta um efeito din\u00e2mico de nuvens de cor que confere um toque moderno e art\u00edstico. As suaves nuances e a profundidade do design fazem com que cada capa seja \u00fanica, ideal para quem procura um estilo contempor\u00e2neo e original.<\/p>\n","protected":false},"featured_media":12481,"template":"","meta":{"_acf_changed":false},"product_brand":[],"product_cat":[685],"product_tag":[],"class_list":{"0":"post-37069","1":"product","2":"type-product","3":"status-publish","4":"has-post-thumbnail","6":"product_cat-capas-para-telemoveis","7":"pa_motivo-resumo","9":"first","10":"instock","11":"shipping-taxable","12":"product-type-simple"},"acf":[],"_links":{"self":[{"href":"https:\/\/olemosaic.com\/pt-pt\/wp-json\/wp\/v2\/product\/37069","targetHints":{"allow":["GET"]}}],"collection":[{"href":"https:\/\/olemosaic.com\/pt-pt\/wp-json\/wp\/v2\/product"}],"about":[{"href":"https:\/\/olemosaic.com\/pt-pt\/wp-json\/wp\/v2\/types\/product"}],"wp:featuredmedia":[{"embeddable":true,"href":"https:\/\/olemosaic.com\/pt-pt\/wp-json\/wp\/v2\/media\/12481"}],"wp:attachment":[{"href":"https:\/\/olemosaic.com\/pt-pt\/wp-json\/wp\/v2\/media?parent=37069"}],"wp:term":[{"taxonomy":"product_brand","embeddable":true,"href":"https:\/\/olemosaic.com\/pt-pt\/wp-json\/wp\/v2\/product_brand?post=37069"},{"taxonomy":"product_cat","embeddable":true,"href":"https:\/\/olemosaic.com\/pt-pt\/wp-json\/wp\/v2\/product_cat?post=37069"},{"taxonomy":"product_tag","embeddable":true,"href":"https:\/\/olemosaic.com\/pt-pt\/wp-json\/wp\/v2\/product_tag?post=37069"}],"curies":[{"name":"wp","href":"https:\/\/api.w.org\/{rel}","templated":true}]}}