{"id":37068,"date":"2025-02-20T23:36:46","date_gmt":"2025-02-20T22:36:46","guid":{"rendered":"http:\/\/olemosaic.com\/producto\/funda-de-telefono-para-iphone-14-tpu-motivos-marinos-azul-2\/"},"modified":"2025-07-25T20:02:04","modified_gmt":"2025-07-25T18:02:04","slug":"capa-de-telemovel-para-iphone-14-tpu-motivos-marinhos-azul-2","status":"publish","type":"product","link":"https:\/\/olemosaic.com\/pt-pt\/produto\/capa-de-telemovel-para-iphone-14-tpu-motivos-marinhos-azul-2\/","title":{"rendered":"Capa de telem\u00f3vel para iPhone 14 (TPU). Motivos marinhos. Mosaico. Azul"},"content":{"rendered":"<p>Apresentamos a capa para iPhone 14, uma pe\u00e7a \u00fanica fabricada em TPU que capta a ess\u00eancia da vida marinha de Maiorca. Esta capa destaca-se pelos seus vibrantes motivos marinhos, com uma colorida ilustra\u00e7\u00e3o que representa peixes, tartarugas e cavalos-marinhos a nadar sobre um fundo azul profundo, evocando la rica biodiversidade do Mediterr\u00e2neo. Na parte inferior, elementos decorativos que simulam um mosaico acrescentam um toque art\u00edstico, recordando a tradi\u00e7\u00e3o dos mosaicos maiorquinos, um s\u00edmbolo do artesanato local.<\/p>\n<p>A capa n\u00e3o s\u00f3 protege o seu dispositivo de forma superior, como tamb\u00e9m transforma o seu telem\u00f3vel numa express\u00e3o do amor pelo mar e pelo folclore mediterr\u00e2nico. O seu design alegre e colorido torna-a um souvenir ideal para os amantes da natureza e da cultura marinha, permitindo-lhes levar um pedacinho de Maiorca para qualquer lugar. Este artigo n\u00e3o \u00e9 apenas um acess\u00f3rio essencial, mas tamb\u00e9m uma recorda\u00e7\u00e3o representativa de uma das ilhas mais belas de Espanha.<\/p>\n<p>Na Ol\u00e9 Mosaic, somos especialistas na distribui\u00e7\u00e3o de souvenirs por grosso, oferecendo recorda\u00e7\u00f5es aut\u00eanticas que captam a riqueza cultural de cada regi\u00e3o. Esta capa \u00e9 uma excelente op\u00e7\u00e3o para lojas de presentes tur\u00edsticos que procuram produtos de qualidade e relev\u00e2ncia cultural. Como grossistas de capas de telem\u00f3vel, garantimos tanto o design muito especial como a autenticidade que os seus clientes esperam.<\/p>\n","protected":false},"excerpt":{"rendered":"<p>Capa para iPhone 14 fabricada em TPU, com motivos marinhos vibrantes que evocam a rica vida aqu\u00e1tica de Maiorca. Apresenta uma colorida ilustra\u00e7\u00e3o de peixes, tartarugas e cavalos-marinhos sobre um fundo azul profundo, juntamente com elementos decorativos que simulam um mosaico na parte inferior. Esta capa n\u00e3o s\u00f3 protege o seu dispositivo, como tamb\u00e9m acrescenta um toque art\u00edstico e alegre, ideal para os amantes do mar e das tradi\u00e7\u00f5es mediterr\u00e2nicas.<\/p>\n","protected":false},"featured_media":12957,"template":"","meta":{"_acf_changed":false},"product_brand":[],"product_cat":[685],"product_tag":[516],"class_list":{"0":"post-37068","1":"product","2":"type-product","3":"status-publish","4":"has-post-thumbnail","6":"product_cat-capas-para-telemoveis","7":"product_tag-animais","8":"pa_ciudad-mallorca","9":"pa_motivo-animais-marinhos","10":"pa_pais-espana","12":"first","13":"instock","14":"shipping-taxable","15":"product-type-simple"},"acf":[],"_links":{"self":[{"href":"https:\/\/olemosaic.com\/pt-pt\/wp-json\/wp\/v2\/product\/37068","targetHints":{"allow":["GET"]}}],"collection":[{"href":"https:\/\/olemosaic.com\/pt-pt\/wp-json\/wp\/v2\/product"}],"about":[{"href":"https:\/\/olemosaic.com\/pt-pt\/wp-json\/wp\/v2\/types\/product"}],"wp:featuredmedia":[{"embeddable":true,"href":"https:\/\/olemosaic.com\/pt-pt\/wp-json\/wp\/v2\/media\/12957"}],"wp:attachment":[{"href":"https:\/\/olemosaic.com\/pt-pt\/wp-json\/wp\/v2\/media?parent=37068"}],"wp:term":[{"taxonomy":"product_brand","embeddable":true,"href":"https:\/\/olemosaic.com\/pt-pt\/wp-json\/wp\/v2\/product_brand?post=37068"},{"taxonomy":"product_cat","embeddable":true,"href":"https:\/\/olemosaic.com\/pt-pt\/wp-json\/wp\/v2\/product_cat?post=37068"},{"taxonomy":"product_tag","embeddable":true,"href":"https:\/\/olemosaic.com\/pt-pt\/wp-json\/wp\/v2\/product_tag?post=37068"}],"curies":[{"name":"wp","href":"https:\/\/api.w.org\/{rel}","templated":true}]}}