{"id":37066,"date":"2025-02-20T23:36:46","date_gmt":"2025-02-20T22:36:46","guid":{"rendered":"http:\/\/olemosaic.com\/producto\/funda-de-telefono-para-iphone-14-promax-tpu-abstracto-azul-3\/"},"modified":"2025-07-25T18:39:53","modified_gmt":"2025-07-25T16:39:53","slug":"capa-de-telemovel-para-iphone-14-promax-tpu-abstrato-azul-3","status":"publish","type":"product","link":"https:\/\/olemosaic.com\/pt-pt\/produto\/capa-de-telemovel-para-iphone-14-promax-tpu-abstrato-azul-3\/","title":{"rendered":"Capa de telem\u00f3vel para iPhone 14 Pro Max (TPU). Abstrato. Estilo moderno. Azul"},"content":{"rendered":"<p>Apresentamos a capa para iPhone 14 Pro Max, uma pe\u00e7a que funde design e funcionalidade. Fabricada em TPU, um material conhecido pela sua durabilidade e resist\u00eancia, esta capa ostenta um atraente design abstrato em tons azuis. Um vibrante padr\u00e3o de diamantes que transita do amarelo para o verde e para o azul cria um cativante efeito degrad\u00ea, conferindo um toque moderno e colorido que far\u00e1 com que o seu dispositivo se destaque.<\/p>\n<p>Al\u00e9m da sua est\u00e9tica impressionante, esta capa oferece uma prote\u00e7\u00e3o excecional contra choques e riscos, mantendo o seu iPhone 14 Pro Max em perfeitas condi\u00e7\u00f5es enquanto expressa o seu estilo pessoal. A combina\u00e7\u00e3o de um design contempor\u00e2neo e a robustez do TPU torna-a uma recorda\u00e7\u00e3o representativa de Espanha, ideal para turistas que procuram algo mais do que um simples acess\u00f3rio: uma recorda\u00e7\u00e3o que fale da sua passagem por este pa\u00eds singular.<\/p>\n<p>Na Ol\u00e9 Mosaic, orgulhamo-nos de oferecer produtos aut\u00eanticos e relevantes que capturam a ess\u00eancia cultural. Esta capa n\u00e3o \u00e9 apenas um artigo de moda, mas uma excelente op\u00e7\u00e3o para lojas de presentes tur\u00edsticos que desejem incluir produtos \u00fanicos e de alta qualidade na sua oferta. Com a nossa experi\u00eancia como grossistas de artigos de design, garantimos que cada capa cumpre os padr\u00f5es mais elevados de artesanato e originalidade.<\/p>\n","protected":false},"excerpt":{"rendered":"<p>Capa para iPhone 14 Pro Max de TPU com design abstrato em tons azuis. Apresenta um atraente padr\u00e3o de diamantes com degrad\u00ea que vai do amarelo ao verde e ao azul, criando um efeito vibrante. Esta capa, al\u00e9m de proteger contra choques e riscos, confere um toque moderno e colorido ao dispositivo, ideal para quem procura estilo e seguran\u00e7a num \u00fanico produto.<\/p>\n","protected":false},"featured_media":12418,"template":"","meta":{"_acf_changed":false},"product_brand":[],"product_cat":[685],"product_tag":[],"class_list":{"0":"post-37066","1":"product","2":"type-product","3":"status-publish","4":"has-post-thumbnail","6":"product_cat-capas-para-telemoveis","7":"pa_motivo-resumo","9":"first","10":"instock","11":"shipping-taxable","12":"product-type-simple"},"acf":[],"_links":{"self":[{"href":"https:\/\/olemosaic.com\/pt-pt\/wp-json\/wp\/v2\/product\/37066","targetHints":{"allow":["GET"]}}],"collection":[{"href":"https:\/\/olemosaic.com\/pt-pt\/wp-json\/wp\/v2\/product"}],"about":[{"href":"https:\/\/olemosaic.com\/pt-pt\/wp-json\/wp\/v2\/types\/product"}],"wp:featuredmedia":[{"embeddable":true,"href":"https:\/\/olemosaic.com\/pt-pt\/wp-json\/wp\/v2\/media\/12418"}],"wp:attachment":[{"href":"https:\/\/olemosaic.com\/pt-pt\/wp-json\/wp\/v2\/media?parent=37066"}],"wp:term":[{"taxonomy":"product_brand","embeddable":true,"href":"https:\/\/olemosaic.com\/pt-pt\/wp-json\/wp\/v2\/product_brand?post=37066"},{"taxonomy":"product_cat","embeddable":true,"href":"https:\/\/olemosaic.com\/pt-pt\/wp-json\/wp\/v2\/product_cat?post=37066"},{"taxonomy":"product_tag","embeddable":true,"href":"https:\/\/olemosaic.com\/pt-pt\/wp-json\/wp\/v2\/product_tag?post=37066"}],"curies":[{"name":"wp","href":"https:\/\/api.w.org\/{rel}","templated":true}]}}