{"id":37064,"date":"2025-02-20T23:36:45","date_gmt":"2025-02-20T22:36:45","guid":{"rendered":"http:\/\/olemosaic.com\/producto\/funda-de-telefono-para-iphone-13-tpu-motivos-marinos-azul-2\/"},"modified":"2025-07-25T20:16:57","modified_gmt":"2025-07-25T18:16:57","slug":"capa-de-telemovel-para-iphone-13-tpu-motivos-marinhos-azul-2","status":"publish","type":"product","link":"https:\/\/olemosaic.com\/pt-pt\/produto\/capa-de-telemovel-para-iphone-13-tpu-motivos-marinhos-azul-2\/","title":{"rendered":"Capa de telem\u00f3vel para iPhone 13 (TPU). Motivos marinhos. Maiorca. Azul"},"content":{"rendered":"<p>Apresentamos a capa para iPhone 13, um acess\u00f3rio que funde prote\u00e7\u00e3o e arte marinha num \u00fanico produto. Fabricada em TPU, esta capa exibe um vibrante design inspirado na beleza do Mediterr\u00e2neo de Maiorca. O seu fundo azul profundo captura a ess\u00eancia do oceano, mostrando uma colorida ilustra\u00e7\u00e3o de peixes, tartarugas e cavalos-marinhos a nadar num ambiente de coral rico e vibrante. A base de mosaico, que evoca a famosa t\u00e9cnica da arte isl\u00e2mica presente na arquitetura da ilha, confere um toque art\u00edstico e cultural a este acess\u00f3rio.<\/p>\n<p>Cada detalhe desta capa \u00e9 uma homenagem \u00e0 fauna marinha que habita nas \u00e1guas cristalinas de Maiorca, tornando-a uma recorda\u00e7\u00e3o ideal para aqueles que procuram um objeto aut\u00eantico que reflita a cultura mediterr\u00e2nica. A liga\u00e7\u00e3o cultural deste produto com a regi\u00e3o \u00e9 ineg\u00e1vel, pois representa n\u00e3o s\u00f3 a beleza natural, mas tamb\u00e9m a tradi\u00e7\u00e3o art\u00edstica que distingue a ilha.<\/p>\n<p>Na Ol\u00e9 Mosaic, especializamo-nos na distribui\u00e7\u00e3o de recorda\u00e7\u00f5es de alta qualidade, e esta capa \u00e9 uma excelente op\u00e7\u00e3o para lojas de presentes tur\u00edsticos que desejem oferecer aos seus clientes uma recorda\u00e7\u00e3o funcional e bela de Maiorca. Como distribuidores de capas por grosso, garantimos produtos aut\u00eanticos que capturam a ess\u00eancia de cada lugar, fazendo desta capa uma recorda\u00e7\u00e3o imprescind\u00edvel para os turistas que visitam a m\u00e1gica ilha.<\/p>\n","protected":false},"excerpt":{"rendered":"<p>Capa para iPhone 13, fabricada em TPU, com vibrantes motivos marinhos inspirados na beleza do Mediterr\u00e2neo de Maiorca. O design apresenta um fundo azul profundo com coloridos peixes, tartarugas e cavalos-marinhos, capturando a ess\u00eancia da vida marinha. A base de mosaico confere um toque art\u00edstico ao conjunto, tornando esta capa n\u00e3o apenas um acess\u00f3rio protetor, mas tamb\u00e9m uma pe\u00e7a decorativa que reflete a influ\u00eancia cultural da ilha.<\/p>\n","protected":false},"featured_media":12929,"template":"","meta":{"_acf_changed":false},"product_brand":[],"product_cat":[685],"product_tag":[516],"class_list":{"0":"post-37064","1":"product","2":"type-product","3":"status-publish","4":"has-post-thumbnail","6":"product_cat-capas-para-telemoveis","7":"product_tag-animais","8":"pa_ciudad-mallorca","9":"pa_motivo-animais-marinhos","10":"pa_pais-espana","12":"first","13":"instock","14":"shipping-taxable","15":"product-type-simple"},"acf":[],"_links":{"self":[{"href":"https:\/\/olemosaic.com\/pt-pt\/wp-json\/wp\/v2\/product\/37064","targetHints":{"allow":["GET"]}}],"collection":[{"href":"https:\/\/olemosaic.com\/pt-pt\/wp-json\/wp\/v2\/product"}],"about":[{"href":"https:\/\/olemosaic.com\/pt-pt\/wp-json\/wp\/v2\/types\/product"}],"wp:featuredmedia":[{"embeddable":true,"href":"https:\/\/olemosaic.com\/pt-pt\/wp-json\/wp\/v2\/media\/12929"}],"wp:attachment":[{"href":"https:\/\/olemosaic.com\/pt-pt\/wp-json\/wp\/v2\/media?parent=37064"}],"wp:term":[{"taxonomy":"product_brand","embeddable":true,"href":"https:\/\/olemosaic.com\/pt-pt\/wp-json\/wp\/v2\/product_brand?post=37064"},{"taxonomy":"product_cat","embeddable":true,"href":"https:\/\/olemosaic.com\/pt-pt\/wp-json\/wp\/v2\/product_cat?post=37064"},{"taxonomy":"product_tag","embeddable":true,"href":"https:\/\/olemosaic.com\/pt-pt\/wp-json\/wp\/v2\/product_tag?post=37064"}],"curies":[{"name":"wp","href":"https:\/\/api.w.org\/{rel}","templated":true}]}}