{"id":37063,"date":"2025-02-20T23:36:45","date_gmt":"2025-02-20T22:36:45","guid":{"rendered":"http:\/\/olemosaic.com\/producto\/funda-de-telefono-para-iphone-13-tpu-abstracto-azul-3\/"},"modified":"2025-07-25T19:11:10","modified_gmt":"2025-07-25T17:11:10","slug":"capa-de-telemovel-para-iphone-13-tpu-abstrato-azul-3","status":"publish","type":"product","link":"https:\/\/olemosaic.com\/pt-pt\/produto\/capa-de-telemovel-para-iphone-13-tpu-abstrato-azul-3\/","title":{"rendered":"Capa de telem\u00f3vel para iPhone 13 (TPU). Abstrato. Padr\u00e3o de losangos. Azul"},"content":{"rendered":"<p>Apresentamos a capa para iPhone 13, um acess\u00f3rio imprescind\u00edvel para quem procura um design moderno e vibrante. Fabricada em TPU, um material conhecido pela sua durabilidade e flexibilidade, esta capa garante uma excelente prote\u00e7\u00e3o para o seu dispositivo, mantendo um estilo elegante e contempor\u00e2neo. O seu design abstrato em tons azuis, verdes e amarelos, com um padr\u00e3o de losangos, real\u00e7a a luminosidade e frescura do produto, tornando-o uma op\u00e7\u00e3o ideal para quem deseja expressar a sua personalidade atrav\u00e9s do seu telem\u00f3vel. A mistura de cores degrad\u00ea atrai o olhar e reflete uma est\u00e9tica moderna, perfeita para qualquer ocasi\u00e3o. Este artigo n\u00e3o s\u00f3 \u00e9 funcional, como tamb\u00e9m se alinha com a tend\u00eancia atual de personaliza\u00e7\u00e3o de dispositivos. Na Ol\u00e9 Mosaic, especializados na distribui\u00e7\u00e3o de recorda\u00e7\u00f5es por grosso, esta capa \u00e9 uma excelente adi\u00e7\u00e3o para lojas de presentes tur\u00edsticos que procuram produtos aut\u00eanticos e de qualidade. Oferecemos capas de telem\u00f3vel por grosso que combinam design, cultura e praticidade, posicionando este artigo como a recorda\u00e7\u00e3o perfeita para turistas que apreciam tanto a funcionalidade como a arte.<\/p>\n","protected":false},"excerpt":{"rendered":"<p>Capa para iPhone 13 de TPU com um design abstrato em tons azuis, verdes e amarelos. Apresenta um padr\u00e3o de losangos que lhe confere um toque moderno e vibrante, ideal para quem procura destacar o seu estilo pessoal. A mistura de cores degrad\u00ea real\u00e7a a luminosidade do design, oferecendo uma prote\u00e7\u00e3o elegante e duradoura para o seu dispositivo. Perfeita para quem valoriza a funcionalidade e a est\u00e9tica.<\/p>\n","protected":false},"featured_media":12305,"template":"","meta":{"_acf_changed":false},"product_brand":[],"product_cat":[685],"product_tag":[],"class_list":{"0":"post-37063","1":"product","2":"type-product","3":"status-publish","4":"has-post-thumbnail","6":"product_cat-capas-para-telemoveis","7":"pa_motivo-resumo","9":"first","10":"instock","11":"shipping-taxable","12":"product-type-simple"},"acf":[],"_links":{"self":[{"href":"https:\/\/olemosaic.com\/pt-pt\/wp-json\/wp\/v2\/product\/37063","targetHints":{"allow":["GET"]}}],"collection":[{"href":"https:\/\/olemosaic.com\/pt-pt\/wp-json\/wp\/v2\/product"}],"about":[{"href":"https:\/\/olemosaic.com\/pt-pt\/wp-json\/wp\/v2\/types\/product"}],"wp:featuredmedia":[{"embeddable":true,"href":"https:\/\/olemosaic.com\/pt-pt\/wp-json\/wp\/v2\/media\/12305"}],"wp:attachment":[{"href":"https:\/\/olemosaic.com\/pt-pt\/wp-json\/wp\/v2\/media?parent=37063"}],"wp:term":[{"taxonomy":"product_brand","embeddable":true,"href":"https:\/\/olemosaic.com\/pt-pt\/wp-json\/wp\/v2\/product_brand?post=37063"},{"taxonomy":"product_cat","embeddable":true,"href":"https:\/\/olemosaic.com\/pt-pt\/wp-json\/wp\/v2\/product_cat?post=37063"},{"taxonomy":"product_tag","embeddable":true,"href":"https:\/\/olemosaic.com\/pt-pt\/wp-json\/wp\/v2\/product_tag?post=37063"}],"curies":[{"name":"wp","href":"https:\/\/api.w.org\/{rel}","templated":true}]}}