{"id":37060,"date":"2025-02-20T23:36:45","date_gmt":"2025-02-20T22:36:45","guid":{"rendered":"http:\/\/olemosaic.com\/producto\/funda-de-telefono-para-iphone-13-pro-tpu-motivos-marinos-azul-2\/"},"modified":"2025-07-25T20:35:49","modified_gmt":"2025-07-25T18:35:49","slug":"capa-de-telemovel-para-iphone-13-pro-tpu-motivos-marinhos-azul-2","status":"publish","type":"product","link":"https:\/\/olemosaic.com\/pt-pt\/produto\/capa-de-telemovel-para-iphone-13-pro-tpu-motivos-marinhos-azul-2\/","title":{"rendered":"Capa de telem\u00f3vel para iPhone 13 Pro (TPU). Motivos marinhos. Estilo mediterr\u00e2nico. Azul"},"content":{"rendered":"<p>Apresentamos a capa para iPhone 13 Pro, uma vibrante homenagem ao encanto marinho de Maiorca. Fabricada em TPU, este acess\u00f3rio n\u00e3o s\u00f3 protege o seu dispositivo, como tamb\u00e9m lhe permite levar um pedacinho da preciosa ilha espanhola consigo. O seu design colorido mostra uma variedade de peixes, tartarugas e cavalos-marinhos que nadam alegremente sobre um fundo azul profundo, simulando as \u00e1guas cristalinas do Mediterr\u00e2neo. A aten\u00e7\u00e3o ao detalhe \u00e9 evidente, com cada criatura marinha ilustrada com um estilo vibrante e cativante, que capta a ess\u00eancia da vida marinha local. Na parte inferior da capa, um mosaico que recorda a cer\u00e2mica tradicional maiorquina complementa o conjunto, real\u00e7ando a rica heran\u00e7a cultural da ilha.<\/p>\n<p>Este souvenir \u00e9 ideal n\u00e3o s\u00f3 para quem procura prote\u00e7\u00e3o para o seu iPhone, mas tamb\u00e9m para os turistas que desejam levar uma recorda\u00e7\u00e3o aut\u00eantica da sua visita a Maiorca. Na Ol\u00e9 Mosaic, especializamo-nos na distribui\u00e7\u00e3o por grosso de produtos que refletem a cultura e a tradi\u00e7\u00e3o, e esta capa \u00e9 uma excelente op\u00e7\u00e3o para lojas de presentes tur\u00edsticos que procuram souvenirs \u00fanicos e representativos. Com a capa para iPhone 13 Pro, cada utilizador pode mostrar o seu amor pelo mar e pela beleza de Maiorca, destacando a sua autenticidade como uma recorda\u00e7\u00e3o memor\u00e1vel da ilha.<\/p>\n","protected":false},"excerpt":{"rendered":"<p>Capa para iPhone 13 Pro fabricada em TPU, com alegres motivos marinhos que evocam o encanto de Maiorca. Este design colorido apresenta uma variedade de peixes, tartarugas e cavalos-marinhos a nadar sobre um fundo azul intenso que simula as \u00e1guas do Mediterr\u00e2neo. Na parte inferior, um mosaico que recorda a cer\u00e2mica tradicional da ilha completa o conjunto. Ideal para proteger o seu dispositivo enquanto mostra o seu amor pelo mar.<\/p>\n","protected":false},"featured_media":12935,"template":"","meta":{"_acf_changed":false},"product_brand":[],"product_cat":[685],"product_tag":[516],"class_list":{"0":"post-37060","1":"product","2":"type-product","3":"status-publish","4":"has-post-thumbnail","6":"product_cat-capas-para-telemoveis","7":"product_tag-animais","8":"pa_ciudad-mallorca","9":"pa_motivo-animais-marinhos","10":"pa_pais-espana","12":"first","13":"instock","14":"shipping-taxable","15":"product-type-simple"},"acf":[],"_links":{"self":[{"href":"https:\/\/olemosaic.com\/pt-pt\/wp-json\/wp\/v2\/product\/37060","targetHints":{"allow":["GET"]}}],"collection":[{"href":"https:\/\/olemosaic.com\/pt-pt\/wp-json\/wp\/v2\/product"}],"about":[{"href":"https:\/\/olemosaic.com\/pt-pt\/wp-json\/wp\/v2\/types\/product"}],"wp:featuredmedia":[{"embeddable":true,"href":"https:\/\/olemosaic.com\/pt-pt\/wp-json\/wp\/v2\/media\/12935"}],"wp:attachment":[{"href":"https:\/\/olemosaic.com\/pt-pt\/wp-json\/wp\/v2\/media?parent=37060"}],"wp:term":[{"taxonomy":"product_brand","embeddable":true,"href":"https:\/\/olemosaic.com\/pt-pt\/wp-json\/wp\/v2\/product_brand?post=37060"},{"taxonomy":"product_cat","embeddable":true,"href":"https:\/\/olemosaic.com\/pt-pt\/wp-json\/wp\/v2\/product_cat?post=37060"},{"taxonomy":"product_tag","embeddable":true,"href":"https:\/\/olemosaic.com\/pt-pt\/wp-json\/wp\/v2\/product_tag?post=37060"}],"curies":[{"name":"wp","href":"https:\/\/api.w.org\/{rel}","templated":true}]}}