{"id":37056,"date":"2025-02-20T23:36:44","date_gmt":"2025-02-20T22:36:44","guid":{"rendered":"http:\/\/olemosaic.com\/producto\/funda-de-telefono-para-iphone-12-tpu-abstracto-negro-2\/"},"modified":"2025-07-25T18:56:04","modified_gmt":"2025-07-25T16:56:04","slug":"capa-de-telemovel-para-iphone-12-tpu-abstrato-preto-2","status":"publish","type":"product","link":"https:\/\/olemosaic.com\/pt-pt\/produto\/capa-de-telemovel-para-iphone-12-tpu-abstrato-preto-2\/","title":{"rendered":"Capa de telem\u00f3vel para iPhone 12 (TPU). Abstrato. Estilo moderno. Preto"},"content":{"rendered":"<p>Apresentamos a capa para iPhone 12, uma combina\u00e7\u00e3o perfeita de arte e funcionalidade. Fabricada em material TPU, esta capa n\u00e3o s\u00f3 garante uma prote\u00e7\u00e3o duradoura contra golpes e quedas, como tamb\u00e9m oferece um cativante design abstrato que real\u00e7a o seu car\u00e1ter moderno. A superf\u00edcie preta atua como uma tela, onde explos\u00f5es de tons vibrantes em azuis, roxos e laranjas criam um espet\u00e1culo visual impressionante que chamar\u00e1 a aten\u00e7\u00e3o. Cada forma din\u00e2mica parece ganhar vida, convertendo o seu dispositivo em algo mais do que um objeto de uso di\u00e1rio: uma declara\u00e7\u00e3o de estilo pessoal.<\/p>\n<p>Esta capa \u00e9 mais do que um acess\u00f3rio; \u00e9 um reflexo da inova\u00e7\u00e3o e do design contempor\u00e2neo que caracteriza as grandes cidades do mundo, onde a criatividade n\u00e3o tem limites. Com o seu design \u00fanico, torna-se um souvenir ideal para os turistas que procuram recordar a sua viagem com um toque art\u00edstico. Na Ol\u00e9 Mosaic, como distribuidores de souvenirs por grosso, oferecemos este produto como uma op\u00e7\u00e3o excecional para lojas de presentes tur\u00edsticos que desejem oferecer aos seus clientes artigos aut\u00eanticos e modernos. A capa para iPhone 12 \u00e9, sem d\u00favida, uma excelente op\u00e7\u00e3o para aqueles que valorizam tanto a est\u00e9tica como a prote\u00e7\u00e3o dos seus dispositivos.<\/p>\n","protected":false},"excerpt":{"rendered":"<p>Capa para iPhone 12 de TPU com um design abstrato que combina cores vibrantes e formas din\u00e2micas. A base preta real\u00e7a as explos\u00f5es de tons azuis, roxos e laranjas, criando um efeito visual impactante. Esta capa n\u00e3o s\u00f3 oferece uma prote\u00e7\u00e3o duradoura, como tamb\u00e9m adiciona um toque art\u00edstico e moderno, ideal para quem procura combinar estilo e funcionalidade no seu dispositivo.<\/p>\n","protected":false},"featured_media":12234,"template":"","meta":{"_acf_changed":false},"product_brand":[],"product_cat":[685],"product_tag":[],"class_list":{"0":"post-37056","1":"product","2":"type-product","3":"status-publish","4":"has-post-thumbnail","6":"product_cat-capas-para-telemoveis","7":"pa_motivo-resumo","9":"first","10":"instock","11":"shipping-taxable","12":"product-type-simple"},"acf":[],"_links":{"self":[{"href":"https:\/\/olemosaic.com\/pt-pt\/wp-json\/wp\/v2\/product\/37056","targetHints":{"allow":["GET"]}}],"collection":[{"href":"https:\/\/olemosaic.com\/pt-pt\/wp-json\/wp\/v2\/product"}],"about":[{"href":"https:\/\/olemosaic.com\/pt-pt\/wp-json\/wp\/v2\/types\/product"}],"wp:featuredmedia":[{"embeddable":true,"href":"https:\/\/olemosaic.com\/pt-pt\/wp-json\/wp\/v2\/media\/12234"}],"wp:attachment":[{"href":"https:\/\/olemosaic.com\/pt-pt\/wp-json\/wp\/v2\/media?parent=37056"}],"wp:term":[{"taxonomy":"product_brand","embeddable":true,"href":"https:\/\/olemosaic.com\/pt-pt\/wp-json\/wp\/v2\/product_brand?post=37056"},{"taxonomy":"product_cat","embeddable":true,"href":"https:\/\/olemosaic.com\/pt-pt\/wp-json\/wp\/v2\/product_cat?post=37056"},{"taxonomy":"product_tag","embeddable":true,"href":"https:\/\/olemosaic.com\/pt-pt\/wp-json\/wp\/v2\/product_tag?post=37056"}],"curies":[{"name":"wp","href":"https:\/\/api.w.org\/{rel}","templated":true}]}}