{"id":37055,"date":"2025-02-20T22:36:44","date_gmt":"2025-02-20T22:36:44","guid":{"rendered":"http:\/\/olemosaic.com\/producto\/funda-de-telefono-para-iphone-12-pro-tpu-sagrada-familia-barcelona-azul\/"},"modified":"2025-07-25T20:06:21","modified_gmt":"2025-07-25T18:06:21","slug":"capa-de-telemovel-para-iphone-12-pro-tpu-sagrada-familia-barcelona-azul","status":"publish","type":"product","link":"https:\/\/olemosaic.com\/pt-pt\/produto\/capa-de-telemovel-para-iphone-12-pro-tpu-sagrada-familia-barcelona-azul\/","title":{"rendered":"Capa de telem\u00f3vel para iPhone 12 Pro (TPU). Sagrada Fam\u00edlia. Barcelona. Azul"},"content":{"rendered":"<p>Apresentamos a capa para iPhone 12 Pro, uma pe\u00e7a que funde funcionalidade e arte, ideal para quem deseja levar um peda\u00e7o da emblem\u00e1tica Barcelona a qualquer lugar. Fabricada em TPU, esta capa oferece uma prote\u00e7\u00e3o robusta e leve para o seu dispositivo, garantindo o seu resguardo face a golpes e riscos, enquanto o seu vibrante design capta a majestosidade da Sagrada Fam\u00edlia, um dos monumentos mais representativos da cidade.<\/p>\n<p>O impressionante design apresenta uma paleta de cores vivas, com tons azuis, vermelhos e amarelos, criando um fundo que simula um belo mosaico, evocando a express\u00e3o art\u00edstica da arquitetura de Gaud\u00ed. As torres da Sagrada Fam\u00edlia erguem-se sobre um c\u00e9u radiante, complementadas pelo elegante texto &#8220;Barcelona&#8221;, que encaixa na perfei\u00e7\u00e3o com o estilo visual da cidade e a sua rica cultura. Esta capa n\u00e3o s\u00f3 real\u00e7a a beleza do ic\u00f3nico edif\u00edcio, como tamb\u00e9m presta homenagem \u00e0 criatividade e ao engenho catal\u00e3o.<\/p>\n<p>Para turistas e locais que procuram recorda\u00e7\u00f5es aut\u00eanticas, esta capa oferece uma forma moderna de ligar com a cultura catal\u00e3, tornando-a um presente perfeito ou uma recorda\u00e7\u00e3o pessoal. Na Ol\u00e9 Mosaic, orgulhamo-nos de ser distribuidores grossistas de souvenirs que refletem a ess\u00eancia de cada regi\u00e3o, e esta capa da Sagrada Fam\u00edlia \u00e9 a escolha ideal para lojas de presentes tur\u00edsticos que procuram produtos de qualidade e significado cultural.<\/p>\n","protected":false},"excerpt":{"rendered":"<p>Capa para iPhone 12 Pro fabricada em TPU, com um design vibrante que representa a emblem\u00e1tica Sagrada Fam\u00edlia de Barcelona. A capa destaca-se pelas suas cores vivas azul, vermelho e amarelo, com um fundo que simula um mosaico e um c\u00e9u radiante. A palavra &#8220;Barcelona&#8221;, escrita com um estilo elegante, complementa a ilustra\u00e7\u00e3o, oferecendo uma prote\u00e7\u00e3o moderna e art\u00edstica para o seu dispositivo, ideal para quem deseja levar um peda\u00e7o da cultura catal\u00e3 para todo o lado.<\/p>\n","protected":false},"featured_media":12246,"template":"","meta":{"_acf_changed":false},"product_brand":[],"product_cat":[685],"product_tag":[],"class_list":{"0":"post-37055","1":"product","2":"type-product","3":"status-publish","4":"has-post-thumbnail","6":"product_cat-capas-para-telemoveis","7":"pa_ciudad-barcelona","8":"pa_motivo-sagrada-familia","9":"pa_pais-espana","11":"first","12":"instock","13":"shipping-taxable","14":"product-type-simple"},"acf":[],"_links":{"self":[{"href":"https:\/\/olemosaic.com\/pt-pt\/wp-json\/wp\/v2\/product\/37055","targetHints":{"allow":["GET"]}}],"collection":[{"href":"https:\/\/olemosaic.com\/pt-pt\/wp-json\/wp\/v2\/product"}],"about":[{"href":"https:\/\/olemosaic.com\/pt-pt\/wp-json\/wp\/v2\/types\/product"}],"wp:featuredmedia":[{"embeddable":true,"href":"https:\/\/olemosaic.com\/pt-pt\/wp-json\/wp\/v2\/media\/12246"}],"wp:attachment":[{"href":"https:\/\/olemosaic.com\/pt-pt\/wp-json\/wp\/v2\/media?parent=37055"}],"wp:term":[{"taxonomy":"product_brand","embeddable":true,"href":"https:\/\/olemosaic.com\/pt-pt\/wp-json\/wp\/v2\/product_brand?post=37055"},{"taxonomy":"product_cat","embeddable":true,"href":"https:\/\/olemosaic.com\/pt-pt\/wp-json\/wp\/v2\/product_cat?post=37055"},{"taxonomy":"product_tag","embeddable":true,"href":"https:\/\/olemosaic.com\/pt-pt\/wp-json\/wp\/v2\/product_tag?post=37055"}],"curies":[{"name":"wp","href":"https:\/\/api.w.org\/{rel}","templated":true}]}}