{"id":37054,"date":"2025-02-20T22:36:44","date_gmt":"2025-02-20T22:36:44","guid":{"rendered":"http:\/\/olemosaic.com\/producto\/funda-de-telefono-para-iphone-11-tpu-mariposa-barcelona-blanco\/"},"modified":"2025-07-25T19:33:21","modified_gmt":"2025-07-25T17:33:21","slug":"capa-de-telemovel-para-iphone-11-tpu-borboleta-barcelona-branco","status":"publish","type":"product","link":"https:\/\/olemosaic.com\/pt-pt\/produto\/capa-de-telemovel-para-iphone-11-tpu-borboleta-barcelona-branco\/","title":{"rendered":"Capa de telem\u00f3vel para iPhone 11 (TPU). Borboleta. Barcelona. Branco"},"content":{"rendered":"<p>Apresentamos a capa para iPhone 11, uma pe\u00e7a vibrante e moderna que capta a ess\u00eancia de Barcelona atrav\u00e9s de um design cheio de cor e simbolismo. Fabricada em TPU de alta qualidade, esta capa n\u00e3o s\u00f3 protege eficazmente o seu dispositivo, como tamb\u00e9m real\u00e7a o estilo e a cultura da cidade condal. O motivo principal da capa apresenta uma s\u00e9rie de borboletas, delicadamente ilustradas numa paleta de cores el\u00e9tricas que inclui azuis, laranjas e rosas, evocando a alegria e vitalidade que caracteriza a cidade. Estas criaturas parecem voar sobre um fundo din\u00e2mico que recorda os emblem\u00e1ticos mosaicos de Barcelona, incorporando assim um elemento art\u00edstico que cativa qualquer amante da criatividade e da arte urbana.<\/p>\n<p>Na parte inferior da capa, a palavra &#8220;Barcelona&#8221; \u00e9 exibida num elegante estilo tipogr\u00e1fico, acrescentando um toque de sofistica\u00e7\u00e3o ao design. Este souvenir \u00e9 perfeito para quem procura uma recorda\u00e7\u00e3o da sua visita \u00e0 cidade, integrando a prote\u00e7\u00e3o de um dispositivo quotidiano com a singularidade da arte local. Na Ol\u00e9 Mosaic, somos distribuidores de souvenirs por grosso e esta capa de borboletas \u00e9 uma excelente op\u00e7\u00e3o para lojas de presentes tur\u00edsticos que desejam oferecer produtos aut\u00eanticos e representativos. Com esta capa, a recorda\u00e7\u00e3o de Barcelona \u00e9 levada sempre consigo, tornando-se uma pe\u00e7a essencial tanto para locais como para turistas.<\/p>\n","protected":false},"excerpt":{"rendered":"<p>Capa para iPhone 11 fabricada em TPU, decorada com um design vibrante de borboletas em tons azuis, laranjas e rosas. Inspirada na arte do mosaico barcelon\u00eas, a capa apresenta detalhes que evocam a beleza da cidade. Na parte inferior, a palavra \u201cBarcelona\u201d aparece escrita com um estilo elegante, complementando a ilustra\u00e7\u00e3o das borboletas que parecem voar sobre um fundo din\u00e2mico. Ideal para os amantes da cultura catal\u00e3.<\/p>\n","protected":false},"featured_media":12136,"template":"","meta":{"_acf_changed":false},"product_brand":[],"product_cat":[685],"product_tag":[516],"class_list":{"0":"post-37054","1":"product","2":"type-product","3":"status-publish","4":"has-post-thumbnail","6":"product_cat-capas-para-telemoveis","7":"product_tag-animais","8":"pa_ciudad-barcelona","9":"pa_motivo-borboletas","10":"pa_pais-espana","12":"first","13":"instock","14":"shipping-taxable","15":"product-type-simple"},"acf":[],"_links":{"self":[{"href":"https:\/\/olemosaic.com\/pt-pt\/wp-json\/wp\/v2\/product\/37054","targetHints":{"allow":["GET"]}}],"collection":[{"href":"https:\/\/olemosaic.com\/pt-pt\/wp-json\/wp\/v2\/product"}],"about":[{"href":"https:\/\/olemosaic.com\/pt-pt\/wp-json\/wp\/v2\/types\/product"}],"wp:featuredmedia":[{"embeddable":true,"href":"https:\/\/olemosaic.com\/pt-pt\/wp-json\/wp\/v2\/media\/12136"}],"wp:attachment":[{"href":"https:\/\/olemosaic.com\/pt-pt\/wp-json\/wp\/v2\/media?parent=37054"}],"wp:term":[{"taxonomy":"product_brand","embeddable":true,"href":"https:\/\/olemosaic.com\/pt-pt\/wp-json\/wp\/v2\/product_brand?post=37054"},{"taxonomy":"product_cat","embeddable":true,"href":"https:\/\/olemosaic.com\/pt-pt\/wp-json\/wp\/v2\/product_cat?post=37054"},{"taxonomy":"product_tag","embeddable":true,"href":"https:\/\/olemosaic.com\/pt-pt\/wp-json\/wp\/v2\/product_tag?post=37054"}],"curies":[{"name":"wp","href":"https:\/\/api.w.org\/{rel}","templated":true}]}}