{"id":37052,"date":"2025-02-20T23:36:43","date_gmt":"2025-02-20T22:36:43","guid":{"rendered":"http:\/\/olemosaic.com\/producto\/funda-de-telefono-para-iphone-11-pro-tpu-abstracto-azul-3\/"},"modified":"2025-07-25T20:34:01","modified_gmt":"2025-07-25T18:34:01","slug":"capa-de-telemovel-para-iphone-11-pro-tpu-abstrato-azul-3","status":"publish","type":"product","link":"https:\/\/olemosaic.com\/pt-pt\/produto\/capa-de-telemovel-para-iphone-11-pro-tpu-abstrato-azul-3\/","title":{"rendered":"Capa de telem\u00f3vel para iPhone 11 Pro (TPU). Abstrato. Barcelona. Azul"},"content":{"rendered":"<p>Apresentamos a capa para iPhone 11 Pro, um acess\u00f3rio vibrante e moderno que capta a ess\u00eancia de Barcelona. Fabricada em TPU, este design abstrato destaca-se pela sua explos\u00e3o de cores: azul, rosa, amarelo e laranja, criando uma ilustra\u00e7\u00e3o din\u00e2mica que evoca a energia e a diversidade da cidade condal. No centro, o nome &#8220;Barcelona&#8221; apresenta-se em letras brancas com uma tipografia audaz que sobressai sobre um fundo de suaves curvas e ondas de cor, simbolizando o movimento e a vitalidade desta ic\u00f3nica metr\u00f3pole.<\/p>\n<p>Esta capa n\u00e3o s\u00f3 proporciona uma prote\u00e7\u00e3o leve e flex\u00edvel, perfeita para quem procura real\u00e7ar o seu estilo pessoal, como tamb\u00e9m \u00e9 uma recorda\u00e7\u00e3o representativa da arquitetura e da arte que Barcelona oferece. A vibrante paleta crom\u00e1tica inspira-se no estilo modernista de artistas como Antoni Gaud\u00ed, refletindo a rica cultura local.<\/p>\n<p>Ideal para turistas que desejam levar um peda\u00e7o de Barcelona, esta capa torna-se um souvenir pr\u00e1tico e atraente que real\u00e7a a autenticidade e a criatividade da regi\u00e3o. Na Ol\u00e9 Mosaic, como distribuidores grossistas, oferecemos este exclusivo acess\u00f3rio que encantar\u00e1 as lojas de presentes tur\u00edsticos, consolidando a liga\u00e7\u00e3o entre o acess\u00f3rio e a heran\u00e7a cultural de Barcelona.<\/p>\n","protected":false},"excerpt":{"rendered":"<p>Capa para iPhone 11 Pro fabricada em TPU, com um design abstrato vibrante em azul, rosa, amarelo e laranja. Este acess\u00f3rio destaca-se pela sua ilustra\u00e7\u00e3o din\u00e2mica com la palavra &#8220;Barcelona&#8221; em letras brancas, emolduradas por ondas de cor que evocam a energia e a diversidade da cidade. O seu material flex\u00edvel proporciona uma prote\u00e7\u00e3o leve, ideal para quem procura um estilo moderno e art\u00edstico para o seu dispositivo.<\/p>\n","protected":false},"featured_media":12167,"template":"","meta":{"_acf_changed":false},"product_brand":[],"product_cat":[685],"product_tag":[],"class_list":{"0":"post-37052","1":"product","2":"type-product","3":"status-publish","4":"has-post-thumbnail","6":"product_cat-capas-para-telemoveis","7":"pa_ciudad-barcelona","8":"pa_motivo-resumo","9":"pa_pais-espana","11":"first","12":"instock","13":"shipping-taxable","14":"product-type-simple"},"acf":[],"_links":{"self":[{"href":"https:\/\/olemosaic.com\/pt-pt\/wp-json\/wp\/v2\/product\/37052","targetHints":{"allow":["GET"]}}],"collection":[{"href":"https:\/\/olemosaic.com\/pt-pt\/wp-json\/wp\/v2\/product"}],"about":[{"href":"https:\/\/olemosaic.com\/pt-pt\/wp-json\/wp\/v2\/types\/product"}],"wp:featuredmedia":[{"embeddable":true,"href":"https:\/\/olemosaic.com\/pt-pt\/wp-json\/wp\/v2\/media\/12167"}],"wp:attachment":[{"href":"https:\/\/olemosaic.com\/pt-pt\/wp-json\/wp\/v2\/media?parent=37052"}],"wp:term":[{"taxonomy":"product_brand","embeddable":true,"href":"https:\/\/olemosaic.com\/pt-pt\/wp-json\/wp\/v2\/product_brand?post=37052"},{"taxonomy":"product_cat","embeddable":true,"href":"https:\/\/olemosaic.com\/pt-pt\/wp-json\/wp\/v2\/product_cat?post=37052"},{"taxonomy":"product_tag","embeddable":true,"href":"https:\/\/olemosaic.com\/pt-pt\/wp-json\/wp\/v2\/product_tag?post=37052"}],"curies":[{"name":"wp","href":"https:\/\/api.w.org\/{rel}","templated":true}]}}