{"id":37044,"date":"2025-02-20T23:36:42","date_gmt":"2025-02-20T22:36:42","guid":{"rendered":"http:\/\/olemosaic.com\/producto\/botella-inox-500-ml-bailaora\/"},"modified":"2025-07-25T18:52:59","modified_gmt":"2025-07-25T16:52:59","slug":"garrafa-inox-500-ml-bailarina-flamenco","status":"publish","type":"product","link":"https:\/\/olemosaic.com\/pt-pt\/produto\/garrafa-inox-500-ml-bailarina-flamenco\/","title":{"rendered":"Garrafa inox. 500 ml. Bailarina de Flamenco."},"content":{"rendered":"<p>Apresentamos a garrafa de a\u00e7o inoxid\u00e1vel de 500 ml, uma recorda\u00e7\u00e3o vibrante que captura a ess\u00eancia do flamenco espanhol. Esta elegante garrafa decorada apresenta coloridos motivos de bailarinas de flamenco que evocam a arte e a paix\u00e3o desta tradi\u00e7\u00e3o cultural. O seu design visual inclui ilustra\u00e7\u00f5es de mulheres trajadas com vestidos de bolas vermelhas e folhos em tons vibrantes, refletindo o movimento e a gra\u00e7a das bailarinas em diferentes posturas. O acabamento em cor creme proporciona um fundo suave que real\u00e7a os detalhes art\u00edsticos, tornando cada garrafa n\u00e3o apenas um objeto funcional, mas uma obra de arte.<\/p>\n<p>Ideal para os amantes da cultura espanhola, esta garrafa n\u00e3o \u00e9 apenas perfeita para manter as suas bebidas frias, mas tamb\u00e9m serve como um aut\u00eantico souvenir que celebra a rica heran\u00e7a do flamenco. Cada gole torna-se uma lembran\u00e7a da energia e da beleza das dan\u00e7as andaluzas. Na Ol\u00e9 Mosaic, somos especialistas na distribui\u00e7\u00e3o de souvenirs por grosso, oferecendo produtos aut\u00eanticos que se destacam pela sua qualidade e relev\u00e2ncia cultural. Esta garrafa de bailarina \u00e9 uma excelente escolha para as lojas de presentes tur\u00edsticos que procuram refer\u00eancias aut\u00eanticas e atraentes de Espanha, tornando-a num artigo indispens\u00e1vel na sua oferta de souvenirs.<\/p>\n","protected":false},"excerpt":{"rendered":"<p>Garrafa de a\u00e7o inoxid\u00e1vel de 500 ml decorada com coloridos motivos de bailarinas de flamenco. A garrafa apresenta elegantes ilustra\u00e7\u00f5es de mulheres vestidas com trajes de bolas vermelhas, rodeadas de folhos em tons vibrantes. Com um acabamento cor creme, destaca a representa\u00e7\u00e3o das bailarinas em diferentes posturas de dan\u00e7a, evocando a paix\u00e3o do flamenco. Ideal para manter as bebidas frias, combina funcionalidade e arte, sendo perfeita para os amantes da cultura espanhola.<\/p>\n","protected":false},"featured_media":13009,"template":"","meta":{"_acf_changed":false},"product_brand":[],"product_cat":[786],"product_tag":[],"class_list":{"0":"post-37044","1":"product","2":"type-product","3":"status-publish","4":"has-post-thumbnail","6":"product_cat-garrafas-inox","7":"pa_motivo-dancarinos","9":"first","10":"instock","11":"shipping-taxable","12":"product-type-simple"},"acf":[],"_links":{"self":[{"href":"https:\/\/olemosaic.com\/pt-pt\/wp-json\/wp\/v2\/product\/37044","targetHints":{"allow":["GET"]}}],"collection":[{"href":"https:\/\/olemosaic.com\/pt-pt\/wp-json\/wp\/v2\/product"}],"about":[{"href":"https:\/\/olemosaic.com\/pt-pt\/wp-json\/wp\/v2\/types\/product"}],"wp:featuredmedia":[{"embeddable":true,"href":"https:\/\/olemosaic.com\/pt-pt\/wp-json\/wp\/v2\/media\/13009"}],"wp:attachment":[{"href":"https:\/\/olemosaic.com\/pt-pt\/wp-json\/wp\/v2\/media?parent=37044"}],"wp:term":[{"taxonomy":"product_brand","embeddable":true,"href":"https:\/\/olemosaic.com\/pt-pt\/wp-json\/wp\/v2\/product_brand?post=37044"},{"taxonomy":"product_cat","embeddable":true,"href":"https:\/\/olemosaic.com\/pt-pt\/wp-json\/wp\/v2\/product_cat?post=37044"},{"taxonomy":"product_tag","embeddable":true,"href":"https:\/\/olemosaic.com\/pt-pt\/wp-json\/wp\/v2\/product_tag?post=37044"}],"curies":[{"name":"wp","href":"https:\/\/api.w.org\/{rel}","templated":true}]}}