{"id":37043,"date":"2025-02-20T23:36:42","date_gmt":"2025-02-20T22:36:42","guid":{"rendered":"http:\/\/olemosaic.com\/producto\/botella-inox-500-ml-mosaico-2\/"},"modified":"2025-07-25T18:36:16","modified_gmt":"2025-07-25T16:36:16","slug":"garrafa-inox-500-ml-mosaico-fecho-hermetico","status":"publish","type":"product","link":"https:\/\/olemosaic.com\/pt-pt\/produto\/garrafa-inox-500-ml-mosaico-fecho-hermetico\/","title":{"rendered":"Garrafa inox. 500 ml. Mosaico. Fecho herm\u00e9tico de a\u00e7o."},"content":{"rendered":"<p>Apresentamos a garrafa de a\u00e7o inoxid\u00e1vel de 500 ml, um acess\u00f3rio elegante que une funcionalidade e um design vibrante inspirado na rica tradi\u00e7\u00e3o cultural mediterr\u00e2nica. Esta garrafa n\u00e3o \u00e9 apenas pr\u00e1tica, mas \u00e9 tamb\u00e9m uma homenagem art\u00edstica aos coloridos mosaicos que adornam as ruas e edif\u00edcios hist\u00f3ricos de Espanha e Portugal. A sua superf\u00edcie est\u00e1 decorada com padr\u00f5es geom\u00e9tricos intrincados em tons de azul, vermelho e amarelo, que evocam a ess\u00eancia dos azulejos espanh\u00f3is que fascinaram turistas e locais por igual.<\/p>\n<p>Com um fecho herm\u00e9tico de a\u00e7o e um pr\u00e1tico gancho, esta garrafa \u00e9 ideal para manter as suas bebidas frias ou quentes, o que a torna a companheira perfeita para atividades ao ar livre, viagens ou simplesmente para o dia a dia. Cada tra\u00e7o e cada cor refletem a arte e a cultura do Mediterr\u00e2neo, fazendo deste produto uma recorda\u00e7\u00e3o aut\u00eantica e representativa da regi\u00e3o.<\/p>\n<p>Na Ol\u00e9 Mosaic, somos especialistas na distribui\u00e7\u00e3o de souvenirs por grosso, e esta garrafa \u00e9 uma excelente op\u00e7\u00e3o para lojas de presentes tur\u00edsticos que procuram oferecer produtos de qualidade com um forte valor cultural. N\u00e3o \u00e9 apenas um souvenir funcional, mas tamb\u00e9m um peda\u00e7o de hist\u00f3ria e arte que os turistas querer\u00e3o levar consigo.<\/p>\n","protected":false},"excerpt":{"rendered":"<p>Garrafa de a\u00e7o inoxid\u00e1vel de 500 ml decorada com um design vibrante de mosaicos inspirado na cultura mediterr\u00e2nica. Esta elegante garrafa apresenta uma superf\u00edcie adornada com coloridos padr\u00f5es geom\u00e9tricos em tons de azul, vermelho e amarelo, evocando a tradi\u00e7\u00e3o art\u00edstica dos azulejos espanh\u00f3is. O seu fecho herm\u00e9tico de a\u00e7o e o seu pr\u00e1tico gancho tornam-na num acess\u00f3rio ideal para manter as suas bebidas frias ou quentes, fundindo funcionalidade e estilo.<\/p>\n","protected":false},"featured_media":9779,"template":"","meta":{"_acf_changed":false},"product_brand":[],"product_cat":[786],"product_tag":[],"class_list":{"0":"post-37043","1":"product","2":"type-product","3":"status-publish","4":"has-post-thumbnail","6":"product_cat-garrafas-inox","7":"pa_motivo-mosaico","9":"first","10":"instock","11":"shipping-taxable","12":"product-type-simple"},"acf":[],"_links":{"self":[{"href":"https:\/\/olemosaic.com\/pt-pt\/wp-json\/wp\/v2\/product\/37043","targetHints":{"allow":["GET"]}}],"collection":[{"href":"https:\/\/olemosaic.com\/pt-pt\/wp-json\/wp\/v2\/product"}],"about":[{"href":"https:\/\/olemosaic.com\/pt-pt\/wp-json\/wp\/v2\/types\/product"}],"wp:featuredmedia":[{"embeddable":true,"href":"https:\/\/olemosaic.com\/pt-pt\/wp-json\/wp\/v2\/media\/9779"}],"wp:attachment":[{"href":"https:\/\/olemosaic.com\/pt-pt\/wp-json\/wp\/v2\/media?parent=37043"}],"wp:term":[{"taxonomy":"product_brand","embeddable":true,"href":"https:\/\/olemosaic.com\/pt-pt\/wp-json\/wp\/v2\/product_brand?post=37043"},{"taxonomy":"product_cat","embeddable":true,"href":"https:\/\/olemosaic.com\/pt-pt\/wp-json\/wp\/v2\/product_cat?post=37043"},{"taxonomy":"product_tag","embeddable":true,"href":"https:\/\/olemosaic.com\/pt-pt\/wp-json\/wp\/v2\/product_tag?post=37043"}],"curies":[{"name":"wp","href":"https:\/\/api.w.org\/{rel}","templated":true}]}}